{"id":124,"date":"2021-11-15T22:40:37","date_gmt":"2021-11-15T22:40:37","guid":{"rendered":"https:\/\/www.knowingyou.be\/?page_id=124"},"modified":"2025-10-21T19:01:40","modified_gmt":"2025-10-21T19:01:40","slug":"accompagnement","status":"publish","type":"page","link":"https:\/\/www.knowingyou.be\/nl\/accompagnement\/","title":{"rendered":"Begeleiding"},"content":{"rendered":"<p>Ontdek mijn aanpak via therapeutische massage, coaching en psycho-lichamelijke therapie.<\/p>\n<p>L&rsquo;accompagnement que je vous propose se d\u00e9cline sous diff\u00e9rentes formes.<\/p>\n<p>En fonction de votre besoin, de l&rsquo;\u00e9volution de celui-ci, de ce que vous traversez dans votre quotidien, nous d\u00e9terminerons ensemble le type d&rsquo;accompagnement et d&rsquo;approche le plus adapt\u00e9.<\/p>\n\t\t\t<a href=\"https:\/\/www.knowingyou.be\/nl\/mon-approche\/\" target=\"_self\" rel=\"noopener\">\n\t\t\t\t\t\t\tMijn benadering\n\t\t\t\t\t<\/a>\n\t\t\t<a href=\"https:\/\/www.knowingyou.be\/nl\/pour-qui\/\" target=\"_self\" rel=\"noopener\">\n\t\t\t\t\t\t\tVoor wie?\n\t\t\t\t\t<\/a>\n\t\t\t<a href=\"https:\/\/www.knowingyou.be\/nl\/benefices-de-cet-accompagnement\/\" target=\"_self\" rel=\"noopener\">\n\t\t\t\t\t\t\tGunstige effecten van deze ondersteuning\n\t\t\t\t\t<\/a>\n\t\t\t<a href=\"https:\/\/www.knowingyou.be\/nl\/combien-de-temps-dure-ce-type-daccompagnement\/\" target=\"_self\" rel=\"noopener\">\n\t\t\t\t\t\t\tDuur van de ondersteuning\n\t\t\t\t\t<\/a>\n\t<h4>Int\u00e9ress\u00e9(e) ? Cliquez sur les diff\u00e9rentes \u00ab\u00a0approches\u00a0\u00bb pour en savoir plus<\/h4>\n\t\t\t\t<a href=\"https:\/\/www.knowingyou.be\/nl\/coaching\/\" target=\"_self\" itemprop=\"url\" rel=\"noopener\">\n\t\t\t\t<img data-recalc-dims=\"1\" decoding=\"async\" src=\"https:\/\/i0.wp.com\/www.knowingyou.be\/wp-content\/uploads\/2021\/10\/coaching_conseils_logo.png?resize=150%2C150&#038;ssl=1\" alt=\"Coaching et conseils\/consultance RH\" itemprop=\"image\" height=\"150\" width=\"150\" title=\"coaching_conseils_logo\" onerror=\"this.style.display='none'\" loading='lazy' \/>\n\t\t\t\t<\/a>\n<h2>\n\t\t<a href=\"https:\/\/www.knowingyou.be\/nl\/coaching\/\" title=\"Coaching en advies \/ HR Consultancy\" target=\"_self\" rel=\"noopener\">\n\t\t\tCoaching en advies \/ HR Consultancy\t\t<\/a>\n\t<\/h2>\n\t\n<br \/>\nForme d&rsquo;accompagnement qui se concentre davantage sur la parole, sur un \u00e9change pour vous aider \u00e0 progresser dans votre parcours gr\u00e2ce \u00e0 diverses techniques comme le questionnement,\n\t\t\t\t<a href=\"https:\/\/www.knowingyou.be\/nl\/massages\/\" target=\"_self\" itemprop=\"url\" rel=\"noopener\">\n\t\t\t\t<img data-recalc-dims=\"1\" height=\"150\" width=\"150\" decoding=\"async\" src=\"https:\/\/i0.wp.com\/www.knowingyou.be\/wp-content\/uploads\/2021\/12\/image-e1639063718346-150x150.png?resize=150%2C150&#038;ssl=1\" alt=\"image\" itemprop=\"image\" title=\"image\" onerror=\"this.style.display='none'\" loading='lazy' \/>\n\t\t\t\t<\/a>\n<h2>\n\t\t<a href=\"https:\/\/www.knowingyou.be\/nl\/massages\/\" title=\"Ontspannende oliemassage en aromatherapie met warme oli\u00ebn\" target=\"_self\" rel=\"noopener\">\n\t\t\tOntspannende oliemassage en aromatherapie met warme oli\u00ebn\t\t<\/a>\n\t<\/h2>\n\t<p>Meer gericht op de ontspanning en volledige relaxatie van het lichaam, van kop tot teen, in een warme, omhullende en ontspannen sfeer.<\/p>\n\t\t\t\t<a href=\"https:\/\/www.knowingyou.be\/nl\/therapies\/\" target=\"_self\" itemprop=\"url\" rel=\"noopener\">\n\t\t\t\t<img data-recalc-dims=\"1\" decoding=\"async\" src=\"https:\/\/i0.wp.com\/www.knowingyou.be\/wp-content\/uploads\/2021\/10\/therapies_pyscho_logo.png?resize=150%2C150&#038;ssl=1\" alt=\"Th\u00e9rapies psycho-corporelles\" itemprop=\"image\" height=\"150\" width=\"150\" title=\"therapies_pyscho_logo\" onerror=\"this.style.display='none'\" loading='lazy' \/>\n\t\t\t\t<\/a>\n<h2>\n\t\t<a href=\"https:\/\/www.knowingyou.be\/nl\/therapies\/\" title=\"Pyscho-lichaams-, emotionele en energetische therapie\" target=\"_self\" rel=\"noopener\">\n\t\t\tPyscho-lichaams-, emotionele en energetische therapie\t\t<\/a>\n\t<\/h2>\n\t&nbsp;<br \/>\n&nbsp;\n<p>Accueille notre \u00eatre par une approche qui favorise l&rsquo;unit\u00e9 de notre moi et tend \u00e0 harmoniser<\/p>\n\t<h4><a href=\"https:\/\/www.knowingyou.be\/nl\/contact\/\">Of contacteer mij hier!<\/a><\/h4>","protected":false},"excerpt":{"rendered":"<p>D\u00e9couvrez mon approche \u00e0 travers le massage th\u00e9rapeutique, le coaching et la th\u00e9rapie psycho-corporelle. L&rsquo;accompagnement que je vous propose se d\u00e9cline sous diff\u00e9rentes formes. En fonction de votre besoin, de l&rsquo;\u00e9volution de celui-ci, de ce que vous traversez dans votre quotidien, nous d\u00e9terminerons ensemble le type d&rsquo;accompagnement et d&rsquo;approche le [&hellip;]<\/p>\n","protected":false},"author":1,"featured_media":0,"parent":0,"menu_order":0,"comment_status":"closed","ping_status":"closed","template":"page-templates\/template-fullwidth.php","meta":{"footnotes":""},"class_list":["post-124","page","type-page","status-publish","hentry"],"yoast_head":"<!-- This site is optimized with the Yoast SEO plugin v24.5 - https:\/\/yoast.com\/wordpress\/plugins\/seo\/ -->\n<title>Accompagnement<\/title>\n<meta name=\"robots\" content=\"index, follow, max-snippet:-1, max-image-preview:large, max-video-preview:-1\" \/>\n<link rel=\"canonical\" href=\"https:\/\/www.knowingyou.be\/nl\/accompagnement\/\" \/>\n<meta property=\"og:locale\" content=\"nl_BE\" \/>\n<meta property=\"og:type\" content=\"article\" \/>\n<meta property=\"og:title\" content=\"Accompagnement\" \/>\n<meta property=\"og:description\" content=\"D\u00e9couvrez mon approche \u00e0 travers le massage th\u00e9rapeutique, le coaching et la th\u00e9rapie psycho-corporelle. L&rsquo;accompagnement que je vous propose se d\u00e9cline sous diff\u00e9rentes formes. En fonction de votre besoin, de l&rsquo;\u00e9volution de celui-ci, de ce que vous traversez dans votre quotidien, nous d\u00e9terminerons ensemble le type d&rsquo;accompagnement et d&rsquo;approche le [&hellip;]\" \/>\n<meta property=\"og:url\" content=\"https:\/\/www.knowingyou.be\/nl\/accompagnement\/\" \/>\n<meta property=\"og:site_name\" content=\"Knowing You\" \/>\n<meta property=\"article:publisher\" content=\"https:\/\/www.facebook.com\/SeverineCauchie\" \/>\n<meta property=\"article:modified_time\" content=\"2025-10-21T19:01:40+00:00\" \/>\n<meta property=\"og:image\" content=\"https:\/\/www.knowingyou.be\/wp-content\/uploads\/2021\/10\/coaching_conseils_logo.png\" \/>\n<meta name=\"twitter:card\" content=\"summary_large_image\" \/>\n<meta name=\"twitter:label1\" content=\"Geschatte leestijd\" \/>\n\t<meta name=\"twitter:data1\" content=\"2 minuten\" \/>\n<script type=\"application\/ld+json\" class=\"yoast-schema-graph\">{\"@context\":\"https:\/\/schema.org\",\"@graph\":[{\"@type\":\"WebPage\",\"@id\":\"https:\/\/www.knowingyou.be\/accompagnement\/\",\"url\":\"https:\/\/www.knowingyou.be\/accompagnement\/\",\"name\":\"Accompagnement\",\"isPartOf\":{\"@id\":\"https:\/\/www.knowingyou.be\/#website\"},\"primaryImageOfPage\":{\"@id\":\"https:\/\/www.knowingyou.be\/accompagnement\/#primaryimage\"},\"image\":{\"@id\":\"https:\/\/www.knowingyou.be\/accompagnement\/#primaryimage\"},\"thumbnailUrl\":\"https:\/\/www.knowingyou.be\/wp-content\/uploads\/2021\/10\/coaching_conseils_logo.png\",\"datePublished\":\"2021-11-15T22:40:37+00:00\",\"dateModified\":\"2025-10-21T19:01:40+00:00\",\"breadcrumb\":{\"@id\":\"https:\/\/www.knowingyou.be\/accompagnement\/#breadcrumb\"},\"inLanguage\":\"nl-BE\",\"potentialAction\":[{\"@type\":\"ReadAction\",\"target\":[\"https:\/\/www.knowingyou.be\/accompagnement\/\"]}]},{\"@type\":\"ImageObject\",\"inLanguage\":\"nl-BE\",\"@id\":\"https:\/\/www.knowingyou.be\/accompagnement\/#primaryimage\",\"url\":\"https:\/\/www.knowingyou.be\/wp-content\/uploads\/2021\/10\/coaching_conseils_logo.png\",\"contentUrl\":\"https:\/\/www.knowingyou.be\/wp-content\/uploads\/2021\/10\/coaching_conseils_logo.png\"},{\"@type\":\"BreadcrumbList\",\"@id\":\"https:\/\/www.knowingyou.be\/accompagnement\/#breadcrumb\",\"itemListElement\":[{\"@type\":\"ListItem\",\"position\":1,\"name\":\"Home\",\"item\":\"https:\/\/www.knowingyou.be\/\"},{\"@type\":\"ListItem\",\"position\":2,\"name\":\"Accompagnement\"}]},{\"@type\":\"WebSite\",\"@id\":\"https:\/\/www.knowingyou.be\/#website\",\"url\":\"https:\/\/www.knowingyou.be\/\",\"name\":\"Knowing You\",\"description\":\"\",\"publisher\":{\"@id\":\"https:\/\/www.knowingyou.be\/#organization\"},\"potentialAction\":[{\"@type\":\"SearchAction\",\"target\":{\"@type\":\"EntryPoint\",\"urlTemplate\":\"https:\/\/www.knowingyou.be\/?s={search_term_string}\"},\"query-input\":{\"@type\":\"PropertyValueSpecification\",\"valueRequired\":true,\"valueName\":\"search_term_string\"}}],\"inLanguage\":\"nl-BE\"},{\"@type\":\"Organization\",\"@id\":\"https:\/\/www.knowingyou.be\/#organization\",\"name\":\"Knowing You\",\"url\":\"https:\/\/www.knowingyou.be\/\",\"logo\":{\"@type\":\"ImageObject\",\"inLanguage\":\"nl-BE\",\"@id\":\"https:\/\/www.knowingyou.be\/#\/schema\/logo\/image\/\",\"url\":\"https:\/\/i2.wp.com\/www.knowingyou.be\/wp-content\/uploads\/2021\/12\/Copy-of-Copie-de-Copie-de-Ajouter-un-sous-titre.png?fit=500%2C500&ssl=1\",\"contentUrl\":\"https:\/\/i2.wp.com\/www.knowingyou.be\/wp-content\/uploads\/2021\/12\/Copy-of-Copie-de-Copie-de-Ajouter-un-sous-titre.png?fit=500%2C500&ssl=1\",\"width\":500,\"height\":500,\"caption\":\"Knowing You\"},\"image\":{\"@id\":\"https:\/\/www.knowingyou.be\/#\/schema\/logo\/image\/\"},\"sameAs\":[\"https:\/\/www.facebook.com\/SeverineCauchie\",\"https:\/\/www.linkedin.com\/in\/severinecauchie\"]}]}<\/script>\n<!-- \/ Yoast SEO plugin. -->","yoast_head_json":{"title":"Begeleiding","robots":{"index":"index","follow":"follow","max-snippet":"max-snippet:-1","max-image-preview":"max-image-preview:large","max-video-preview":"max-video-preview:-1"},"canonical":"https:\/\/www.knowingyou.be\/nl\/accompagnement\/","og_locale":"nl_BE","og_type":"article","og_title":"Accompagnement","og_description":"D\u00e9couvrez mon approche \u00e0 travers le massage th\u00e9rapeutique, le coaching et la th\u00e9rapie psycho-corporelle. L&rsquo;accompagnement que je vous propose se d\u00e9cline sous diff\u00e9rentes formes. En fonction de votre besoin, de l&rsquo;\u00e9volution de celui-ci, de ce que vous traversez dans votre quotidien, nous d\u00e9terminerons ensemble le type d&rsquo;accompagnement et d&rsquo;approche le [&hellip;]","og_url":"https:\/\/www.knowingyou.be\/nl\/accompagnement\/","og_site_name":"Knowing You","article_publisher":"https:\/\/www.facebook.com\/SeverineCauchie","article_modified_time":"2025-10-21T19:01:40+00:00","og_image":[{"url":"https:\/\/www.knowingyou.be\/wp-content\/uploads\/2021\/10\/coaching_conseils_logo.png","type":"","width":"","height":""}],"twitter_card":"summary_large_image","twitter_misc":{"Geschatte leestijd":"2 minuten"},"schema":{"@context":"https:\/\/schema.org","@graph":[{"@type":"WebPage","@id":"https:\/\/www.knowingyou.be\/accompagnement\/","url":"https:\/\/www.knowingyou.be\/accompagnement\/","name":"Begeleiding","isPartOf":{"@id":"https:\/\/www.knowingyou.be\/#website"},"primaryImageOfPage":{"@id":"https:\/\/www.knowingyou.be\/accompagnement\/#primaryimage"},"image":{"@id":"https:\/\/www.knowingyou.be\/accompagnement\/#primaryimage"},"thumbnailUrl":"https:\/\/www.knowingyou.be\/wp-content\/uploads\/2021\/10\/coaching_conseils_logo.png","datePublished":"2021-11-15T22:40:37+00:00","dateModified":"2025-10-21T19:01:40+00:00","breadcrumb":{"@id":"https:\/\/www.knowingyou.be\/accompagnement\/#breadcrumb"},"inLanguage":"nl-BE","potentialAction":[{"@type":"ReadAction","target":["https:\/\/www.knowingyou.be\/accompagnement\/"]}]},{"@type":"ImageObject","inLanguage":"nl-BE","@id":"https:\/\/www.knowingyou.be\/accompagnement\/#primaryimage","url":"https:\/\/www.knowingyou.be\/wp-content\/uploads\/2021\/10\/coaching_conseils_logo.png","contentUrl":"https:\/\/www.knowingyou.be\/wp-content\/uploads\/2021\/10\/coaching_conseils_logo.png"},{"@type":"BreadcrumbList","@id":"https:\/\/www.knowingyou.be\/accompagnement\/#breadcrumb","itemListElement":[{"@type":"ListItem","position":1,"name":"Home","item":"https:\/\/www.knowingyou.be\/"},{"@type":"ListItem","position":2,"name":"Accompagnement"}]},{"@type":"WebSite","@id":"https:\/\/www.knowingyou.be\/#website","url":"https:\/\/www.knowingyou.be\/","name":"Knowing You","description":"","publisher":{"@id":"https:\/\/www.knowingyou.be\/#organization"},"potentialAction":[{"@type":"SearchAction","target":{"@type":"EntryPoint","urlTemplate":"https:\/\/www.knowingyou.be\/?s={search_term_string}"},"query-input":{"@type":"PropertyValueSpecification","valueRequired":true,"valueName":"search_term_string"}}],"inLanguage":"nl-BE"},{"@type":"Organization","@id":"https:\/\/www.knowingyou.be\/#organization","name":"Knowing You","url":"https:\/\/www.knowingyou.be\/","logo":{"@type":"ImageObject","inLanguage":"nl-BE","@id":"https:\/\/www.knowingyou.be\/#\/schema\/logo\/image\/","url":"https:\/\/i2.wp.com\/www.knowingyou.be\/wp-content\/uploads\/2021\/12\/Copy-of-Copie-de-Copie-de-Ajouter-un-sous-titre.png?fit=500%2C500&ssl=1","contentUrl":"https:\/\/i2.wp.com\/www.knowingyou.be\/wp-content\/uploads\/2021\/12\/Copy-of-Copie-de-Copie-de-Ajouter-un-sous-titre.png?fit=500%2C500&ssl=1","width":500,"height":500,"caption":"Knowing You"},"image":{"@id":"https:\/\/www.knowingyou.be\/#\/schema\/logo\/image\/"},"sameAs":["https:\/\/www.facebook.com\/SeverineCauchie","https:\/\/www.linkedin.com\/in\/severinecauchie"]}]}},"jetpack_sharing_enabled":true,"_links":{"self":[{"href":"https:\/\/www.knowingyou.be\/nl\/wp-json\/wp\/v2\/pages\/124","targetHints":{"allow":["GET"]}}],"collection":[{"href":"https:\/\/www.knowingyou.be\/nl\/wp-json\/wp\/v2\/pages"}],"about":[{"href":"https:\/\/www.knowingyou.be\/nl\/wp-json\/wp\/v2\/types\/page"}],"author":[{"embeddable":true,"href":"https:\/\/www.knowingyou.be\/nl\/wp-json\/wp\/v2\/users\/1"}],"replies":[{"embeddable":true,"href":"https:\/\/www.knowingyou.be\/nl\/wp-json\/wp\/v2\/comments?post=124"}],"version-history":[{"count":34,"href":"https:\/\/www.knowingyou.be\/nl\/wp-json\/wp\/v2\/pages\/124\/revisions"}],"predecessor-version":[{"id":470,"href":"https:\/\/www.knowingyou.be\/nl\/wp-json\/wp\/v2\/pages\/124\/revisions\/470"}],"wp:attachment":[{"href":"https:\/\/www.knowingyou.be\/nl\/wp-json\/wp\/v2\/media?parent=124"}],"curies":[{"name":"wp","href":"https:\/\/api.w.org\/{rel}","templated":true}]}}