{"id":136,"date":"2021-11-22T22:41:14","date_gmt":"2021-11-22T22:41:14","guid":{"rendered":"https:\/\/www.knowingyou.be\/?page_id=136"},"modified":"2025-12-22T21:22:52","modified_gmt":"2025-12-22T21:22:52","slug":"coaching","status":"publish","type":"page","link":"https:\/\/www.knowingyou.be\/nl\/coaching\/","title":{"rendered":"Coaching en HR Advies"},"content":{"rendered":"<p>Le coaching et les conseils RH sont un type d&rsquo;accompagnement plut\u00f4t ax\u00e9 sur la parole, sur un \u00e9change afin de vous faire progresser dans votre cheminement par diff\u00e9rentes techniques telles que le questionnement, des exercices de r\u00e9flexion au travers de diff\u00e9rents outils issus des neurosciences, de la PNL (programmation neuro-linguistique), de l&rsquo;analyse transactionnelle, de la mindfulness, &#8230; <\/p>\n\t\t\t\t<img data-recalc-dims=\"1\" decoding=\"async\" src=\"https:\/\/i0.wp.com\/www.knowingyou.be\/wp-content\/uploads\/2021\/12\/Severine_HD_03-scaled.jpg?resize=750%2C500&#038;ssl=1\" alt=\"Severine_HD_03\" itemprop=\"image\" height=\"500\" width=\"750\" title=\"Severine_HD_03\" onerror=\"this.style.display='none'\" loading='lazy' \/>\n\t\t\t\t<img data-recalc-dims=\"1\" decoding=\"async\" src=\"https:\/\/i0.wp.com\/www.knowingyou.be\/wp-content\/uploads\/content\/Severine_HD_24-scaled.jpg?resize=750%2C1125&#038;ssl=1\" alt=\"Severine_HD_24\" itemprop=\"image\" height=\"1125\" width=\"750\" title=\"Severine_HD_24\" onerror=\"this.style.display='none'\" loading='lazy' \/>\n\t\t\t\t<img data-recalc-dims=\"1\" decoding=\"async\" src=\"https:\/\/i0.wp.com\/www.knowingyou.be\/wp-content\/plugins\/beaver-builder-lite-version\/img\/pixel.png?w=750&#038;ssl=1\" alt=\"\" itemprop=\"image\" onerror=\"this.style.display='none'\" loading='lazy' \/>\n\t<p>Le but \u00e9tant de vous amener \u00e0 d\u00e9couvrir votre potentiel en vous ouvrant le champ des possibles, en clarifiant avec vous vos objectifs d\u00e8s le d\u00e9part afin de vous conduire vers une autonomie et vers l&rsquo;atteinte de r\u00e9sultats concrets. Le coaching se veut responsabilisant, dans un cadre de confidentialit\u00e9, d&rsquo;ouverture, d&rsquo;apprentissage, de feedback, de construction et d&rsquo;honn\u00eatet\u00e9.<\/p>\n<p>Le coaching est une d\u00e9marche bas\u00e9e sur l&rsquo;objectif que vous vous \u00eates fix\u00e9 et qui se veut pratico-pratique et concr\u00e8te.<\/p>\n<h2>\n\t\t\tVoorgestelde types van coaching:\t<\/h2>\n<h3>\n\t\t\tLoopbaancoaching \/ loopbaanherori\u00ebntatie\t<\/h3>\n<h3>\n\t\t\tCoaching bij stress en burn-out\t<\/h3>\n<h3>\n\t\t\tPersoonlijke ontwikkeling coaching\t<\/h3>\n\t\t\t<a href=\"https:\/\/www.knowingyou.be\/nl\/interesse\/\" target=\"_self\" rel=\"noopener\">\n\t\t\t\t\t\t\tContacteer mij\n\t\t\t\t\t<\/a>\n\t\t\t<a href=\"https:\/\/www.knowingyou.be\/nl\/accompagnement\/\" target=\"_self\" rel=\"noopener\">\n\t\t\t\t\t\t\tPlus d&rsquo;informations\n\t\t\t\t\t<\/a>","protected":false},"excerpt":{"rendered":"<p>Le coaching et les conseils RH sont un type d&rsquo;accompagnement plut\u00f4t ax\u00e9 sur la parole, sur un \u00e9change afin de vous faire progresser dans votre cheminement par diff\u00e9rentes techniques telles que le questionnement, des exercices de r\u00e9flexion au travers de diff\u00e9rents outils issus des neurosciences, de la PNL (programmation neuro-linguistique), [&hellip;]<\/p>\n","protected":false},"author":1,"featured_media":0,"parent":0,"menu_order":0,"comment_status":"closed","ping_status":"closed","template":"","meta":{"footnotes":""},"class_list":["post-136","page","type-page","status-publish","hentry"],"yoast_head":"<!-- This site is optimized with the Yoast SEO plugin v24.5 - https:\/\/yoast.com\/wordpress\/plugins\/seo\/ -->\n<title>Coaching et Conseils RH<\/title>\n<meta name=\"description\" content=\"Forme d&#039;accompagnement qui se concentre davantage sur la parole, sur un \u00e9change pour vous aider \u00e0 progresser dans votre parcours gr\u00e2ce \u00e0 diverses techniques comme le questionnement,\" \/>\n<meta name=\"robots\" content=\"index, follow, max-snippet:-1, max-image-preview:large, max-video-preview:-1\" \/>\n<link rel=\"canonical\" href=\"https:\/\/www.knowingyou.be\/nl\/coaching\/\" \/>\n<meta property=\"og:locale\" content=\"nl_BE\" \/>\n<meta property=\"og:type\" content=\"article\" \/>\n<meta property=\"og:title\" content=\"Coaching et Conseils RH\" \/>\n<meta property=\"og:description\" content=\"Forme d&#039;accompagnement qui se concentre davantage sur la parole, sur un \u00e9change pour vous aider \u00e0 progresser dans votre parcours gr\u00e2ce \u00e0 diverses techniques comme le questionnement,\" \/>\n<meta property=\"og:url\" content=\"https:\/\/www.knowingyou.be\/nl\/coaching\/\" \/>\n<meta property=\"og:site_name\" content=\"Knowing You\" \/>\n<meta property=\"article:publisher\" content=\"https:\/\/www.facebook.com\/SeverineCauchie\" \/>\n<meta property=\"article:modified_time\" content=\"2025-12-22T21:22:52+00:00\" \/>\n<meta property=\"og:image\" content=\"https:\/\/www.knowingyou.be\/wp-content\/uploads\/2021\/12\/Severine_HD_03-scaled.jpg\" \/>\n<meta name=\"twitter:card\" content=\"summary_large_image\" \/>\n<meta name=\"twitter:label1\" content=\"Geschatte leestijd\" \/>\n\t<meta name=\"twitter:data1\" content=\"2 minuten\" \/>\n<script type=\"application\/ld+json\" class=\"yoast-schema-graph\">{\"@context\":\"https:\/\/schema.org\",\"@graph\":[{\"@type\":\"WebPage\",\"@id\":\"https:\/\/www.knowingyou.be\/coaching\/\",\"url\":\"https:\/\/www.knowingyou.be\/coaching\/\",\"name\":\"Coaching et Conseils RH\",\"isPartOf\":{\"@id\":\"https:\/\/www.knowingyou.be\/#website\"},\"primaryImageOfPage\":{\"@id\":\"https:\/\/www.knowingyou.be\/coaching\/#primaryimage\"},\"image\":{\"@id\":\"https:\/\/www.knowingyou.be\/coaching\/#primaryimage\"},\"thumbnailUrl\":\"https:\/\/www.knowingyou.be\/wp-content\/uploads\/2021\/12\/Severine_HD_03-scaled.jpg\",\"datePublished\":\"2021-11-22T22:41:14+00:00\",\"dateModified\":\"2025-12-22T21:22:52+00:00\",\"description\":\"Forme d'accompagnement qui se concentre davantage sur la parole, sur un \u00e9change pour vous aider \u00e0 progresser dans votre parcours gr\u00e2ce \u00e0 diverses techniques comme le questionnement,\",\"breadcrumb\":{\"@id\":\"https:\/\/www.knowingyou.be\/coaching\/#breadcrumb\"},\"inLanguage\":\"nl-BE\",\"potentialAction\":[{\"@type\":\"ReadAction\",\"target\":[\"https:\/\/www.knowingyou.be\/coaching\/\"]}]},{\"@type\":\"ImageObject\",\"inLanguage\":\"nl-BE\",\"@id\":\"https:\/\/www.knowingyou.be\/coaching\/#primaryimage\",\"url\":\"https:\/\/www.knowingyou.be\/wp-content\/uploads\/2021\/12\/Severine_HD_03-scaled.jpg\",\"contentUrl\":\"https:\/\/www.knowingyou.be\/wp-content\/uploads\/2021\/12\/Severine_HD_03-scaled.jpg\"},{\"@type\":\"BreadcrumbList\",\"@id\":\"https:\/\/www.knowingyou.be\/coaching\/#breadcrumb\",\"itemListElement\":[{\"@type\":\"ListItem\",\"position\":1,\"name\":\"Home\",\"item\":\"https:\/\/www.knowingyou.be\/\"},{\"@type\":\"ListItem\",\"position\":2,\"name\":\"Coaching et Conseils RH\"}]},{\"@type\":\"WebSite\",\"@id\":\"https:\/\/www.knowingyou.be\/#website\",\"url\":\"https:\/\/www.knowingyou.be\/\",\"name\":\"Knowing You\",\"description\":\"\",\"publisher\":{\"@id\":\"https:\/\/www.knowingyou.be\/#organization\"},\"potentialAction\":[{\"@type\":\"SearchAction\",\"target\":{\"@type\":\"EntryPoint\",\"urlTemplate\":\"https:\/\/www.knowingyou.be\/?s={search_term_string}\"},\"query-input\":{\"@type\":\"PropertyValueSpecification\",\"valueRequired\":true,\"valueName\":\"search_term_string\"}}],\"inLanguage\":\"nl-BE\"},{\"@type\":\"Organization\",\"@id\":\"https:\/\/www.knowingyou.be\/#organization\",\"name\":\"Knowing You\",\"url\":\"https:\/\/www.knowingyou.be\/\",\"logo\":{\"@type\":\"ImageObject\",\"inLanguage\":\"nl-BE\",\"@id\":\"https:\/\/www.knowingyou.be\/#\/schema\/logo\/image\/\",\"url\":\"https:\/\/i2.wp.com\/www.knowingyou.be\/wp-content\/uploads\/2021\/12\/Copy-of-Copie-de-Copie-de-Ajouter-un-sous-titre.png?fit=500%2C500&ssl=1\",\"contentUrl\":\"https:\/\/i2.wp.com\/www.knowingyou.be\/wp-content\/uploads\/2021\/12\/Copy-of-Copie-de-Copie-de-Ajouter-un-sous-titre.png?fit=500%2C500&ssl=1\",\"width\":500,\"height\":500,\"caption\":\"Knowing You\"},\"image\":{\"@id\":\"https:\/\/www.knowingyou.be\/#\/schema\/logo\/image\/\"},\"sameAs\":[\"https:\/\/www.facebook.com\/SeverineCauchie\",\"https:\/\/www.linkedin.com\/in\/severinecauchie\"]}]}<\/script>\n<!-- \/ Yoast SEO plugin. -->","yoast_head_json":{"title":"Coaching en HR Advies","description":"Een vorm van ondersteuning die meer gericht is op praten, op een uitwisseling om u te helpen vooruitgang te boeken op uw reis door middel van verschillende technieken zoals vragen stellen.","robots":{"index":"index","follow":"follow","max-snippet":"max-snippet:-1","max-image-preview":"max-image-preview:large","max-video-preview":"max-video-preview:-1"},"canonical":"https:\/\/www.knowingyou.be\/nl\/coaching\/","og_locale":"nl_BE","og_type":"article","og_title":"Coaching et Conseils RH","og_description":"Forme d'accompagnement qui se concentre davantage sur la parole, sur un \u00e9change pour vous aider \u00e0 progresser dans votre parcours gr\u00e2ce \u00e0 diverses techniques comme le questionnement,","og_url":"https:\/\/www.knowingyou.be\/nl\/coaching\/","og_site_name":"Knowing You","article_publisher":"https:\/\/www.facebook.com\/SeverineCauchie","article_modified_time":"2025-12-22T21:22:52+00:00","og_image":[{"url":"https:\/\/www.knowingyou.be\/wp-content\/uploads\/2021\/12\/Severine_HD_03-scaled.jpg","type":"","width":"","height":""}],"twitter_card":"summary_large_image","twitter_misc":{"Geschatte leestijd":"2 minuten"},"schema":{"@context":"https:\/\/schema.org","@graph":[{"@type":"WebPage","@id":"https:\/\/www.knowingyou.be\/coaching\/","url":"https:\/\/www.knowingyou.be\/coaching\/","name":"Coaching en HR Advies","isPartOf":{"@id":"https:\/\/www.knowingyou.be\/#website"},"primaryImageOfPage":{"@id":"https:\/\/www.knowingyou.be\/coaching\/#primaryimage"},"image":{"@id":"https:\/\/www.knowingyou.be\/coaching\/#primaryimage"},"thumbnailUrl":"https:\/\/www.knowingyou.be\/wp-content\/uploads\/2021\/12\/Severine_HD_03-scaled.jpg","datePublished":"2021-11-22T22:41:14+00:00","dateModified":"2025-12-22T21:22:52+00:00","description":"Een vorm van ondersteuning die meer gericht is op praten, op een uitwisseling om u te helpen vooruitgang te boeken op uw reis door middel van verschillende technieken zoals vragen stellen.","breadcrumb":{"@id":"https:\/\/www.knowingyou.be\/coaching\/#breadcrumb"},"inLanguage":"nl-BE","potentialAction":[{"@type":"ReadAction","target":["https:\/\/www.knowingyou.be\/coaching\/"]}]},{"@type":"ImageObject","inLanguage":"nl-BE","@id":"https:\/\/www.knowingyou.be\/coaching\/#primaryimage","url":"https:\/\/www.knowingyou.be\/wp-content\/uploads\/2021\/12\/Severine_HD_03-scaled.jpg","contentUrl":"https:\/\/www.knowingyou.be\/wp-content\/uploads\/2021\/12\/Severine_HD_03-scaled.jpg"},{"@type":"BreadcrumbList","@id":"https:\/\/www.knowingyou.be\/coaching\/#breadcrumb","itemListElement":[{"@type":"ListItem","position":1,"name":"Home","item":"https:\/\/www.knowingyou.be\/"},{"@type":"ListItem","position":2,"name":"Coaching et Conseils RH"}]},{"@type":"WebSite","@id":"https:\/\/www.knowingyou.be\/#website","url":"https:\/\/www.knowingyou.be\/","name":"Knowing You","description":"","publisher":{"@id":"https:\/\/www.knowingyou.be\/#organization"},"potentialAction":[{"@type":"SearchAction","target":{"@type":"EntryPoint","urlTemplate":"https:\/\/www.knowingyou.be\/?s={search_term_string}"},"query-input":{"@type":"PropertyValueSpecification","valueRequired":true,"valueName":"search_term_string"}}],"inLanguage":"nl-BE"},{"@type":"Organization","@id":"https:\/\/www.knowingyou.be\/#organization","name":"Knowing You","url":"https:\/\/www.knowingyou.be\/","logo":{"@type":"ImageObject","inLanguage":"nl-BE","@id":"https:\/\/www.knowingyou.be\/#\/schema\/logo\/image\/","url":"https:\/\/i2.wp.com\/www.knowingyou.be\/wp-content\/uploads\/2021\/12\/Copy-of-Copie-de-Copie-de-Ajouter-un-sous-titre.png?fit=500%2C500&ssl=1","contentUrl":"https:\/\/i2.wp.com\/www.knowingyou.be\/wp-content\/uploads\/2021\/12\/Copy-of-Copie-de-Copie-de-Ajouter-un-sous-titre.png?fit=500%2C500&ssl=1","width":500,"height":500,"caption":"Knowing You"},"image":{"@id":"https:\/\/www.knowingyou.be\/#\/schema\/logo\/image\/"},"sameAs":["https:\/\/www.facebook.com\/SeverineCauchie","https:\/\/www.linkedin.com\/in\/severinecauchie"]}]}},"jetpack_sharing_enabled":true,"_links":{"self":[{"href":"https:\/\/www.knowingyou.be\/nl\/wp-json\/wp\/v2\/pages\/136","targetHints":{"allow":["GET"]}}],"collection":[{"href":"https:\/\/www.knowingyou.be\/nl\/wp-json\/wp\/v2\/pages"}],"about":[{"href":"https:\/\/www.knowingyou.be\/nl\/wp-json\/wp\/v2\/types\/page"}],"author":[{"embeddable":true,"href":"https:\/\/www.knowingyou.be\/nl\/wp-json\/wp\/v2\/users\/1"}],"replies":[{"embeddable":true,"href":"https:\/\/www.knowingyou.be\/nl\/wp-json\/wp\/v2\/comments?post=136"}],"version-history":[{"count":21,"href":"https:\/\/www.knowingyou.be\/nl\/wp-json\/wp\/v2\/pages\/136\/revisions"}],"predecessor-version":[{"id":455,"href":"https:\/\/www.knowingyou.be\/nl\/wp-json\/wp\/v2\/pages\/136\/revisions\/455"}],"wp:attachment":[{"href":"https:\/\/www.knowingyou.be\/nl\/wp-json\/wp\/v2\/media?parent=136"}],"curies":[{"name":"wp","href":"https:\/\/api.w.org\/{rel}","templated":true}]}}