{"id":143,"date":"2021-11-23T16:18:08","date_gmt":"2021-11-23T16:18:08","guid":{"rendered":"https:\/\/www.knowingyou.be\/?page_id=143"},"modified":"2025-10-11T17:45:41","modified_gmt":"2025-10-11T17:45:41","slug":"massages","status":"publish","type":"page","link":"https:\/\/www.knowingyou.be\/nl\/massages\/","title":{"rendered":"Therapeutische Massages"},"content":{"rendered":"<p>Ik bied verschillende soorten massages aan:<\/p>\n\t<p><strong>De therapeutische en ontspannende massage met warme oli\u00ebn<\/strong><\/p>\n<p>Gericht op volledige ontspanning van lichaam en geest, van top tot teen of op een specifiek lichaamsdeel (afhankelijk van de gewenste focus), in een warme, omhullende en ontspannen sfeer.<\/p>\n<p>Ma technique initiale de massage est bas\u00e9e sur le massage tha\u00eflandais, relaxant, profond, aux huiles bio chaudes avec ou sans huiles essentielles. Il est \u00e9galement bas\u00e9 sur d&rsquo;autres techniques de massage acquises tout au long de mes 4 ans de formation en tant que th\u00e9rapeute psycho-corporelle\u00a0: le massage peut donc \u00eatre tr\u00e8s lent et profond comme dynamique et \u00e9nergisant en fonction de votre souhait.<\/p>\n<p>Le choix des huiles essentielles est cibl\u00e9 en fonction de votre intention: rel\u00e2chement des tensions physiques et mentales, d\u00e9tente musculaire, regain de tonus et d&rsquo;\u00e9nergie, \u00e9quilibre et ancrage, &#8230;<\/p>\n\t\t\t\t<img data-recalc-dims=\"1\" decoding=\"async\" src=\"https:\/\/i0.wp.com\/www.knowingyou.be\/wp-content\/uploads\/2021\/11\/Severine_HD_13-scaled.jpg?resize=750%2C500&#038;ssl=1\" alt=\"Severine_HD_13\" itemprop=\"image\" height=\"500\" width=\"750\" title=\"Severine_HD_13\" onerror=\"this.style.display='none'\" loading='lazy' \/>\n\t\t\t\t<img data-recalc-dims=\"1\" decoding=\"async\" src=\"https:\/\/i0.wp.com\/www.knowingyou.be\/wp-content\/uploads\/2021\/12\/image.png?w=750&#038;ssl=1\" alt=\"image\" itemprop=\"image\" title=\"image\" onerror=\"this.style.display='none'\" loading='lazy' \/>\n\t\t\t\t<img data-recalc-dims=\"1\" decoding=\"async\" src=\"https:\/\/i0.wp.com\/www.knowingyou.be\/wp-content\/uploads\/2021\/11\/Severine_HD_08-scaled.jpg?resize=750%2C1125&#038;ssl=1\" alt=\"Severine_HD_08\" itemprop=\"image\" height=\"1125\" width=\"750\" title=\"Severine_HD_08\" onerror=\"this.style.display='none'\" loading='lazy' \/>\n\t<p><strong>De energetische massage<\/strong><\/p>\n<p>Ce type de massage vise \u00e0 \u00e9quilibrer l&rsquo;\u00e9nergie vitale du corps, en favorisant la relaxation de ce dernier. Ces massages font appel \u00e0 des techniques douces, par des impositions des mains sur diff\u00e9rents points d&rsquo;\u00e9nergie du corps appel\u00e9s les centres \u00e9nerg\u00e9tiques, \u00ab\u00a0les chakras\u00a0\u00bb. L&rsquo;intention est de lib\u00e9rer les blocages \u00e9nerg\u00e9tiques, physiques et \u00e9motionnels, de recharger et de r\u00e9\u00e9quilibrer afin d&rsquo;apporter plus d&rsquo;harmonie entre le corps et l&rsquo;esprit. Ce type de massage s&rsquo;effectue habill\u00e9 ou peut \u00eatre int\u00e9gr\u00e9 dans le massage \u00e0 l&rsquo;huile.<\/p>\n\t<p><strong>De aangeklede massage<\/strong><\/p>\n<p>Deze massage omvat mobilisaties, druktechnieken, stretching van de ledematen en eventueel een energetisch gedeelte (zie hierboven). Ook een meer lokale massage zonder olie is mogelijk. Ze bevordert een diepe ontspanning en herverbinding met het lichaam. <\/p>\n\t\t\t<a href=\"https:\/\/www.knowingyou.be\/nl\/interesse\/\" target=\"_self\" rel=\"noopener\">\n\t\t\t\t\t\t\tContacteer mij\n\t\t\t\t\t<\/a>\n\t\t\t<a href=\"https:\/\/www.knowingyou.be\/nl\/accompagnement\/\" target=\"_self\" rel=\"noopener\">\n\t\t\t\t\t\t\tPlus d&rsquo;informations\n\t\t\t\t\t<\/a>","protected":false},"excerpt":{"rendered":"<p>Je vous propose diff\u00e9rents types de massages: Le massage th\u00e9rapeutique et relaxant aux huiles chaudes Il est ax\u00e9 sur la d\u00e9tente et la relaxation compl\u00e8te du corps, de la t\u00eate aux pieds ou une partie de celui-ci (en fonction du focus souhait\u00e9), dans une atmosph\u00e8re chaleureuse, enveloppante et d\u00e9contract\u00e9e. Ma [&hellip;]<\/p>\n","protected":false},"author":1,"featured_media":0,"parent":0,"menu_order":0,"comment_status":"closed","ping_status":"closed","template":"","meta":{"footnotes":""},"class_list":["post-143","page","type-page","status-publish","hentry"],"yoast_head":"<!-- This site is optimized with the Yoast SEO plugin v24.5 - https:\/\/yoast.com\/wordpress\/plugins\/seo\/ -->\n<title>Massages relaxants et \u00e9nerg\u00e9tiques aux huiles chaudes<\/title>\n<meta name=\"description\" content=\"Destin\u00e9 \u00e0 la d\u00e9tente et \u00e0 la relaxation compl\u00e8te du corps, de la t\u00eate aux pieds, dans une atmosph\u00e8re chaleureuse, enveloppante et d\u00e9tendue.\" \/>\n<meta name=\"robots\" content=\"index, follow, max-snippet:-1, max-image-preview:large, max-video-preview:-1\" \/>\n<link rel=\"canonical\" href=\"https:\/\/www.knowingyou.be\/nl\/massages\/\" \/>\n<meta property=\"og:locale\" content=\"nl_BE\" \/>\n<meta property=\"og:type\" content=\"article\" \/>\n<meta property=\"og:title\" content=\"Massages relaxants et \u00e9nerg\u00e9tiques aux huiles chaudes\" \/>\n<meta property=\"og:description\" content=\"Destin\u00e9 \u00e0 la d\u00e9tente et \u00e0 la relaxation compl\u00e8te du corps, de la t\u00eate aux pieds, dans une atmosph\u00e8re chaleureuse, enveloppante et d\u00e9tendue.\" \/>\n<meta property=\"og:url\" content=\"https:\/\/www.knowingyou.be\/nl\/massages\/\" \/>\n<meta property=\"og:site_name\" content=\"Knowing You\" \/>\n<meta property=\"article:publisher\" content=\"https:\/\/www.facebook.com\/SeverineCauchie\" \/>\n<meta property=\"article:modified_time\" content=\"2025-10-11T17:45:41+00:00\" \/>\n<meta property=\"og:image\" content=\"https:\/\/www.knowingyou.be\/wp-content\/uploads\/2021\/11\/Severine_HD_13-scaled.jpg\" \/>\n<meta name=\"twitter:card\" content=\"summary_large_image\" \/>\n<meta name=\"twitter:label1\" content=\"Geschatte leestijd\" \/>\n\t<meta name=\"twitter:data1\" content=\"1 minuut\" \/>\n<script type=\"application\/ld+json\" class=\"yoast-schema-graph\">{\"@context\":\"https:\/\/schema.org\",\"@graph\":[{\"@type\":\"WebPage\",\"@id\":\"https:\/\/www.knowingyou.be\/massages\/\",\"url\":\"https:\/\/www.knowingyou.be\/massages\/\",\"name\":\"Massages relaxants et \u00e9nerg\u00e9tiques aux huiles chaudes\",\"isPartOf\":{\"@id\":\"https:\/\/www.knowingyou.be\/#website\"},\"primaryImageOfPage\":{\"@id\":\"https:\/\/www.knowingyou.be\/massages\/#primaryimage\"},\"image\":{\"@id\":\"https:\/\/www.knowingyou.be\/massages\/#primaryimage\"},\"thumbnailUrl\":\"https:\/\/www.knowingyou.be\/wp-content\/uploads\/2021\/11\/Severine_HD_13-scaled.jpg\",\"datePublished\":\"2021-11-23T16:18:08+00:00\",\"dateModified\":\"2025-10-11T17:45:41+00:00\",\"description\":\"Destin\u00e9 \u00e0 la d\u00e9tente et \u00e0 la relaxation compl\u00e8te du corps, de la t\u00eate aux pieds, dans une atmosph\u00e8re chaleureuse, enveloppante et d\u00e9tendue.\",\"breadcrumb\":{\"@id\":\"https:\/\/www.knowingyou.be\/massages\/#breadcrumb\"},\"inLanguage\":\"nl-BE\",\"potentialAction\":[{\"@type\":\"ReadAction\",\"target\":[\"https:\/\/www.knowingyou.be\/massages\/\"]}]},{\"@type\":\"ImageObject\",\"inLanguage\":\"nl-BE\",\"@id\":\"https:\/\/www.knowingyou.be\/massages\/#primaryimage\",\"url\":\"https:\/\/www.knowingyou.be\/wp-content\/uploads\/2021\/11\/Severine_HD_13-scaled.jpg\",\"contentUrl\":\"https:\/\/www.knowingyou.be\/wp-content\/uploads\/2021\/11\/Severine_HD_13-scaled.jpg\"},{\"@type\":\"BreadcrumbList\",\"@id\":\"https:\/\/www.knowingyou.be\/massages\/#breadcrumb\",\"itemListElement\":[{\"@type\":\"ListItem\",\"position\":1,\"name\":\"Home\",\"item\":\"https:\/\/www.knowingyou.be\/\"},{\"@type\":\"ListItem\",\"position\":2,\"name\":\"Massages th\u00e9rapeutiques\"}]},{\"@type\":\"WebSite\",\"@id\":\"https:\/\/www.knowingyou.be\/#website\",\"url\":\"https:\/\/www.knowingyou.be\/\",\"name\":\"Knowing You\",\"description\":\"\",\"publisher\":{\"@id\":\"https:\/\/www.knowingyou.be\/#organization\"},\"potentialAction\":[{\"@type\":\"SearchAction\",\"target\":{\"@type\":\"EntryPoint\",\"urlTemplate\":\"https:\/\/www.knowingyou.be\/?s={search_term_string}\"},\"query-input\":{\"@type\":\"PropertyValueSpecification\",\"valueRequired\":true,\"valueName\":\"search_term_string\"}}],\"inLanguage\":\"nl-BE\"},{\"@type\":\"Organization\",\"@id\":\"https:\/\/www.knowingyou.be\/#organization\",\"name\":\"Knowing You\",\"url\":\"https:\/\/www.knowingyou.be\/\",\"logo\":{\"@type\":\"ImageObject\",\"inLanguage\":\"nl-BE\",\"@id\":\"https:\/\/www.knowingyou.be\/#\/schema\/logo\/image\/\",\"url\":\"https:\/\/i2.wp.com\/www.knowingyou.be\/wp-content\/uploads\/2021\/12\/Copy-of-Copie-de-Copie-de-Ajouter-un-sous-titre.png?fit=500%2C500&ssl=1\",\"contentUrl\":\"https:\/\/i2.wp.com\/www.knowingyou.be\/wp-content\/uploads\/2021\/12\/Copy-of-Copie-de-Copie-de-Ajouter-un-sous-titre.png?fit=500%2C500&ssl=1\",\"width\":500,\"height\":500,\"caption\":\"Knowing You\"},\"image\":{\"@id\":\"https:\/\/www.knowingyou.be\/#\/schema\/logo\/image\/\"},\"sameAs\":[\"https:\/\/www.facebook.com\/SeverineCauchie\",\"https:\/\/www.linkedin.com\/in\/severinecauchie\"]}]}<\/script>\n<!-- \/ Yoast SEO plugin. -->","yoast_head_json":{"title":"Ontspannende oliemassage en aromatherapie met warme oli\u00ebn","description":"Meer gericht op de ontspanning en volledige relaxatie van het lichaam, van kop tot teen, in een warme, omhullende en ontspannen sfeer.","robots":{"index":"index","follow":"follow","max-snippet":"max-snippet:-1","max-image-preview":"max-image-preview:large","max-video-preview":"max-video-preview:-1"},"canonical":"https:\/\/www.knowingyou.be\/nl\/massages\/","og_locale":"nl_BE","og_type":"article","og_title":"Massages relaxants et \u00e9nerg\u00e9tiques aux huiles chaudes","og_description":"Destin\u00e9 \u00e0 la d\u00e9tente et \u00e0 la relaxation compl\u00e8te du corps, de la t\u00eate aux pieds, dans une atmosph\u00e8re chaleureuse, enveloppante et d\u00e9tendue.","og_url":"https:\/\/www.knowingyou.be\/nl\/massages\/","og_site_name":"Knowing You","article_publisher":"https:\/\/www.facebook.com\/SeverineCauchie","article_modified_time":"2025-10-11T17:45:41+00:00","og_image":[{"url":"https:\/\/www.knowingyou.be\/wp-content\/uploads\/2021\/11\/Severine_HD_13-scaled.jpg","type":"","width":"","height":""}],"twitter_card":"summary_large_image","twitter_misc":{"Geschatte leestijd":"1 minuut"},"schema":{"@context":"https:\/\/schema.org","@graph":[{"@type":"WebPage","@id":"https:\/\/www.knowingyou.be\/massages\/","url":"https:\/\/www.knowingyou.be\/massages\/","name":"Ontspannende oliemassage en aromatherapie met warme oli\u00ebn","isPartOf":{"@id":"https:\/\/www.knowingyou.be\/#website"},"primaryImageOfPage":{"@id":"https:\/\/www.knowingyou.be\/massages\/#primaryimage"},"image":{"@id":"https:\/\/www.knowingyou.be\/massages\/#primaryimage"},"thumbnailUrl":"https:\/\/www.knowingyou.be\/wp-content\/uploads\/2021\/11\/Severine_HD_13-scaled.jpg","datePublished":"2021-11-23T16:18:08+00:00","dateModified":"2025-10-11T17:45:41+00:00","description":"Meer gericht op de ontspanning en volledige relaxatie van het lichaam, van kop tot teen, in een warme, omhullende en ontspannen sfeer.","breadcrumb":{"@id":"https:\/\/www.knowingyou.be\/massages\/#breadcrumb"},"inLanguage":"nl-BE","potentialAction":[{"@type":"ReadAction","target":["https:\/\/www.knowingyou.be\/massages\/"]}]},{"@type":"ImageObject","inLanguage":"nl-BE","@id":"https:\/\/www.knowingyou.be\/massages\/#primaryimage","url":"https:\/\/www.knowingyou.be\/wp-content\/uploads\/2021\/11\/Severine_HD_13-scaled.jpg","contentUrl":"https:\/\/www.knowingyou.be\/wp-content\/uploads\/2021\/11\/Severine_HD_13-scaled.jpg"},{"@type":"BreadcrumbList","@id":"https:\/\/www.knowingyou.be\/massages\/#breadcrumb","itemListElement":[{"@type":"ListItem","position":1,"name":"Home","item":"https:\/\/www.knowingyou.be\/"},{"@type":"ListItem","position":2,"name":"Massages th\u00e9rapeutiques"}]},{"@type":"WebSite","@id":"https:\/\/www.knowingyou.be\/#website","url":"https:\/\/www.knowingyou.be\/","name":"Knowing You","description":"","publisher":{"@id":"https:\/\/www.knowingyou.be\/#organization"},"potentialAction":[{"@type":"SearchAction","target":{"@type":"EntryPoint","urlTemplate":"https:\/\/www.knowingyou.be\/?s={search_term_string}"},"query-input":{"@type":"PropertyValueSpecification","valueRequired":true,"valueName":"search_term_string"}}],"inLanguage":"nl-BE"},{"@type":"Organization","@id":"https:\/\/www.knowingyou.be\/#organization","name":"Knowing You","url":"https:\/\/www.knowingyou.be\/","logo":{"@type":"ImageObject","inLanguage":"nl-BE","@id":"https:\/\/www.knowingyou.be\/#\/schema\/logo\/image\/","url":"https:\/\/i2.wp.com\/www.knowingyou.be\/wp-content\/uploads\/2021\/12\/Copy-of-Copie-de-Copie-de-Ajouter-un-sous-titre.png?fit=500%2C500&ssl=1","contentUrl":"https:\/\/i2.wp.com\/www.knowingyou.be\/wp-content\/uploads\/2021\/12\/Copy-of-Copie-de-Copie-de-Ajouter-un-sous-titre.png?fit=500%2C500&ssl=1","width":500,"height":500,"caption":"Knowing You"},"image":{"@id":"https:\/\/www.knowingyou.be\/#\/schema\/logo\/image\/"},"sameAs":["https:\/\/www.facebook.com\/SeverineCauchie","https:\/\/www.linkedin.com\/in\/severinecauchie"]}]}},"jetpack_sharing_enabled":true,"_links":{"self":[{"href":"https:\/\/www.knowingyou.be\/nl\/wp-json\/wp\/v2\/pages\/143","targetHints":{"allow":["GET"]}}],"collection":[{"href":"https:\/\/www.knowingyou.be\/nl\/wp-json\/wp\/v2\/pages"}],"about":[{"href":"https:\/\/www.knowingyou.be\/nl\/wp-json\/wp\/v2\/types\/page"}],"author":[{"embeddable":true,"href":"https:\/\/www.knowingyou.be\/nl\/wp-json\/wp\/v2\/users\/1"}],"replies":[{"embeddable":true,"href":"https:\/\/www.knowingyou.be\/nl\/wp-json\/wp\/v2\/comments?post=143"}],"version-history":[{"count":18,"href":"https:\/\/www.knowingyou.be\/nl\/wp-json\/wp\/v2\/pages\/143\/revisions"}],"predecessor-version":[{"id":459,"href":"https:\/\/www.knowingyou.be\/nl\/wp-json\/wp\/v2\/pages\/143\/revisions\/459"}],"wp:attachment":[{"href":"https:\/\/www.knowingyou.be\/nl\/wp-json\/wp\/v2\/media?parent=143"}],"curies":[{"name":"wp","href":"https:\/\/api.w.org\/{rel}","templated":true}]}}