{"id":152,"date":"2021-11-27T13:08:47","date_gmt":"2021-11-27T13:08:47","guid":{"rendered":"https:\/\/www.knowingyou.be\/?page_id=152"},"modified":"2025-10-20T19:37:13","modified_gmt":"2025-10-20T19:37:13","slug":"therapies","status":"publish","type":"page","link":"https:\/\/www.knowingyou.be\/nl\/therapies\/","title":{"rendered":"Pyscho-lichaams-, emotionele en energetische therapie"},"content":{"rendered":"<p>La th\u00e9rapie psycho-corporelle est une approche th\u00e9rapeutique long terme qui relie le corps et l&rsquo;esprit. Elle permet de conscientiser et d&rsquo;explorer ce qui apporte des difficult\u00e9s et\/ou de la souffrance \u00e0 travers les plans physique\/mental\/\u00e9motionnel en vue d&rsquo;un mieux-\u00eatre psychologique et physique.<\/p>\n<p>Elle reconna\u00eet un v\u00e9ritable lien entre\u00a0nos v\u00e9cus \u00e9motionnels, mentaux et physiques et repose sur l&rsquo;approche de travailler avec l&rsquo;ensemble de ces dimensions afin de favoriser un meilleur \u00e9quilibre et plus grande harmonie.<\/p>\n\t\t\t\t<img data-recalc-dims=\"1\" decoding=\"async\" src=\"https:\/\/i0.wp.com\/www.knowingyou.be\/wp-content\/uploads\/2021\/11\/Severine_HD_07-scaled.jpg?resize=750%2C1125&#038;ssl=1\" alt=\"Severine_HD_07\" itemprop=\"image\" height=\"1125\" width=\"750\" title=\"Severine_HD_07\" onerror=\"this.style.display='none'\" loading='lazy' \/>\n\t<p>De psycho-lichamelijke therapie is een benadering die onze innerlijke eenheid bevordert en harmoniseert. Ze maakt het mogelijk om zorg te dragen voor onderdrukte emoties, wonden en trauma\u2019s door ze via woorden en het lichaam te bevrijden \u2014 het lichaam dat al onze ervaringen opslaat en bevat. <\/p>\n<p>Elle propose une approche globale et holistique sur le corps et l&rsquo;esprit (un tout indissociable) au travers des plans suivants : le physique\u00a0: notre corps\u00a0; l&rsquo;\u00e9nerg\u00e9tique\u00a0: nos \u00e9nergies\u00a0; le mental\u00a0: nos sch\u00e9mas de pens\u00e9es\/nos repr\u00e9sentations\/nos croyances\u00a0; l&rsquo;\u00e9motionnel\u00a0: nos \u00e9motions\u00a0; le spirituel\u00a0: notre \u00e2me, dans une soci\u00e9t\u00e9 o\u00f9 il est devenu courant de les dissocier.<\/p>\n\t\t\t\t<img data-recalc-dims=\"1\" decoding=\"async\" src=\"https:\/\/i0.wp.com\/www.knowingyou.be\/wp-content\/uploads\/2021\/11\/Severine_Web_06-2-scaled-e1638019541211.jpg?resize=750%2C863&#038;ssl=1\" alt=\"Severine_Web_06 (2)\" itemprop=\"image\" height=\"863\" width=\"750\" title=\"Severine_Web_06 (2)\" onerror=\"this.style.display='none'\" loading='lazy' \/>\n\t<p>La th\u00e9rapie psycho-corporelle est un chemin de gu\u00e9rison que nous dessinerons ensemble. Nous d\u00e9marrerons de votre besoin. Sur base de votre demande nous irons explorer diff\u00e9rents outils, diff\u00e9rentes techniques afin de vous accueillir, de vous recentrer, de vous r\u00e9unifier, de vous apaiser, &#8230; d\u00e9pendant \u00e9videmment de votre besoin initial.<\/p>\n<p>La th\u00e9rapie psycho-corporelle est un ensemble de techniques d&rsquo;exploration utilisant le conscient et l&rsquo;inconscient, notre corps physique, notre respiration, nos mots, nos pens\u00e9es et croyances, nos \u00e9motions, nos \u00e9nergies, nos r\u00eaves, nos blessures, nos images, notre puissance int\u00e9rieure,&#8230; dans un cadre th\u00e9rapeutique bienveillant.<\/p>\n\t<p>Concr\u00e8tement, cela peut donc passer par \u00e9norm\u00e9ment d&rsquo;outils et de techniques diff\u00e9rentes. En voici certain.es pour vous donner un aper\u00e7u\u00a0: le massage (\u00e0 l&rsquo;huile et\/ou \u00e9nerg\u00e9tique), des exercices de visualisations, des r\u00e9gressions (m\u00e9thode th\u00e9rapeutique qui vise \u00e0 explorer le pass\u00e9 afin de lib\u00e9rer des \u00e9motions refoul\u00e9es\/des blocages ou traumas\/des manques), de la m\u00e9ditation, des exercices de respiration et de relaxation, de la lib\u00e9ration \u00e9motionnelle (par le dessin, l&rsquo;\u00e9criture, le corps), par le mouvement, mais aussi de l&rsquo;exploration de diff\u00e9rentes th\u00e9matiques telles que le couple, la famille, le transg\u00e9n\u00e9rationnel, la maladie, la mort, les blessures, le manque de confiance en soi, l&rsquo;assertivit\u00e9, la communication,&#8230;et tant d&rsquo;autres.<\/p>\n\t\t\t<a href=\"https:\/\/www.knowingyou.be\/nl\/interesse\/\" target=\"_self\" rel=\"noopener\">\n\t\t\t\t\t\t\tContacteer mij\n\t\t\t\t\t<\/a>\n\t\t\t<a href=\"https:\/\/www.knowingyou.be\/nl\/accompagnement\/\" target=\"_self\" rel=\"noopener\">\n\t\t\t\t\t\t\tPlus d&rsquo;informations\n\t\t\t\t\t<\/a>","protected":false},"excerpt":{"rendered":"<p>La th\u00e9rapie psycho-corporelle est une approche th\u00e9rapeutique long terme qui relie le corps et l&rsquo;esprit. Elle permet de conscientiser et d&rsquo;explorer ce qui apporte des difficult\u00e9s et\/ou de la souffrance \u00e0 travers les plans physique\/mental\/\u00e9motionnel en vue d&rsquo;un mieux-\u00eatre psychologique et physique. Elle reconna\u00eet un v\u00e9ritable lien entre\u00a0nos v\u00e9cus \u00e9motionnels, [&hellip;]<\/p>\n","protected":false},"author":1,"featured_media":0,"parent":0,"menu_order":0,"comment_status":"closed","ping_status":"closed","template":"","meta":{"footnotes":""},"class_list":["post-152","page","type-page","status-publish","hentry"],"yoast_head":"<!-- This site is optimized with the Yoast SEO plugin v24.5 - https:\/\/yoast.com\/wordpress\/plugins\/seo\/ -->\n<title>Th\u00e9rapie Psycho-Corporelle - Knowing You<\/title>\n<meta name=\"description\" content=\"Accueille notre \u00eatre par une approche qui favorise l&#039;unit\u00e9 de notre moi et tend \u00e0 harmoniser\" \/>\n<meta name=\"robots\" content=\"index, follow, max-snippet:-1, max-image-preview:large, max-video-preview:-1\" \/>\n<link rel=\"canonical\" href=\"https:\/\/www.knowingyou.be\/nl\/therapies\/\" \/>\n<meta property=\"og:locale\" content=\"nl_BE\" \/>\n<meta property=\"og:type\" content=\"article\" \/>\n<meta property=\"og:title\" content=\"Th\u00e9rapie Psycho-Corporelle - Knowing You\" \/>\n<meta property=\"og:description\" content=\"Accueille notre \u00eatre par une approche qui favorise l&#039;unit\u00e9 de notre moi et tend \u00e0 harmoniser\" \/>\n<meta property=\"og:url\" content=\"https:\/\/www.knowingyou.be\/nl\/therapies\/\" \/>\n<meta property=\"og:site_name\" content=\"Knowing You\" \/>\n<meta property=\"article:publisher\" content=\"https:\/\/www.facebook.com\/SeverineCauchie\" \/>\n<meta property=\"article:modified_time\" content=\"2025-10-20T19:37:13+00:00\" \/>\n<meta property=\"og:image\" content=\"https:\/\/www.knowingyou.be\/wp-content\/uploads\/2021\/11\/Severine_HD_07-scaled.jpg\" \/>\n<meta name=\"twitter:card\" content=\"summary_large_image\" \/>\n<meta name=\"twitter:label1\" content=\"Geschatte leestijd\" \/>\n\t<meta name=\"twitter:data1\" content=\"2 minuten\" \/>\n<script type=\"application\/ld+json\" class=\"yoast-schema-graph\">{\"@context\":\"https:\/\/schema.org\",\"@graph\":[{\"@type\":\"WebPage\",\"@id\":\"https:\/\/www.knowingyou.be\/therapies\/\",\"url\":\"https:\/\/www.knowingyou.be\/therapies\/\",\"name\":\"Th\u00e9rapie Psycho-Corporelle - Knowing You\",\"isPartOf\":{\"@id\":\"https:\/\/www.knowingyou.be\/#website\"},\"primaryImageOfPage\":{\"@id\":\"https:\/\/www.knowingyou.be\/therapies\/#primaryimage\"},\"image\":{\"@id\":\"https:\/\/www.knowingyou.be\/therapies\/#primaryimage\"},\"thumbnailUrl\":\"https:\/\/www.knowingyou.be\/wp-content\/uploads\/2021\/11\/Severine_HD_07-scaled.jpg\",\"datePublished\":\"2021-11-27T13:08:47+00:00\",\"dateModified\":\"2025-10-20T19:37:13+00:00\",\"description\":\"Accueille notre \u00eatre par une approche qui favorise l'unit\u00e9 de notre moi et tend \u00e0 harmoniser\",\"breadcrumb\":{\"@id\":\"https:\/\/www.knowingyou.be\/therapies\/#breadcrumb\"},\"inLanguage\":\"nl-BE\",\"potentialAction\":[{\"@type\":\"ReadAction\",\"target\":[\"https:\/\/www.knowingyou.be\/therapies\/\"]}]},{\"@type\":\"ImageObject\",\"inLanguage\":\"nl-BE\",\"@id\":\"https:\/\/www.knowingyou.be\/therapies\/#primaryimage\",\"url\":\"https:\/\/www.knowingyou.be\/wp-content\/uploads\/2021\/11\/Severine_HD_07-scaled.jpg\",\"contentUrl\":\"https:\/\/www.knowingyou.be\/wp-content\/uploads\/2021\/11\/Severine_HD_07-scaled.jpg\"},{\"@type\":\"BreadcrumbList\",\"@id\":\"https:\/\/www.knowingyou.be\/therapies\/#breadcrumb\",\"itemListElement\":[{\"@type\":\"ListItem\",\"position\":1,\"name\":\"Home\",\"item\":\"https:\/\/www.knowingyou.be\/\"},{\"@type\":\"ListItem\",\"position\":2,\"name\":\"Th\u00e9rapie Psycho-Corporelle\"}]},{\"@type\":\"WebSite\",\"@id\":\"https:\/\/www.knowingyou.be\/#website\",\"url\":\"https:\/\/www.knowingyou.be\/\",\"name\":\"Knowing You\",\"description\":\"\",\"publisher\":{\"@id\":\"https:\/\/www.knowingyou.be\/#organization\"},\"potentialAction\":[{\"@type\":\"SearchAction\",\"target\":{\"@type\":\"EntryPoint\",\"urlTemplate\":\"https:\/\/www.knowingyou.be\/?s={search_term_string}\"},\"query-input\":{\"@type\":\"PropertyValueSpecification\",\"valueRequired\":true,\"valueName\":\"search_term_string\"}}],\"inLanguage\":\"nl-BE\"},{\"@type\":\"Organization\",\"@id\":\"https:\/\/www.knowingyou.be\/#organization\",\"name\":\"Knowing You\",\"url\":\"https:\/\/www.knowingyou.be\/\",\"logo\":{\"@type\":\"ImageObject\",\"inLanguage\":\"nl-BE\",\"@id\":\"https:\/\/www.knowingyou.be\/#\/schema\/logo\/image\/\",\"url\":\"https:\/\/i2.wp.com\/www.knowingyou.be\/wp-content\/uploads\/2021\/12\/Copy-of-Copie-de-Copie-de-Ajouter-un-sous-titre.png?fit=500%2C500&ssl=1\",\"contentUrl\":\"https:\/\/i2.wp.com\/www.knowingyou.be\/wp-content\/uploads\/2021\/12\/Copy-of-Copie-de-Copie-de-Ajouter-un-sous-titre.png?fit=500%2C500&ssl=1\",\"width\":500,\"height\":500,\"caption\":\"Knowing You\"},\"image\":{\"@id\":\"https:\/\/www.knowingyou.be\/#\/schema\/logo\/image\/\"},\"sameAs\":[\"https:\/\/www.facebook.com\/SeverineCauchie\",\"https:\/\/www.linkedin.com\/in\/severinecauchie\"]}]}<\/script>\n<!-- \/ Yoast SEO plugin. -->","yoast_head_json":{"title":"Th\u00e9rapie Psycho-Corporelle - Knowing You","description":"Verwelkomt ons wezen door een benadering die de eenheid van ons zelf bevordert en neigt door te harmoniseren","robots":{"index":"index","follow":"follow","max-snippet":"max-snippet:-1","max-image-preview":"max-image-preview:large","max-video-preview":"max-video-preview:-1"},"canonical":"https:\/\/www.knowingyou.be\/nl\/therapies\/","og_locale":"nl_BE","og_type":"article","og_title":"Th\u00e9rapie Psycho-Corporelle - Knowing You","og_description":"Accueille notre \u00eatre par une approche qui favorise l'unit\u00e9 de notre moi et tend \u00e0 harmoniser","og_url":"https:\/\/www.knowingyou.be\/nl\/therapies\/","og_site_name":"Knowing You","article_publisher":"https:\/\/www.facebook.com\/SeverineCauchie","article_modified_time":"2025-10-20T19:37:13+00:00","og_image":[{"url":"https:\/\/www.knowingyou.be\/wp-content\/uploads\/2021\/11\/Severine_HD_07-scaled.jpg","type":"","width":"","height":""}],"twitter_card":"summary_large_image","twitter_misc":{"Geschatte leestijd":"2 minuten"},"schema":{"@context":"https:\/\/schema.org","@graph":[{"@type":"WebPage","@id":"https:\/\/www.knowingyou.be\/therapies\/","url":"https:\/\/www.knowingyou.be\/therapies\/","name":"Th\u00e9rapie Psycho-Corporelle - Knowing You","isPartOf":{"@id":"https:\/\/www.knowingyou.be\/#website"},"primaryImageOfPage":{"@id":"https:\/\/www.knowingyou.be\/therapies\/#primaryimage"},"image":{"@id":"https:\/\/www.knowingyou.be\/therapies\/#primaryimage"},"thumbnailUrl":"https:\/\/www.knowingyou.be\/wp-content\/uploads\/2021\/11\/Severine_HD_07-scaled.jpg","datePublished":"2021-11-27T13:08:47+00:00","dateModified":"2025-10-20T19:37:13+00:00","description":"Verwelkomt ons wezen door een benadering die de eenheid van ons zelf bevordert en neigt door te harmoniseren","breadcrumb":{"@id":"https:\/\/www.knowingyou.be\/therapies\/#breadcrumb"},"inLanguage":"nl-BE","potentialAction":[{"@type":"ReadAction","target":["https:\/\/www.knowingyou.be\/therapies\/"]}]},{"@type":"ImageObject","inLanguage":"nl-BE","@id":"https:\/\/www.knowingyou.be\/therapies\/#primaryimage","url":"https:\/\/www.knowingyou.be\/wp-content\/uploads\/2021\/11\/Severine_HD_07-scaled.jpg","contentUrl":"https:\/\/www.knowingyou.be\/wp-content\/uploads\/2021\/11\/Severine_HD_07-scaled.jpg"},{"@type":"BreadcrumbList","@id":"https:\/\/www.knowingyou.be\/therapies\/#breadcrumb","itemListElement":[{"@type":"ListItem","position":1,"name":"Home","item":"https:\/\/www.knowingyou.be\/"},{"@type":"ListItem","position":2,"name":"Th\u00e9rapie Psycho-Corporelle"}]},{"@type":"WebSite","@id":"https:\/\/www.knowingyou.be\/#website","url":"https:\/\/www.knowingyou.be\/","name":"Knowing You","description":"","publisher":{"@id":"https:\/\/www.knowingyou.be\/#organization"},"potentialAction":[{"@type":"SearchAction","target":{"@type":"EntryPoint","urlTemplate":"https:\/\/www.knowingyou.be\/?s={search_term_string}"},"query-input":{"@type":"PropertyValueSpecification","valueRequired":true,"valueName":"search_term_string"}}],"inLanguage":"nl-BE"},{"@type":"Organization","@id":"https:\/\/www.knowingyou.be\/#organization","name":"Knowing You","url":"https:\/\/www.knowingyou.be\/","logo":{"@type":"ImageObject","inLanguage":"nl-BE","@id":"https:\/\/www.knowingyou.be\/#\/schema\/logo\/image\/","url":"https:\/\/i2.wp.com\/www.knowingyou.be\/wp-content\/uploads\/2021\/12\/Copy-of-Copie-de-Copie-de-Ajouter-un-sous-titre.png?fit=500%2C500&ssl=1","contentUrl":"https:\/\/i2.wp.com\/www.knowingyou.be\/wp-content\/uploads\/2021\/12\/Copy-of-Copie-de-Copie-de-Ajouter-un-sous-titre.png?fit=500%2C500&ssl=1","width":500,"height":500,"caption":"Knowing You"},"image":{"@id":"https:\/\/www.knowingyou.be\/#\/schema\/logo\/image\/"},"sameAs":["https:\/\/www.facebook.com\/SeverineCauchie","https:\/\/www.linkedin.com\/in\/severinecauchie"]}]}},"jetpack_sharing_enabled":true,"_links":{"self":[{"href":"https:\/\/www.knowingyou.be\/nl\/wp-json\/wp\/v2\/pages\/152","targetHints":{"allow":["GET"]}}],"collection":[{"href":"https:\/\/www.knowingyou.be\/nl\/wp-json\/wp\/v2\/pages"}],"about":[{"href":"https:\/\/www.knowingyou.be\/nl\/wp-json\/wp\/v2\/types\/page"}],"author":[{"embeddable":true,"href":"https:\/\/www.knowingyou.be\/nl\/wp-json\/wp\/v2\/users\/1"}],"replies":[{"embeddable":true,"href":"https:\/\/www.knowingyou.be\/nl\/wp-json\/wp\/v2\/comments?post=152"}],"version-history":[{"count":11,"href":"https:\/\/www.knowingyou.be\/nl\/wp-json\/wp\/v2\/pages\/152\/revisions"}],"predecessor-version":[{"id":462,"href":"https:\/\/www.knowingyou.be\/nl\/wp-json\/wp\/v2\/pages\/152\/revisions\/462"}],"wp:attachment":[{"href":"https:\/\/www.knowingyou.be\/nl\/wp-json\/wp\/v2\/media?parent=152"}],"curies":[{"name":"wp","href":"https:\/\/api.w.org\/{rel}","templated":true}]}}