{"id":161,"date":"2021-11-27T13:37:57","date_gmt":"2021-11-27T13:37:57","guid":{"rendered":"https:\/\/www.knowingyou.be\/?page_id=161"},"modified":"2021-12-08T17:50:41","modified_gmt":"2021-12-08T17:50:41","slug":"mon-approche","status":"publish","type":"page","link":"https:\/\/www.knowingyou.be\/nl\/mon-approche\/","title":{"rendered":"Mijn benadering"},"content":{"rendered":"<p>Une force motrice, une \u00e9nergie, une \u00e9coute bienveillante, de l&#8217;empathie et de l&rsquo;authenticit\u00e9 dans un cadre synonyme de r\u00e9confort, de s\u00e9r\u00e9nit\u00e9, de douceur et de l\u00e9g\u00e8ret\u00e9.<\/p>\n<p>&nbsp;<\/p>\n<p>Een toevluchtsoord waarin we verwelkomen wat aanwezig is zonder oordeel, zonder druk:<\/p>\n\t<p><em>Door het woord, door het lichaam,<\/em><\/p>\n<p><em>Prenons le temps d&rsquo;explorer ensemble ce qui est pr\u00e9sent en vous maintenant.<\/em><\/p>\n<p><em>Vous avez envie d&rsquo;avancer et de travailler sur vous-m\u00eame\u00a0? <\/em><\/p>\n<p><em>Vertragen, ontspannen, opnieuw focussen?<\/em><\/p>\n<p><em>Alles is hier toegestaan. We verwelkomen gewoon wat aanwezig is.<\/em><\/p>\n\t\t\t\t<img data-recalc-dims=\"1\" height=\"1024\" width=\"683\" decoding=\"async\" src=\"https:\/\/i0.wp.com\/www.knowingyou.be\/wp-content\/uploads\/2021\/11\/Severine_Web_05.jpg?resize=683%2C1024&#038;ssl=1\" alt=\"Severine_Web_05\" itemprop=\"image\" title=\"Severine_Web_05\" onerror=\"this.style.display='none'\"  \/>\n\t<p>L&rsquo;approche que je vous propose permet d&rsquo;adapter la s\u00e9ance \u00e0 ce que vous ressentez et souhaitez au moment pr\u00e9sent, dans le respect de vous-m\u00eame et surtout au rythme qui sera le v\u00f4tre.<\/p>\n\t\t\t<a href=\"https:\/\/www.knowingyou.be\/nl\/accompagnement\/\" target=\"_self\" role=\"button\" rel=\"noopener\">\n\t\t\t\t\t\t\tOntdek de verschillende benaderingen\n\t\t\t\t\t<\/a>","protected":false},"excerpt":{"rendered":"<p>Une force motrice, une \u00e9nergie, une \u00e9coute bienveillante, de l&#8217;empathie et de l&rsquo;authenticit\u00e9 dans un cadre synonyme de r\u00e9confort, de s\u00e9r\u00e9nit\u00e9, de douceur et de l\u00e9g\u00e8ret\u00e9. &nbsp; Un refuge dans lequel nous accueillons ce qui est pr\u00e9sent sans jugement, sans pression\u00a0: A travers la parole, \u00e0 travers le corps, Prenons [&hellip;]<\/p>\n","protected":false},"author":1,"featured_media":0,"parent":0,"menu_order":0,"comment_status":"closed","ping_status":"closed","template":"","meta":{"footnotes":""},"class_list":["post-161","page","type-page","status-publish","hentry"],"yoast_head":"<!-- This site is optimized with the Yoast SEO plugin v24.5 - https:\/\/yoast.com\/wordpress\/plugins\/seo\/ -->\n<title>Mon approche<\/title>\n<meta name=\"robots\" content=\"index, follow, max-snippet:-1, max-image-preview:large, max-video-preview:-1\" \/>\n<link rel=\"canonical\" href=\"https:\/\/www.knowingyou.be\/nl\/mon-approche\/\" \/>\n<meta property=\"og:locale\" content=\"nl_BE\" \/>\n<meta property=\"og:type\" content=\"article\" \/>\n<meta property=\"og:title\" content=\"Mon approche\" \/>\n<meta property=\"og:description\" content=\"Une force motrice, une \u00e9nergie, une \u00e9coute bienveillante, de l&#8217;empathie et de l&rsquo;authenticit\u00e9 dans un cadre synonyme de r\u00e9confort, de s\u00e9r\u00e9nit\u00e9, de douceur et de l\u00e9g\u00e8ret\u00e9. &nbsp; Un refuge dans lequel nous accueillons ce qui est pr\u00e9sent sans jugement, sans pression\u00a0: A travers la parole, \u00e0 travers le corps, Prenons [&hellip;]\" \/>\n<meta property=\"og:url\" content=\"https:\/\/www.knowingyou.be\/nl\/mon-approche\/\" \/>\n<meta property=\"og:site_name\" content=\"Knowing You\" \/>\n<meta property=\"article:publisher\" content=\"https:\/\/www.facebook.com\/SeverineCauchie\" \/>\n<meta property=\"article:modified_time\" content=\"2021-12-08T17:50:41+00:00\" \/>\n<meta property=\"og:image\" content=\"https:\/\/www.knowingyou.be\/wp-content\/uploads\/2021\/11\/Severine_Web_05-683x1024.jpg\" \/>\n<meta name=\"twitter:card\" content=\"summary_large_image\" \/>\n<meta name=\"twitter:label1\" content=\"Geschatte leestijd\" \/>\n\t<meta name=\"twitter:data1\" content=\"1 minuut\" \/>\n<script type=\"application\/ld+json\" class=\"yoast-schema-graph\">{\"@context\":\"https:\/\/schema.org\",\"@graph\":[{\"@type\":\"WebPage\",\"@id\":\"https:\/\/www.knowingyou.be\/mon-approche\/\",\"url\":\"https:\/\/www.knowingyou.be\/mon-approche\/\",\"name\":\"Mon approche\",\"isPartOf\":{\"@id\":\"https:\/\/www.knowingyou.be\/#website\"},\"primaryImageOfPage\":{\"@id\":\"https:\/\/www.knowingyou.be\/mon-approche\/#primaryimage\"},\"image\":{\"@id\":\"https:\/\/www.knowingyou.be\/mon-approche\/#primaryimage\"},\"thumbnailUrl\":\"https:\/\/www.knowingyou.be\/wp-content\/uploads\/2021\/11\/Severine_Web_05-683x1024.jpg\",\"datePublished\":\"2021-11-27T13:37:57+00:00\",\"dateModified\":\"2021-12-08T17:50:41+00:00\",\"breadcrumb\":{\"@id\":\"https:\/\/www.knowingyou.be\/mon-approche\/#breadcrumb\"},\"inLanguage\":\"nl-BE\",\"potentialAction\":[{\"@type\":\"ReadAction\",\"target\":[\"https:\/\/www.knowingyou.be\/mon-approche\/\"]}]},{\"@type\":\"ImageObject\",\"inLanguage\":\"nl-BE\",\"@id\":\"https:\/\/www.knowingyou.be\/mon-approche\/#primaryimage\",\"url\":\"https:\/\/www.knowingyou.be\/wp-content\/uploads\/2021\/11\/Severine_Web_05-683x1024.jpg\",\"contentUrl\":\"https:\/\/www.knowingyou.be\/wp-content\/uploads\/2021\/11\/Severine_Web_05-683x1024.jpg\"},{\"@type\":\"BreadcrumbList\",\"@id\":\"https:\/\/www.knowingyou.be\/mon-approche\/#breadcrumb\",\"itemListElement\":[{\"@type\":\"ListItem\",\"position\":1,\"name\":\"Home\",\"item\":\"https:\/\/www.knowingyou.be\/\"},{\"@type\":\"ListItem\",\"position\":2,\"name\":\"Mon approche\"}]},{\"@type\":\"WebSite\",\"@id\":\"https:\/\/www.knowingyou.be\/#website\",\"url\":\"https:\/\/www.knowingyou.be\/\",\"name\":\"Knowing You\",\"description\":\"\",\"publisher\":{\"@id\":\"https:\/\/www.knowingyou.be\/#organization\"},\"potentialAction\":[{\"@type\":\"SearchAction\",\"target\":{\"@type\":\"EntryPoint\",\"urlTemplate\":\"https:\/\/www.knowingyou.be\/?s={search_term_string}\"},\"query-input\":{\"@type\":\"PropertyValueSpecification\",\"valueRequired\":true,\"valueName\":\"search_term_string\"}}],\"inLanguage\":\"nl-BE\"},{\"@type\":\"Organization\",\"@id\":\"https:\/\/www.knowingyou.be\/#organization\",\"name\":\"Knowing You\",\"url\":\"https:\/\/www.knowingyou.be\/\",\"logo\":{\"@type\":\"ImageObject\",\"inLanguage\":\"nl-BE\",\"@id\":\"https:\/\/www.knowingyou.be\/#\/schema\/logo\/image\/\",\"url\":\"https:\/\/i2.wp.com\/www.knowingyou.be\/wp-content\/uploads\/2021\/12\/Copy-of-Copie-de-Copie-de-Ajouter-un-sous-titre.png?fit=500%2C500&ssl=1\",\"contentUrl\":\"https:\/\/i2.wp.com\/www.knowingyou.be\/wp-content\/uploads\/2021\/12\/Copy-of-Copie-de-Copie-de-Ajouter-un-sous-titre.png?fit=500%2C500&ssl=1\",\"width\":500,\"height\":500,\"caption\":\"Knowing You\"},\"image\":{\"@id\":\"https:\/\/www.knowingyou.be\/#\/schema\/logo\/image\/\"},\"sameAs\":[\"https:\/\/www.facebook.com\/SeverineCauchie\",\"https:\/\/www.linkedin.com\/in\/severinecauchie\"]}]}<\/script>\n<!-- \/ Yoast SEO plugin. -->","yoast_head_json":{"title":"Mijn benadering","robots":{"index":"index","follow":"follow","max-snippet":"max-snippet:-1","max-image-preview":"max-image-preview:large","max-video-preview":"max-video-preview:-1"},"canonical":"https:\/\/www.knowingyou.be\/nl\/mon-approche\/","og_locale":"nl_BE","og_type":"article","og_title":"Mon approche","og_description":"Une force motrice, une \u00e9nergie, une \u00e9coute bienveillante, de l&#8217;empathie et de l&rsquo;authenticit\u00e9 dans un cadre synonyme de r\u00e9confort, de s\u00e9r\u00e9nit\u00e9, de douceur et de l\u00e9g\u00e8ret\u00e9. &nbsp; Un refuge dans lequel nous accueillons ce qui est pr\u00e9sent sans jugement, sans pression\u00a0: A travers la parole, \u00e0 travers le corps, Prenons [&hellip;]","og_url":"https:\/\/www.knowingyou.be\/nl\/mon-approche\/","og_site_name":"Knowing You","article_publisher":"https:\/\/www.facebook.com\/SeverineCauchie","article_modified_time":"2021-12-08T17:50:41+00:00","og_image":[{"url":"https:\/\/www.knowingyou.be\/wp-content\/uploads\/2021\/11\/Severine_Web_05-683x1024.jpg","type":"","width":"","height":""}],"twitter_card":"summary_large_image","twitter_misc":{"Geschatte leestijd":"1 minuut"},"schema":{"@context":"https:\/\/schema.org","@graph":[{"@type":"WebPage","@id":"https:\/\/www.knowingyou.be\/mon-approche\/","url":"https:\/\/www.knowingyou.be\/mon-approche\/","name":"Mijn benadering","isPartOf":{"@id":"https:\/\/www.knowingyou.be\/#website"},"primaryImageOfPage":{"@id":"https:\/\/www.knowingyou.be\/mon-approche\/#primaryimage"},"image":{"@id":"https:\/\/www.knowingyou.be\/mon-approche\/#primaryimage"},"thumbnailUrl":"https:\/\/www.knowingyou.be\/wp-content\/uploads\/2021\/11\/Severine_Web_05-683x1024.jpg","datePublished":"2021-11-27T13:37:57+00:00","dateModified":"2021-12-08T17:50:41+00:00","breadcrumb":{"@id":"https:\/\/www.knowingyou.be\/mon-approche\/#breadcrumb"},"inLanguage":"nl-BE","potentialAction":[{"@type":"ReadAction","target":["https:\/\/www.knowingyou.be\/mon-approche\/"]}]},{"@type":"ImageObject","inLanguage":"nl-BE","@id":"https:\/\/www.knowingyou.be\/mon-approche\/#primaryimage","url":"https:\/\/www.knowingyou.be\/wp-content\/uploads\/2021\/11\/Severine_Web_05-683x1024.jpg","contentUrl":"https:\/\/www.knowingyou.be\/wp-content\/uploads\/2021\/11\/Severine_Web_05-683x1024.jpg"},{"@type":"BreadcrumbList","@id":"https:\/\/www.knowingyou.be\/mon-approche\/#breadcrumb","itemListElement":[{"@type":"ListItem","position":1,"name":"Home","item":"https:\/\/www.knowingyou.be\/"},{"@type":"ListItem","position":2,"name":"Mon approche"}]},{"@type":"WebSite","@id":"https:\/\/www.knowingyou.be\/#website","url":"https:\/\/www.knowingyou.be\/","name":"Knowing You","description":"","publisher":{"@id":"https:\/\/www.knowingyou.be\/#organization"},"potentialAction":[{"@type":"SearchAction","target":{"@type":"EntryPoint","urlTemplate":"https:\/\/www.knowingyou.be\/?s={search_term_string}"},"query-input":{"@type":"PropertyValueSpecification","valueRequired":true,"valueName":"search_term_string"}}],"inLanguage":"nl-BE"},{"@type":"Organization","@id":"https:\/\/www.knowingyou.be\/#organization","name":"Knowing You","url":"https:\/\/www.knowingyou.be\/","logo":{"@type":"ImageObject","inLanguage":"nl-BE","@id":"https:\/\/www.knowingyou.be\/#\/schema\/logo\/image\/","url":"https:\/\/i2.wp.com\/www.knowingyou.be\/wp-content\/uploads\/2021\/12\/Copy-of-Copie-de-Copie-de-Ajouter-un-sous-titre.png?fit=500%2C500&ssl=1","contentUrl":"https:\/\/i2.wp.com\/www.knowingyou.be\/wp-content\/uploads\/2021\/12\/Copy-of-Copie-de-Copie-de-Ajouter-un-sous-titre.png?fit=500%2C500&ssl=1","width":500,"height":500,"caption":"Knowing You"},"image":{"@id":"https:\/\/www.knowingyou.be\/#\/schema\/logo\/image\/"},"sameAs":["https:\/\/www.facebook.com\/SeverineCauchie","https:\/\/www.linkedin.com\/in\/severinecauchie"]}]}},"jetpack_sharing_enabled":true,"_links":{"self":[{"href":"https:\/\/www.knowingyou.be\/nl\/wp-json\/wp\/v2\/pages\/161","targetHints":{"allow":["GET"]}}],"collection":[{"href":"https:\/\/www.knowingyou.be\/nl\/wp-json\/wp\/v2\/pages"}],"about":[{"href":"https:\/\/www.knowingyou.be\/nl\/wp-json\/wp\/v2\/types\/page"}],"author":[{"embeddable":true,"href":"https:\/\/www.knowingyou.be\/nl\/wp-json\/wp\/v2\/users\/1"}],"replies":[{"embeddable":true,"href":"https:\/\/www.knowingyou.be\/nl\/wp-json\/wp\/v2\/comments?post=161"}],"version-history":[{"count":10,"href":"https:\/\/www.knowingyou.be\/nl\/wp-json\/wp\/v2\/pages\/161\/revisions"}],"predecessor-version":[{"id":354,"href":"https:\/\/www.knowingyou.be\/nl\/wp-json\/wp\/v2\/pages\/161\/revisions\/354"}],"wp:attachment":[{"href":"https:\/\/www.knowingyou.be\/nl\/wp-json\/wp\/v2\/media?parent=161"}],"curies":[{"name":"wp","href":"https:\/\/api.w.org\/{rel}","templated":true}]}}