{"id":165,"date":"2021-11-27T13:52:48","date_gmt":"2021-11-27T13:52:48","guid":{"rendered":"https:\/\/www.knowingyou.be\/?page_id=165"},"modified":"2025-12-22T21:43:54","modified_gmt":"2025-12-22T21:43:54","slug":"benefices-de-accompagnement-therapeutique","status":"publish","type":"page","link":"https:\/\/www.knowingyou.be\/nl\/benefices-de-accompagnement-therapeutique\/","title":{"rendered":"Voordelen van therapeutische begeleiding"},"content":{"rendered":"<p>De voordelen zullen natuurlijk voor iedereen anders zijn, afhankelijk van ieders verwachtingen in het begin, maar ook van het parcours dat men aflegt tijdens de sessies.<\/p>\n\t<p>Toutefois, voici quelques exemples pratiques de bienfaits possibles de l&rsquo;accompagnement th\u00e9rapeutique que je vous propose\u00a0(liste non-exhaustive ci-dessous)\u00a0:<\/p>\n<ul>\n<li>Streven naar een\u00a0<strong>beter welzijn<\/strong>, meer\u00a0<strong>s\u00e9r\u00e9nit\u00e9 et d&rsquo;\u00e9quilibre<\/strong>en naar een grotere persoonlijke\u00a0<strong>voldoening<\/strong>\u00a0persoonlijk en professioneel<\/li>\n<li>Helpen bij\u00a0<strong>loopbaanreflectie<\/strong>\u00a0en bij een eventuele <strong>carri\u00e8reherori\u00ebntering<\/strong><\/li>\n<li>Helpen om opnieuw\u00a0<strong>plezier<\/strong>, van\u00a0<strong>l&rsquo;harmonie<\/strong>\u00a0en\u00a0<strong>betekenis<\/strong>\u00a0te vinden in wat u bent en doet<\/li>\n<li>Leren <strong>om jezelf beter te leren kennen<\/strong>, om je noden, waarden en hulpbronnen te ontdekken, <strong>grenzen<\/strong>te stellen, uzelf te\u00a0<strong>respecteren<\/strong>\u00a0et pouvoir accepter qu&rsquo;on est\u00a0 \u00ab\u00a0assez\u00a0\u00bb, ) <strong>uzelf durven te zijn<\/strong>\u00a0, <strong>voor uzelf te zorgen\u00a0<\/strong>;<\/li>\n<li>Streven naar een groter <strong>afstemming<\/strong>,\u00a0<strong>verankering<\/strong>\u00a0rekening houdend met en met respect voor wat voor jou belangrijk is;<\/li>\n<li>Je sterke punten naar voren brengen\u00a0<strong>bronnen<\/strong>, je intu\u00eftie, wat je drijft en wat je jouw<strong>\u00a0innerlijke kracht naar boven brengen<\/strong><\/li>\n<li>Uw\u00a0<strong>ontspanning<\/strong>bevorderen, uw\u00a0<strong>lichamelijke en mentale spanningen<\/strong><\/li>\n<li>Helpen om\u00a0<strong>wonden te 'denken en te helen'<\/strong>\u00a0: \u00ab\u00a0<em>c&rsquo;est une chance de rencontrer les parties les plus bless\u00e9es en vous et de les penser et panser avec amour pour leur trouver une place plus juste et douce en vous \u00bb (source\u00a0: <\/em><a href=\"http:\/\/www.atmaram.be\"><em>http:\/\/www.atmaram.be<\/em><\/a><em>).<\/em><\/li>\n<li>&#8230;<\/li>\n<\/ul>\n\t<p><strong>S&rsquo;autoriser \u00e0 prendre soin de soi est d\u00e9j\u00e0 un excellent premier pas. O\u00f9 cela commence-t-il pour vous ?<\/strong><\/p>\n\t\t\t<a href=\"https:\/\/www.knowingyou.be\/nl\/accompagnement\/\" target=\"_self\" rel=\"noopener\">\n\t\t\t\t\t\t\tOntdek de verschillende benaderingen\n\t\t\t\t\t<\/a>","protected":false},"excerpt":{"rendered":"<p>Les b\u00e9n\u00e9fices seront \u00e9videmment diff\u00e9rents pour chaque personne en fonction de ses attentes de d\u00e9part mais aussi en fonction de son cheminement tout au long des s\u00e9ances. Toutefois, voici quelques exemples pratiques de bienfaits possibles de l&rsquo;accompagnement th\u00e9rapeutique que je vous propose\u00a0(liste non-exhaustive ci-dessous)\u00a0: Tendre vers un\u00a0mieux-\u00eatre, plus de\u00a0s\u00e9r\u00e9nit\u00e9 et [&hellip;]<\/p>\n","protected":false},"author":1,"featured_media":0,"parent":0,"menu_order":0,"comment_status":"closed","ping_status":"closed","template":"","meta":{"footnotes":""},"class_list":["post-165","page","type-page","status-publish","hentry"],"yoast_head":"<!-- This site is optimized with the Yoast SEO plugin v24.5 - https:\/\/yoast.com\/wordpress\/plugins\/seo\/ -->\n<title>B\u00e9n\u00e9fices de l\u2019accompagnement th\u00e9rapeutique<\/title>\n<meta name=\"robots\" content=\"index, follow, max-snippet:-1, max-image-preview:large, max-video-preview:-1\" \/>\n<link rel=\"canonical\" href=\"https:\/\/www.knowingyou.be\/nl\/benefices-de-accompagnement-therapeutique\/\" \/>\n<meta property=\"og:locale\" content=\"nl_BE\" \/>\n<meta property=\"og:type\" content=\"article\" \/>\n<meta property=\"og:title\" content=\"B\u00e9n\u00e9fices de l\u2019accompagnement th\u00e9rapeutique\" \/>\n<meta property=\"og:description\" content=\"Les b\u00e9n\u00e9fices seront \u00e9videmment diff\u00e9rents pour chaque personne en fonction de ses attentes de d\u00e9part mais aussi en fonction de son cheminement tout au long des s\u00e9ances. Toutefois, voici quelques exemples pratiques de bienfaits possibles de l&rsquo;accompagnement th\u00e9rapeutique que je vous propose\u00a0(liste non-exhaustive ci-dessous)\u00a0: Tendre vers un\u00a0mieux-\u00eatre, plus de\u00a0s\u00e9r\u00e9nit\u00e9 et [&hellip;]\" \/>\n<meta property=\"og:url\" content=\"https:\/\/www.knowingyou.be\/nl\/benefices-de-accompagnement-therapeutique\/\" \/>\n<meta property=\"og:site_name\" content=\"Knowing You\" \/>\n<meta property=\"article:publisher\" content=\"https:\/\/www.facebook.com\/SeverineCauchie\" \/>\n<meta property=\"article:modified_time\" content=\"2025-12-22T21:43:54+00:00\" \/>\n<meta property=\"og:image\" content=\"https:\/\/i0.wp.com\/www.knowingyou.be\/wp-content\/uploads\/2021\/12\/Copy-of-Copie-de-Copie-de-Ajouter-un-sous-titre.png?fit=500%2C500&ssl=1\" \/>\n\t<meta property=\"og:image:width\" content=\"500\" \/>\n\t<meta property=\"og:image:height\" content=\"500\" \/>\n\t<meta property=\"og:image:type\" content=\"image\/png\" \/>\n<meta name=\"twitter:card\" content=\"summary_large_image\" \/>\n<meta name=\"twitter:label1\" content=\"Geschatte leestijd\" \/>\n\t<meta name=\"twitter:data1\" content=\"2 minuten\" \/>\n<script type=\"application\/ld+json\" class=\"yoast-schema-graph\">{\"@context\":\"https:\/\/schema.org\",\"@graph\":[{\"@type\":\"WebPage\",\"@id\":\"https:\/\/www.knowingyou.be\/benefices-de-accompagnement-therapeutique\/\",\"url\":\"https:\/\/www.knowingyou.be\/benefices-de-accompagnement-therapeutique\/\",\"name\":\"B\u00e9n\u00e9fices de l\u2019accompagnement th\u00e9rapeutique\",\"isPartOf\":{\"@id\":\"https:\/\/www.knowingyou.be\/#website\"},\"datePublished\":\"2021-11-27T13:52:48+00:00\",\"dateModified\":\"2025-12-22T21:43:54+00:00\",\"breadcrumb\":{\"@id\":\"https:\/\/www.knowingyou.be\/benefices-de-accompagnement-therapeutique\/#breadcrumb\"},\"inLanguage\":\"nl-BE\",\"potentialAction\":[{\"@type\":\"ReadAction\",\"target\":[\"https:\/\/www.knowingyou.be\/benefices-de-accompagnement-therapeutique\/\"]}]},{\"@type\":\"BreadcrumbList\",\"@id\":\"https:\/\/www.knowingyou.be\/benefices-de-accompagnement-therapeutique\/#breadcrumb\",\"itemListElement\":[{\"@type\":\"ListItem\",\"position\":1,\"name\":\"Home\",\"item\":\"https:\/\/www.knowingyou.be\/\"},{\"@type\":\"ListItem\",\"position\":2,\"name\":\"B\u00e9n\u00e9fices de l\u2019accompagnement th\u00e9rapeutique\"}]},{\"@type\":\"WebSite\",\"@id\":\"https:\/\/www.knowingyou.be\/#website\",\"url\":\"https:\/\/www.knowingyou.be\/\",\"name\":\"Knowing You\",\"description\":\"\",\"publisher\":{\"@id\":\"https:\/\/www.knowingyou.be\/#organization\"},\"potentialAction\":[{\"@type\":\"SearchAction\",\"target\":{\"@type\":\"EntryPoint\",\"urlTemplate\":\"https:\/\/www.knowingyou.be\/?s={search_term_string}\"},\"query-input\":{\"@type\":\"PropertyValueSpecification\",\"valueRequired\":true,\"valueName\":\"search_term_string\"}}],\"inLanguage\":\"nl-BE\"},{\"@type\":\"Organization\",\"@id\":\"https:\/\/www.knowingyou.be\/#organization\",\"name\":\"Knowing You\",\"url\":\"https:\/\/www.knowingyou.be\/\",\"logo\":{\"@type\":\"ImageObject\",\"inLanguage\":\"nl-BE\",\"@id\":\"https:\/\/www.knowingyou.be\/#\/schema\/logo\/image\/\",\"url\":\"https:\/\/i2.wp.com\/www.knowingyou.be\/wp-content\/uploads\/2021\/12\/Copy-of-Copie-de-Copie-de-Ajouter-un-sous-titre.png?fit=500%2C500&ssl=1\",\"contentUrl\":\"https:\/\/i2.wp.com\/www.knowingyou.be\/wp-content\/uploads\/2021\/12\/Copy-of-Copie-de-Copie-de-Ajouter-un-sous-titre.png?fit=500%2C500&ssl=1\",\"width\":500,\"height\":500,\"caption\":\"Knowing You\"},\"image\":{\"@id\":\"https:\/\/www.knowingyou.be\/#\/schema\/logo\/image\/\"},\"sameAs\":[\"https:\/\/www.facebook.com\/SeverineCauchie\",\"https:\/\/www.linkedin.com\/in\/severinecauchie\"]}]}<\/script>\n<!-- \/ Yoast SEO plugin. -->","yoast_head_json":{"title":"Voordelen van therapeutische begeleiding","robots":{"index":"index","follow":"follow","max-snippet":"max-snippet:-1","max-image-preview":"max-image-preview:large","max-video-preview":"max-video-preview:-1"},"canonical":"https:\/\/www.knowingyou.be\/nl\/benefices-de-accompagnement-therapeutique\/","og_locale":"nl_BE","og_type":"article","og_title":"B\u00e9n\u00e9fices de l\u2019accompagnement th\u00e9rapeutique","og_description":"Les b\u00e9n\u00e9fices seront \u00e9videmment diff\u00e9rents pour chaque personne en fonction de ses attentes de d\u00e9part mais aussi en fonction de son cheminement tout au long des s\u00e9ances. Toutefois, voici quelques exemples pratiques de bienfaits possibles de l&rsquo;accompagnement th\u00e9rapeutique que je vous propose\u00a0(liste non-exhaustive ci-dessous)\u00a0: Tendre vers un\u00a0mieux-\u00eatre, plus de\u00a0s\u00e9r\u00e9nit\u00e9 et [&hellip;]","og_url":"https:\/\/www.knowingyou.be\/nl\/benefices-de-accompagnement-therapeutique\/","og_site_name":"Knowing You","article_publisher":"https:\/\/www.facebook.com\/SeverineCauchie","article_modified_time":"2025-12-22T21:43:54+00:00","og_image":[{"width":500,"height":500,"url":"https:\/\/i0.wp.com\/www.knowingyou.be\/wp-content\/uploads\/2021\/12\/Copy-of-Copie-de-Copie-de-Ajouter-un-sous-titre.png?fit=500%2C500&ssl=1","type":"image\/png"}],"twitter_card":"summary_large_image","twitter_misc":{"Geschatte leestijd":"2 minuten"},"schema":{"@context":"https:\/\/schema.org","@graph":[{"@type":"WebPage","@id":"https:\/\/www.knowingyou.be\/benefices-de-accompagnement-therapeutique\/","url":"https:\/\/www.knowingyou.be\/benefices-de-accompagnement-therapeutique\/","name":"Voordelen van therapeutische begeleiding","isPartOf":{"@id":"https:\/\/www.knowingyou.be\/#website"},"datePublished":"2021-11-27T13:52:48+00:00","dateModified":"2025-12-22T21:43:54+00:00","breadcrumb":{"@id":"https:\/\/www.knowingyou.be\/benefices-de-accompagnement-therapeutique\/#breadcrumb"},"inLanguage":"nl-BE","potentialAction":[{"@type":"ReadAction","target":["https:\/\/www.knowingyou.be\/benefices-de-accompagnement-therapeutique\/"]}]},{"@type":"BreadcrumbList","@id":"https:\/\/www.knowingyou.be\/benefices-de-accompagnement-therapeutique\/#breadcrumb","itemListElement":[{"@type":"ListItem","position":1,"name":"Home","item":"https:\/\/www.knowingyou.be\/"},{"@type":"ListItem","position":2,"name":"B\u00e9n\u00e9fices de l\u2019accompagnement th\u00e9rapeutique"}]},{"@type":"WebSite","@id":"https:\/\/www.knowingyou.be\/#website","url":"https:\/\/www.knowingyou.be\/","name":"Knowing You","description":"","publisher":{"@id":"https:\/\/www.knowingyou.be\/#organization"},"potentialAction":[{"@type":"SearchAction","target":{"@type":"EntryPoint","urlTemplate":"https:\/\/www.knowingyou.be\/?s={search_term_string}"},"query-input":{"@type":"PropertyValueSpecification","valueRequired":true,"valueName":"search_term_string"}}],"inLanguage":"nl-BE"},{"@type":"Organization","@id":"https:\/\/www.knowingyou.be\/#organization","name":"Knowing You","url":"https:\/\/www.knowingyou.be\/","logo":{"@type":"ImageObject","inLanguage":"nl-BE","@id":"https:\/\/www.knowingyou.be\/#\/schema\/logo\/image\/","url":"https:\/\/i2.wp.com\/www.knowingyou.be\/wp-content\/uploads\/2021\/12\/Copy-of-Copie-de-Copie-de-Ajouter-un-sous-titre.png?fit=500%2C500&ssl=1","contentUrl":"https:\/\/i2.wp.com\/www.knowingyou.be\/wp-content\/uploads\/2021\/12\/Copy-of-Copie-de-Copie-de-Ajouter-un-sous-titre.png?fit=500%2C500&ssl=1","width":500,"height":500,"caption":"Knowing You"},"image":{"@id":"https:\/\/www.knowingyou.be\/#\/schema\/logo\/image\/"},"sameAs":["https:\/\/www.facebook.com\/SeverineCauchie","https:\/\/www.linkedin.com\/in\/severinecauchie"]}]}},"jetpack_sharing_enabled":true,"_links":{"self":[{"href":"https:\/\/www.knowingyou.be\/nl\/wp-json\/wp\/v2\/pages\/165","targetHints":{"allow":["GET"]}}],"collection":[{"href":"https:\/\/www.knowingyou.be\/nl\/wp-json\/wp\/v2\/pages"}],"about":[{"href":"https:\/\/www.knowingyou.be\/nl\/wp-json\/wp\/v2\/types\/page"}],"author":[{"embeddable":true,"href":"https:\/\/www.knowingyou.be\/nl\/wp-json\/wp\/v2\/users\/1"}],"replies":[{"embeddable":true,"href":"https:\/\/www.knowingyou.be\/nl\/wp-json\/wp\/v2\/comments?post=165"}],"version-history":[{"count":7,"href":"https:\/\/www.knowingyou.be\/nl\/wp-json\/wp\/v2\/pages\/165\/revisions"}],"predecessor-version":[{"id":475,"href":"https:\/\/www.knowingyou.be\/nl\/wp-json\/wp\/v2\/pages\/165\/revisions\/475"}],"wp:attachment":[{"href":"https:\/\/www.knowingyou.be\/nl\/wp-json\/wp\/v2\/media?parent=165"}],"curies":[{"name":"wp","href":"https:\/\/api.w.org\/{rel}","templated":true}]}}