{"id":169,"date":"2021-11-27T14:03:25","date_gmt":"2021-11-27T14:03:25","guid":{"rendered":"https:\/\/www.knowingyou.be\/?page_id=169"},"modified":"2025-10-21T19:22:12","modified_gmt":"2025-10-21T19:22:12","slug":"pour-qui","status":"publish","type":"page","link":"https:\/\/www.knowingyou.be\/nl\/pour-qui\/","title":{"rendered":"Voor wie?"},"content":{"rendered":"<p>Ces diff\u00e9rentes approches sont destin\u00e9es \u00e0 toute personne qui ressent le besoin ou l&rsquo;envie de d\u00e9marrer un accompagnement th\u00e9rapeutique ou un coaching ou de recevoir un massage.<\/p>\nL&rsquo;accompagnement propos\u00e9 peut \u00eatre utile \u00e0 toute personne qui souhaite cheminer, prendre soin d&rsquo;elle, s&rsquo;apaiser, s&rsquo;accueillir, se reconnecter \u00e0 son corps et ses \u00e9motions,&#8230;<br \/>\nEt tant d&rsquo;autres possibilit\u00e9s (liste non-exhaustive ci-dessous)\u00a0:\n\t<ul>\n<li>Voor mensen die op zoek zijn naar\u00a0<strong>betekenis<\/strong>, van\u00a0<strong>meerwaarde<\/strong>, <strong>zelfreflectie \/ in een fase van zelfonderzoek<\/strong>\u00a0op persoonlijk en\/of professioneel vlak<\/li>\n<li>Aux personnes en recherche d&rsquo;un\u00a0<strong>staat van welzijn<\/strong>, van\u00a0<strong>ontspanning<\/strong>, de reconnexion au corps et\/ou d&rsquo;un\u00a0<strong>betere fysieke, mentale en emotionele balans\u00a0<\/strong><\/li>\n<li>Mensen die intense\/chronische\u00a0<strong>stress<\/strong>\u00a0ervaren, die een staat doormaken van <strong>d&rsquo;\u00e9puisement<\/strong> fysieke, psychische en\/of emotionele <strong>burn out<\/strong>of die een professionele herintegratie willen opstarten na een periode van werkonderbreking of een carri\u00e8reswitch.<\/li>\n<li>Voor mensen die in zichzelf nog\u00a0<strong>blessures<\/strong>,\u00a0<strong>gebreken<\/strong>,\u00a0<strong>frustraties<\/strong>, <strong>piekergedachten<\/strong>\u00a0of\u00a0<strong>blokkades<\/strong> que le corps a emmagasin\u00e9s. Le corps nous envoie des signaux que souvent nous n&rsquo;\u00e9coutons pas, pris dans notre quotidien, dans notre mental et dans nos sch\u00e9mas automatiques.<\/li>\n<li>Voor mensen die door moeilijke levensmomenten gaan, zoals\u00a0<strong>le deuil, le conflit, la maladie, une s\u00e9paration ou des \u00e9motions difficiles (peur, col\u00e8re, tristesse, honte&#8230;), des maux physiques, une perte de confiance ou d&rsquo;estime de soi, un manque d&rsquo;assertivit\u00e9,<\/strong> etc&#8230;<\/li>\n<\/ul>\n<p>Tout a une place dans l&rsquo;accompagnement que je vous propose. Nous accueillerons ce qui est pr\u00e9sent.<\/p>\n\t\t\t\t<img data-recalc-dims=\"1\" decoding=\"async\" src=\"https:\/\/i0.wp.com\/www.knowingyou.be\/wp-content\/uploads\/2021\/11\/quote2.png?resize=260%2C263&#038;ssl=1\" alt=\"quote2\" itemprop=\"image\" height=\"263\" width=\"260\" title=\"quote2\" onerror=\"this.style.display='none'\" loading='lazy' \/>\n\t\t\t\t<img data-recalc-dims=\"1\" decoding=\"async\" src=\"https:\/\/i0.wp.com\/www.knowingyou.be\/wp-content\/uploads\/2021\/11\/quote3.png.jpg?resize=285%2C264&#038;ssl=1\" alt=\"quote3.png\" itemprop=\"image\" height=\"264\" width=\"285\" title=\"quote3.png\" onerror=\"this.style.display='none'\" loading='lazy' \/>\n\t\t\t<a href=\"https:\/\/www.knowingyou.be\/nl\/accompagnement\/\" target=\"_self\" rel=\"noopener\">\n\t\t\t\t\t\t\tOntdek de verschillende benaderingen\n\t\t\t\t\t<\/a>","protected":false},"excerpt":{"rendered":"<p>Ces diff\u00e9rentes approches sont destin\u00e9es \u00e0 toute personne qui ressent le besoin ou l&rsquo;envie de d\u00e9marrer un accompagnement th\u00e9rapeutique ou un coaching ou de recevoir un massage. L&rsquo;accompagnement propos\u00e9 peut \u00eatre utile \u00e0 toute personne qui souhaite cheminer, prendre soin d&rsquo;elle, s&rsquo;apaiser, s&rsquo;accueillir, se reconnecter \u00e0 son corps et ses [&hellip;]<\/p>\n","protected":false},"author":1,"featured_media":0,"parent":0,"menu_order":0,"comment_status":"closed","ping_status":"closed","template":"","meta":{"footnotes":""},"class_list":["post-169","page","type-page","status-publish","hentry"],"yoast_head":"<!-- This site is optimized with the Yoast SEO plugin v24.5 - https:\/\/yoast.com\/wordpress\/plugins\/seo\/ -->\n<title>Qui Suis-Je<\/title>\n<meta name=\"robots\" content=\"index, follow, max-snippet:-1, max-image-preview:large, max-video-preview:-1\" \/>\n<link rel=\"canonical\" href=\"https:\/\/www.knowingyou.be\/nl\/pour-qui\/\" \/>\n<meta property=\"og:locale\" content=\"nl_BE\" \/>\n<meta property=\"og:type\" content=\"article\" \/>\n<meta property=\"og:title\" content=\"Qui Suis-Je\" \/>\n<meta property=\"og:description\" content=\"Ces diff\u00e9rentes approches sont destin\u00e9es \u00e0 toute personne qui ressent le besoin ou l&rsquo;envie de d\u00e9marrer un accompagnement th\u00e9rapeutique ou un coaching ou de recevoir un massage. L&rsquo;accompagnement propos\u00e9 peut \u00eatre utile \u00e0 toute personne qui souhaite cheminer, prendre soin d&rsquo;elle, s&rsquo;apaiser, s&rsquo;accueillir, se reconnecter \u00e0 son corps et ses [&hellip;]\" \/>\n<meta property=\"og:url\" content=\"https:\/\/www.knowingyou.be\/nl\/pour-qui\/\" \/>\n<meta property=\"og:site_name\" content=\"Knowing You\" \/>\n<meta property=\"article:publisher\" content=\"https:\/\/www.facebook.com\/SeverineCauchie\" \/>\n<meta property=\"article:modified_time\" content=\"2025-10-21T19:22:12+00:00\" \/>\n<meta property=\"og:image\" content=\"https:\/\/www.knowingyou.be\/wp-content\/uploads\/2021\/11\/quote2.png\" \/>\n<meta name=\"twitter:card\" content=\"summary_large_image\" \/>\n<meta name=\"twitter:label1\" content=\"Geschatte leestijd\" \/>\n\t<meta name=\"twitter:data1\" content=\"1 minuut\" \/>\n<script type=\"application\/ld+json\" class=\"yoast-schema-graph\">{\"@context\":\"https:\/\/schema.org\",\"@graph\":[{\"@type\":\"WebPage\",\"@id\":\"https:\/\/www.knowingyou.be\/pour-qui\/\",\"url\":\"https:\/\/www.knowingyou.be\/pour-qui\/\",\"name\":\"Qui Suis-Je\",\"isPartOf\":{\"@id\":\"https:\/\/www.knowingyou.be\/#website\"},\"primaryImageOfPage\":{\"@id\":\"https:\/\/www.knowingyou.be\/pour-qui\/#primaryimage\"},\"image\":{\"@id\":\"https:\/\/www.knowingyou.be\/pour-qui\/#primaryimage\"},\"thumbnailUrl\":\"https:\/\/www.knowingyou.be\/wp-content\/uploads\/2021\/11\/quote2.png\",\"datePublished\":\"2021-11-27T14:03:25+00:00\",\"dateModified\":\"2025-10-21T19:22:12+00:00\",\"breadcrumb\":{\"@id\":\"https:\/\/www.knowingyou.be\/pour-qui\/#breadcrumb\"},\"inLanguage\":\"nl-BE\",\"potentialAction\":[{\"@type\":\"ReadAction\",\"target\":[\"https:\/\/www.knowingyou.be\/pour-qui\/\"]}]},{\"@type\":\"ImageObject\",\"inLanguage\":\"nl-BE\",\"@id\":\"https:\/\/www.knowingyou.be\/pour-qui\/#primaryimage\",\"url\":\"https:\/\/www.knowingyou.be\/wp-content\/uploads\/2021\/11\/quote2.png\",\"contentUrl\":\"https:\/\/www.knowingyou.be\/wp-content\/uploads\/2021\/11\/quote2.png\"},{\"@type\":\"BreadcrumbList\",\"@id\":\"https:\/\/www.knowingyou.be\/pour-qui\/#breadcrumb\",\"itemListElement\":[{\"@type\":\"ListItem\",\"position\":1,\"name\":\"Home\",\"item\":\"https:\/\/www.knowingyou.be\/\"},{\"@type\":\"ListItem\",\"position\":2,\"name\":\"Pour qui?\"}]},{\"@type\":\"WebSite\",\"@id\":\"https:\/\/www.knowingyou.be\/#website\",\"url\":\"https:\/\/www.knowingyou.be\/\",\"name\":\"Knowing You\",\"description\":\"\",\"publisher\":{\"@id\":\"https:\/\/www.knowingyou.be\/#organization\"},\"potentialAction\":[{\"@type\":\"SearchAction\",\"target\":{\"@type\":\"EntryPoint\",\"urlTemplate\":\"https:\/\/www.knowingyou.be\/?s={search_term_string}\"},\"query-input\":{\"@type\":\"PropertyValueSpecification\",\"valueRequired\":true,\"valueName\":\"search_term_string\"}}],\"inLanguage\":\"nl-BE\"},{\"@type\":\"Organization\",\"@id\":\"https:\/\/www.knowingyou.be\/#organization\",\"name\":\"Knowing You\",\"url\":\"https:\/\/www.knowingyou.be\/\",\"logo\":{\"@type\":\"ImageObject\",\"inLanguage\":\"nl-BE\",\"@id\":\"https:\/\/www.knowingyou.be\/#\/schema\/logo\/image\/\",\"url\":\"https:\/\/i2.wp.com\/www.knowingyou.be\/wp-content\/uploads\/2021\/12\/Copy-of-Copie-de-Copie-de-Ajouter-un-sous-titre.png?fit=500%2C500&ssl=1\",\"contentUrl\":\"https:\/\/i2.wp.com\/www.knowingyou.be\/wp-content\/uploads\/2021\/12\/Copy-of-Copie-de-Copie-de-Ajouter-un-sous-titre.png?fit=500%2C500&ssl=1\",\"width\":500,\"height\":500,\"caption\":\"Knowing You\"},\"image\":{\"@id\":\"https:\/\/www.knowingyou.be\/#\/schema\/logo\/image\/\"},\"sameAs\":[\"https:\/\/www.facebook.com\/SeverineCauchie\",\"https:\/\/www.linkedin.com\/in\/severinecauchie\"]}]}<\/script>\n<!-- \/ Yoast SEO plugin. -->","yoast_head_json":{"title":"Wie ben ik?","robots":{"index":"index","follow":"follow","max-snippet":"max-snippet:-1","max-image-preview":"max-image-preview:large","max-video-preview":"max-video-preview:-1"},"canonical":"https:\/\/www.knowingyou.be\/nl\/pour-qui\/","og_locale":"nl_BE","og_type":"article","og_title":"Qui Suis-Je","og_description":"Ces diff\u00e9rentes approches sont destin\u00e9es \u00e0 toute personne qui ressent le besoin ou l&rsquo;envie de d\u00e9marrer un accompagnement th\u00e9rapeutique ou un coaching ou de recevoir un massage. L&rsquo;accompagnement propos\u00e9 peut \u00eatre utile \u00e0 toute personne qui souhaite cheminer, prendre soin d&rsquo;elle, s&rsquo;apaiser, s&rsquo;accueillir, se reconnecter \u00e0 son corps et ses [&hellip;]","og_url":"https:\/\/www.knowingyou.be\/nl\/pour-qui\/","og_site_name":"Knowing You","article_publisher":"https:\/\/www.facebook.com\/SeverineCauchie","article_modified_time":"2025-10-21T19:22:12+00:00","og_image":[{"url":"https:\/\/www.knowingyou.be\/wp-content\/uploads\/2021\/11\/quote2.png","type":"","width":"","height":""}],"twitter_card":"summary_large_image","twitter_misc":{"Geschatte leestijd":"1 minuut"},"schema":{"@context":"https:\/\/schema.org","@graph":[{"@type":"WebPage","@id":"https:\/\/www.knowingyou.be\/pour-qui\/","url":"https:\/\/www.knowingyou.be\/pour-qui\/","name":"Wie ben ik?","isPartOf":{"@id":"https:\/\/www.knowingyou.be\/#website"},"primaryImageOfPage":{"@id":"https:\/\/www.knowingyou.be\/pour-qui\/#primaryimage"},"image":{"@id":"https:\/\/www.knowingyou.be\/pour-qui\/#primaryimage"},"thumbnailUrl":"https:\/\/www.knowingyou.be\/wp-content\/uploads\/2021\/11\/quote2.png","datePublished":"2021-11-27T14:03:25+00:00","dateModified":"2025-10-21T19:22:12+00:00","breadcrumb":{"@id":"https:\/\/www.knowingyou.be\/pour-qui\/#breadcrumb"},"inLanguage":"nl-BE","potentialAction":[{"@type":"ReadAction","target":["https:\/\/www.knowingyou.be\/pour-qui\/"]}]},{"@type":"ImageObject","inLanguage":"nl-BE","@id":"https:\/\/www.knowingyou.be\/pour-qui\/#primaryimage","url":"https:\/\/www.knowingyou.be\/wp-content\/uploads\/2021\/11\/quote2.png","contentUrl":"https:\/\/www.knowingyou.be\/wp-content\/uploads\/2021\/11\/quote2.png"},{"@type":"BreadcrumbList","@id":"https:\/\/www.knowingyou.be\/pour-qui\/#breadcrumb","itemListElement":[{"@type":"ListItem","position":1,"name":"Home","item":"https:\/\/www.knowingyou.be\/"},{"@type":"ListItem","position":2,"name":"Pour qui?"}]},{"@type":"WebSite","@id":"https:\/\/www.knowingyou.be\/#website","url":"https:\/\/www.knowingyou.be\/","name":"Knowing You","description":"","publisher":{"@id":"https:\/\/www.knowingyou.be\/#organization"},"potentialAction":[{"@type":"SearchAction","target":{"@type":"EntryPoint","urlTemplate":"https:\/\/www.knowingyou.be\/?s={search_term_string}"},"query-input":{"@type":"PropertyValueSpecification","valueRequired":true,"valueName":"search_term_string"}}],"inLanguage":"nl-BE"},{"@type":"Organization","@id":"https:\/\/www.knowingyou.be\/#organization","name":"Knowing You","url":"https:\/\/www.knowingyou.be\/","logo":{"@type":"ImageObject","inLanguage":"nl-BE","@id":"https:\/\/www.knowingyou.be\/#\/schema\/logo\/image\/","url":"https:\/\/i2.wp.com\/www.knowingyou.be\/wp-content\/uploads\/2021\/12\/Copy-of-Copie-de-Copie-de-Ajouter-un-sous-titre.png?fit=500%2C500&ssl=1","contentUrl":"https:\/\/i2.wp.com\/www.knowingyou.be\/wp-content\/uploads\/2021\/12\/Copy-of-Copie-de-Copie-de-Ajouter-un-sous-titre.png?fit=500%2C500&ssl=1","width":500,"height":500,"caption":"Knowing You"},"image":{"@id":"https:\/\/www.knowingyou.be\/#\/schema\/logo\/image\/"},"sameAs":["https:\/\/www.facebook.com\/SeverineCauchie","https:\/\/www.linkedin.com\/in\/severinecauchie"]}]}},"jetpack_sharing_enabled":true,"_links":{"self":[{"href":"https:\/\/www.knowingyou.be\/nl\/wp-json\/wp\/v2\/pages\/169","targetHints":{"allow":["GET"]}}],"collection":[{"href":"https:\/\/www.knowingyou.be\/nl\/wp-json\/wp\/v2\/pages"}],"about":[{"href":"https:\/\/www.knowingyou.be\/nl\/wp-json\/wp\/v2\/types\/page"}],"author":[{"embeddable":true,"href":"https:\/\/www.knowingyou.be\/nl\/wp-json\/wp\/v2\/users\/1"}],"replies":[{"embeddable":true,"href":"https:\/\/www.knowingyou.be\/nl\/wp-json\/wp\/v2\/comments?post=169"}],"version-history":[{"count":7,"href":"https:\/\/www.knowingyou.be\/nl\/wp-json\/wp\/v2\/pages\/169\/revisions"}],"predecessor-version":[{"id":472,"href":"https:\/\/www.knowingyou.be\/nl\/wp-json\/wp\/v2\/pages\/169\/revisions\/472"}],"wp:attachment":[{"href":"https:\/\/www.knowingyou.be\/nl\/wp-json\/wp\/v2\/media?parent=169"}],"curies":[{"name":"wp","href":"https:\/\/api.w.org\/{rel}","templated":true}]}}