{"id":175,"date":"2021-11-27T14:15:48","date_gmt":"2021-11-27T14:15:48","guid":{"rendered":"https:\/\/www.knowingyou.be\/?page_id=175"},"modified":"2025-12-22T21:47:33","modified_gmt":"2025-12-22T21:47:33","slug":"duree-de-l-accompagnement","status":"publish","type":"page","link":"https:\/\/www.knowingyou.be\/nl\/duree-de-l-accompagnement\/","title":{"rendered":"Duur van de begeleiding\u00a0"},"content":{"rendered":"<p>Alles hangt af van uw oorspronkelijke behoefte. <\/p>\n<p>Het proces van <strong>coaching-\/HR-adviesproces<\/strong> s&rsquo;effectue en g\u00e9n\u00e9ral sur plusieurs s\u00e9ances (sauf demande tr\u00e8s sp\u00e9cifique) en fonction de l&rsquo;objectif d\u00e9termin\u00e9 en amont ensemble. La d\u00e9marche est concr\u00e8te et pratico-pratique, et peut \u00eatre d\u00e9termin\u00e9e dans le temps.<\/p>\n<p>De <strong>Pyscho-lichaams-, emotionele en energetische therapie<\/strong> est une approche th\u00e9rapeutique plus long terme (\u00e0 contrario des th\u00e9rapies br\u00e8ves). Toutefois la dur\u00e9e se d\u00e9termine bien entendu ensemble et en fonction de la demande de base. Une limite dans le temps n&rsquo;est toutefois pas obligatoire et d\u00e9pendra souvent de comment vous cheminez dans le processus th\u00e9rapeutique.<\/p>\n\t\t\t\t<img data-recalc-dims=\"1\" decoding=\"async\" src=\"https:\/\/i0.wp.com\/www.knowingyou.be\/wp-content\/uploads\/2021\/10\/Severine_HD_17-scaled.jpg?resize=750%2C500&#038;ssl=1\" alt=\"office\" itemprop=\"image\" height=\"500\" width=\"750\" title=\"Severine_HD_17\" onerror=\"this.style.display='none'\" loading='lazy' \/>\n\t<p>De <strong>therapeutische massage<\/strong> kan worden aangevraagd voor \u00e9\u00e9n sessie, meerdere sessies of voor een regelmatige en\/of langdurige begeleiding. Ik bied ook cadeaubonnen aan voor dit type sessie.<\/p>\n<p>Het bijzondere dat ik u ook wil aanbieden, is de mogelijkheid om <strong>de verschillende soorten sessies te combineren<\/strong> afhankelijk van uw behoefte: een gecombineerde sessie coaching of HR-advies\/massage, of een gecombineerde sessie therapie\/massage. <\/p>\n\t\t\t<a href=\"https:\/\/www.knowingyou.be\/nl\/accompagnement\/\" target=\"_self\" rel=\"noopener\">\n\t\t\t\t\t\t\tOntdek de verschillende benaderingen\n\t\t\t\t\t<\/a>","protected":false},"excerpt":{"rendered":"<p>Tout d\u00e9pend de votre besoin \u00e0 la base. Le processus de coaching\/de conseils RH s&rsquo;effectue en g\u00e9n\u00e9ral sur plusieurs s\u00e9ances (sauf demande tr\u00e8s sp\u00e9cifique) en fonction de l&rsquo;objectif d\u00e9termin\u00e9 en amont ensemble. La d\u00e9marche est concr\u00e8te et pratico-pratique, et peut \u00eatre d\u00e9termin\u00e9e dans le temps. La th\u00e9rapie psycho-corporelle est une [&hellip;]<\/p>\n","protected":false},"author":1,"featured_media":0,"parent":0,"menu_order":0,"comment_status":"closed","ping_status":"closed","template":"","meta":{"footnotes":""},"class_list":["post-175","page","type-page","status-publish","hentry"],"yoast_head":"<!-- This site is optimized with the Yoast SEO plugin v24.5 - https:\/\/yoast.com\/wordpress\/plugins\/seo\/ -->\n<title>Dur\u00e9e de l\u2019accompagnement<\/title>\n<meta name=\"robots\" content=\"index, follow, max-snippet:-1, max-image-preview:large, max-video-preview:-1\" \/>\n<link rel=\"canonical\" href=\"https:\/\/www.knowingyou.be\/nl\/duree-de-l-accompagnement\/\" \/>\n<meta property=\"og:locale\" content=\"nl_BE\" \/>\n<meta property=\"og:type\" content=\"article\" \/>\n<meta property=\"og:title\" content=\"Dur\u00e9e de l\u2019accompagnement\" \/>\n<meta property=\"og:description\" content=\"Tout d\u00e9pend de votre besoin \u00e0 la base. Le processus de coaching\/de conseils RH s&rsquo;effectue en g\u00e9n\u00e9ral sur plusieurs s\u00e9ances (sauf demande tr\u00e8s sp\u00e9cifique) en fonction de l&rsquo;objectif d\u00e9termin\u00e9 en amont ensemble. La d\u00e9marche est concr\u00e8te et pratico-pratique, et peut \u00eatre d\u00e9termin\u00e9e dans le temps. La th\u00e9rapie psycho-corporelle est une [&hellip;]\" \/>\n<meta property=\"og:url\" content=\"https:\/\/www.knowingyou.be\/nl\/duree-de-l-accompagnement\/\" \/>\n<meta property=\"og:site_name\" content=\"Knowing You\" \/>\n<meta property=\"article:publisher\" content=\"https:\/\/www.facebook.com\/SeverineCauchie\" \/>\n<meta property=\"article:modified_time\" content=\"2025-12-22T21:47:33+00:00\" \/>\n<meta property=\"og:image\" content=\"https:\/\/www.knowingyou.be\/wp-content\/uploads\/2021\/10\/Severine_HD_17-scaled.jpg\" \/>\n<meta name=\"twitter:card\" content=\"summary_large_image\" \/>\n<meta name=\"twitter:label1\" content=\"Geschatte leestijd\" \/>\n\t<meta name=\"twitter:data1\" content=\"1 minuut\" \/>\n<script type=\"application\/ld+json\" class=\"yoast-schema-graph\">{\"@context\":\"https:\/\/schema.org\",\"@graph\":[{\"@type\":\"WebPage\",\"@id\":\"https:\/\/www.knowingyou.be\/duree-de-l-accompagnement\/\",\"url\":\"https:\/\/www.knowingyou.be\/duree-de-l-accompagnement\/\",\"name\":\"Dur\u00e9e de l\u2019accompagnement\",\"isPartOf\":{\"@id\":\"https:\/\/www.knowingyou.be\/#website\"},\"primaryImageOfPage\":{\"@id\":\"https:\/\/www.knowingyou.be\/duree-de-l-accompagnement\/#primaryimage\"},\"image\":{\"@id\":\"https:\/\/www.knowingyou.be\/duree-de-l-accompagnement\/#primaryimage\"},\"thumbnailUrl\":\"https:\/\/www.knowingyou.be\/wp-content\/uploads\/2021\/10\/Severine_HD_17-scaled.jpg\",\"datePublished\":\"2021-11-27T14:15:48+00:00\",\"dateModified\":\"2025-12-22T21:47:33+00:00\",\"breadcrumb\":{\"@id\":\"https:\/\/www.knowingyou.be\/duree-de-l-accompagnement\/#breadcrumb\"},\"inLanguage\":\"nl-BE\",\"potentialAction\":[{\"@type\":\"ReadAction\",\"target\":[\"https:\/\/www.knowingyou.be\/duree-de-l-accompagnement\/\"]}]},{\"@type\":\"ImageObject\",\"inLanguage\":\"nl-BE\",\"@id\":\"https:\/\/www.knowingyou.be\/duree-de-l-accompagnement\/#primaryimage\",\"url\":\"https:\/\/www.knowingyou.be\/wp-content\/uploads\/2021\/10\/Severine_HD_17-scaled.jpg\",\"contentUrl\":\"https:\/\/www.knowingyou.be\/wp-content\/uploads\/2021\/10\/Severine_HD_17-scaled.jpg\"},{\"@type\":\"BreadcrumbList\",\"@id\":\"https:\/\/www.knowingyou.be\/duree-de-l-accompagnement\/#breadcrumb\",\"itemListElement\":[{\"@type\":\"ListItem\",\"position\":1,\"name\":\"Home\",\"item\":\"https:\/\/www.knowingyou.be\/\"},{\"@type\":\"ListItem\",\"position\":2,\"name\":\"Dur\u00e9e de l\u2019accompagnement\u00a0\"}]},{\"@type\":\"WebSite\",\"@id\":\"https:\/\/www.knowingyou.be\/#website\",\"url\":\"https:\/\/www.knowingyou.be\/\",\"name\":\"Knowing You\",\"description\":\"\",\"publisher\":{\"@id\":\"https:\/\/www.knowingyou.be\/#organization\"},\"potentialAction\":[{\"@type\":\"SearchAction\",\"target\":{\"@type\":\"EntryPoint\",\"urlTemplate\":\"https:\/\/www.knowingyou.be\/?s={search_term_string}\"},\"query-input\":{\"@type\":\"PropertyValueSpecification\",\"valueRequired\":true,\"valueName\":\"search_term_string\"}}],\"inLanguage\":\"nl-BE\"},{\"@type\":\"Organization\",\"@id\":\"https:\/\/www.knowingyou.be\/#organization\",\"name\":\"Knowing You\",\"url\":\"https:\/\/www.knowingyou.be\/\",\"logo\":{\"@type\":\"ImageObject\",\"inLanguage\":\"nl-BE\",\"@id\":\"https:\/\/www.knowingyou.be\/#\/schema\/logo\/image\/\",\"url\":\"https:\/\/i2.wp.com\/www.knowingyou.be\/wp-content\/uploads\/2021\/12\/Copy-of-Copie-de-Copie-de-Ajouter-un-sous-titre.png?fit=500%2C500&ssl=1\",\"contentUrl\":\"https:\/\/i2.wp.com\/www.knowingyou.be\/wp-content\/uploads\/2021\/12\/Copy-of-Copie-de-Copie-de-Ajouter-un-sous-titre.png?fit=500%2C500&ssl=1\",\"width\":500,\"height\":500,\"caption\":\"Knowing You\"},\"image\":{\"@id\":\"https:\/\/www.knowingyou.be\/#\/schema\/logo\/image\/\"},\"sameAs\":[\"https:\/\/www.facebook.com\/SeverineCauchie\",\"https:\/\/www.linkedin.com\/in\/severinecauchie\"]}]}<\/script>\n<!-- \/ Yoast SEO plugin. -->","yoast_head_json":{"title":"Duur van de begeleiding","robots":{"index":"index","follow":"follow","max-snippet":"max-snippet:-1","max-image-preview":"max-image-preview:large","max-video-preview":"max-video-preview:-1"},"canonical":"https:\/\/www.knowingyou.be\/nl\/duree-de-l-accompagnement\/","og_locale":"nl_BE","og_type":"article","og_title":"Dur\u00e9e de l\u2019accompagnement","og_description":"Tout d\u00e9pend de votre besoin \u00e0 la base. Le processus de coaching\/de conseils RH s&rsquo;effectue en g\u00e9n\u00e9ral sur plusieurs s\u00e9ances (sauf demande tr\u00e8s sp\u00e9cifique) en fonction de l&rsquo;objectif d\u00e9termin\u00e9 en amont ensemble. La d\u00e9marche est concr\u00e8te et pratico-pratique, et peut \u00eatre d\u00e9termin\u00e9e dans le temps. La th\u00e9rapie psycho-corporelle est une [&hellip;]","og_url":"https:\/\/www.knowingyou.be\/nl\/duree-de-l-accompagnement\/","og_site_name":"Knowing You","article_publisher":"https:\/\/www.facebook.com\/SeverineCauchie","article_modified_time":"2025-12-22T21:47:33+00:00","og_image":[{"url":"https:\/\/www.knowingyou.be\/wp-content\/uploads\/2021\/10\/Severine_HD_17-scaled.jpg","type":"","width":"","height":""}],"twitter_card":"summary_large_image","twitter_misc":{"Geschatte leestijd":"1 minuut"},"schema":{"@context":"https:\/\/schema.org","@graph":[{"@type":"WebPage","@id":"https:\/\/www.knowingyou.be\/duree-de-l-accompagnement\/","url":"https:\/\/www.knowingyou.be\/duree-de-l-accompagnement\/","name":"Duur van de begeleiding","isPartOf":{"@id":"https:\/\/www.knowingyou.be\/#website"},"primaryImageOfPage":{"@id":"https:\/\/www.knowingyou.be\/duree-de-l-accompagnement\/#primaryimage"},"image":{"@id":"https:\/\/www.knowingyou.be\/duree-de-l-accompagnement\/#primaryimage"},"thumbnailUrl":"https:\/\/www.knowingyou.be\/wp-content\/uploads\/2021\/10\/Severine_HD_17-scaled.jpg","datePublished":"2021-11-27T14:15:48+00:00","dateModified":"2025-12-22T21:47:33+00:00","breadcrumb":{"@id":"https:\/\/www.knowingyou.be\/duree-de-l-accompagnement\/#breadcrumb"},"inLanguage":"nl-BE","potentialAction":[{"@type":"ReadAction","target":["https:\/\/www.knowingyou.be\/duree-de-l-accompagnement\/"]}]},{"@type":"ImageObject","inLanguage":"nl-BE","@id":"https:\/\/www.knowingyou.be\/duree-de-l-accompagnement\/#primaryimage","url":"https:\/\/www.knowingyou.be\/wp-content\/uploads\/2021\/10\/Severine_HD_17-scaled.jpg","contentUrl":"https:\/\/www.knowingyou.be\/wp-content\/uploads\/2021\/10\/Severine_HD_17-scaled.jpg"},{"@type":"BreadcrumbList","@id":"https:\/\/www.knowingyou.be\/duree-de-l-accompagnement\/#breadcrumb","itemListElement":[{"@type":"ListItem","position":1,"name":"Home","item":"https:\/\/www.knowingyou.be\/"},{"@type":"ListItem","position":2,"name":"Dur\u00e9e de l\u2019accompagnement\u00a0"}]},{"@type":"WebSite","@id":"https:\/\/www.knowingyou.be\/#website","url":"https:\/\/www.knowingyou.be\/","name":"Knowing You","description":"","publisher":{"@id":"https:\/\/www.knowingyou.be\/#organization"},"potentialAction":[{"@type":"SearchAction","target":{"@type":"EntryPoint","urlTemplate":"https:\/\/www.knowingyou.be\/?s={search_term_string}"},"query-input":{"@type":"PropertyValueSpecification","valueRequired":true,"valueName":"search_term_string"}}],"inLanguage":"nl-BE"},{"@type":"Organization","@id":"https:\/\/www.knowingyou.be\/#organization","name":"Knowing You","url":"https:\/\/www.knowingyou.be\/","logo":{"@type":"ImageObject","inLanguage":"nl-BE","@id":"https:\/\/www.knowingyou.be\/#\/schema\/logo\/image\/","url":"https:\/\/i2.wp.com\/www.knowingyou.be\/wp-content\/uploads\/2021\/12\/Copy-of-Copie-de-Copie-de-Ajouter-un-sous-titre.png?fit=500%2C500&ssl=1","contentUrl":"https:\/\/i2.wp.com\/www.knowingyou.be\/wp-content\/uploads\/2021\/12\/Copy-of-Copie-de-Copie-de-Ajouter-un-sous-titre.png?fit=500%2C500&ssl=1","width":500,"height":500,"caption":"Knowing You"},"image":{"@id":"https:\/\/www.knowingyou.be\/#\/schema\/logo\/image\/"},"sameAs":["https:\/\/www.facebook.com\/SeverineCauchie","https:\/\/www.linkedin.com\/in\/severinecauchie"]}]}},"jetpack_sharing_enabled":true,"_links":{"self":[{"href":"https:\/\/www.knowingyou.be\/nl\/wp-json\/wp\/v2\/pages\/175","targetHints":{"allow":["GET"]}}],"collection":[{"href":"https:\/\/www.knowingyou.be\/nl\/wp-json\/wp\/v2\/pages"}],"about":[{"href":"https:\/\/www.knowingyou.be\/nl\/wp-json\/wp\/v2\/types\/page"}],"author":[{"embeddable":true,"href":"https:\/\/www.knowingyou.be\/nl\/wp-json\/wp\/v2\/users\/1"}],"replies":[{"embeddable":true,"href":"https:\/\/www.knowingyou.be\/nl\/wp-json\/wp\/v2\/comments?post=175"}],"version-history":[{"count":7,"href":"https:\/\/www.knowingyou.be\/nl\/wp-json\/wp\/v2\/pages\/175\/revisions"}],"predecessor-version":[{"id":478,"href":"https:\/\/www.knowingyou.be\/nl\/wp-json\/wp\/v2\/pages\/175\/revisions\/478"}],"wp:attachment":[{"href":"https:\/\/www.knowingyou.be\/nl\/wp-json\/wp\/v2\/media?parent=175"}],"curies":[{"name":"wp","href":"https:\/\/api.w.org\/{rel}","templated":true}]}}