{"id":178,"date":"2021-11-27T14:47:35","date_gmt":"2021-11-27T14:47:35","guid":{"rendered":"https:\/\/www.knowingyou.be\/?page_id=178"},"modified":"2025-12-22T21:49:48","modified_gmt":"2025-12-22T21:49:48","slug":"qui-suis-je","status":"publish","type":"page","link":"https:\/\/www.knowingyou.be\/nl\/qui-suis-je\/","title":{"rendered":"Wie ben ik?"},"content":{"rendered":"<a href=\"https:\/\/www.knowingyou.be\/nl\/qui-suis-je\/#mon-parcours\" target=\"_self\" rel=\"noopener\">\n\t\t\t\t\t\t\tMijn loopbaan\n\t\t\t\t\t<\/a>\n\t\t\t<a href=\"https:\/\/www.knowingyou.be\/nl\/qui-suis-je\/#reconversion\" target=\"_self\" rel=\"noopener\">\n\t\t\t\t\t\t\tMijn professionele reconversie\n\t\t\t\t\t<\/a>\n\t\t\t<a href=\"https:\/\/www.knowingyou.be\/nl\/qui-suis-je\/#pourquoi\" target=\"_self\" rel=\"noopener\">\n\t\t\t\t\t\t\tWaarom Knowing You?\n\t\t\t\t\t<\/a>\n\t\t\t<a href=\"https:\/\/www.knowingyou.be\/nl\/qui-suis-je\/#remerciements\" target=\"_self\" rel=\"noopener\">\n\t\t\t\t\t\t\tDankwoord\n\t\t\t\t\t<\/a>\n<h2  id=\"mon-parcours\">\n\t\t\tMijn loopbaan\t<\/h2>\n\t<ul>\n<li>Afgestudeerd in <strong>in handels- en financi\u00eble wetenschappen<\/strong> \u00e0 l&rsquo;ICHEC\u00a0;<\/li>\n<li>Getraind in ontspannende <strong>massages<\/strong> relaxants et aromath\u00e9rapie lors d&rsquo;une exp\u00e9rience de vie \u00e0 Bangkok\u00a0;<\/li>\n<li><strong>15 ans d&rsquo;exp\u00e9rience en Ressources Humaines<\/strong>, waarbij ik trainingen heb gegeven in <strong>coaching<\/strong> , stress, burn-out en persoonlijke ontwikkeling.\n<ul>\n<li><em>2006-2008: interim en recruitment consultant bij Randstad<\/em><\/li>\n<li><em>2008-2015: HR Officer en HR Business Partner bij Generali Belgium<\/em><\/li>\n<li><em>2015-2019\u00a0: Talent Manager chez D&rsquo;Ieteren<\/em><\/li>\n<li><em>2019-2021\u00a0: HR Business Partner et Talent Manager, avec une gestion d&rsquo;\u00e9quipe, \u00e0 la STIB<\/em><\/li>\n<\/ul>\n<\/li>\n<\/ul>\n<p>Ces diff\u00e9rentes exp\u00e9riences en Ressources Humaines m&rsquo;ont permis de d\u00e9velopper mes comp\u00e9tences d&rsquo;accompagnement et de coaching sur le terrain avec tout type de collaborateur, manager et leurs \u00e9quipes et ce, dans diff\u00e9rents domaines d&rsquo;activit\u00e9s. La nature humaine de mon travail et le d\u00e9veloppement des collaborateurs \u00e9tant primordiaux \u00e0 mes yeux et toujours au centre de mon activit\u00e9.<\/p>\n<p>&nbsp;<\/p>\n<p>Certifi\u00e9e en tant que Th\u00e9rapeute psycho-corporelle (septembre 2025) \u00e0 l&rsquo;institut de Th\u00e9rapie psychocorporelle \u00e9nerg\u00e9tique et \u00e9motionnelle au centre Atmaram \u00e0 Forest (www.atmaram.be).<\/p>\n<p>&nbsp;<\/p>\n\t\t\t\t<img data-recalc-dims=\"1\" decoding=\"async\" src=\"https:\/\/i0.wp.com\/www.knowingyou.be\/wp-content\/uploads\/2021\/11\/Severine_HD_16-scaled.jpg?resize=750%2C1125&#038;ssl=1\" alt=\"Severine_Conseil\" itemprop=\"image\" height=\"1125\" width=\"750\" title=\"Severine_Conseil\" onerror=\"this.style.display='none'\" loading=\"lazy\" \/>\n<h2  id=\"reconversion\">\n\t\t\tMijn professionele reconversie\t<\/h2>\n\t<p>Apr\u00e8s avoir travers\u00e9 diff\u00e9rentes \u00e9preuves que la vie a mises sur mon chemin, un \u00e9puisement physique, psychique et \u00e9motionnel s&rsquo;est petit \u00e0 petit install\u00e9 et a litt\u00e9ralement fait craquer la personne forte que j&rsquo;\u00e9tais.<\/p>\n<p>Un long cheminement et travail personnel pour me reconstruire a alors d\u00e9but\u00e9 ainsi qu&rsquo;une profonde introspection sur mes valeurs, mes besoins, mes envies, mes limites.<\/p>\n<p>En qu\u00eate de sens nouveau, de pouvoir apporter plus \u00e0 autrui, et face \u00e0 un besoin crucial et r\u00e9current de revenir \u00e0 l&rsquo;essentiel, je me suis rendue compte qu&rsquo;il me manquait une dimension essentielle dans mon travail, celle de : <strong>\u00ab\u00a0prendre soin de l&rsquo;autre\u00a0\u00bb<\/strong>, in de letterlijke zin van het woord.<\/p>\n<p>C&rsquo;est en exp\u00e9rimentant que j&rsquo;ai finalement pu trouver ma v\u00e9ritable raison d&rsquo;\u00eatre et ma joie de vivre\u00a0:\u00a0<strong>anderen ondersteunen<\/strong>\u00a0in hun persoonlijke en professionele ontwikkeling, in hun vragen door middel van\u00a0<strong>coaching en therapie<\/strong> maar ook om\u00a0<strong>prendre soin d&rsquo;autrui<\/strong>\u00a0door middel van\u00a0<strong>therapeutische massage<\/strong> en<strong>\u00a0pyscho-lichaams-, emotionele en energetische therapie\u00a0<\/strong>afin d&rsquo;apporter une approche globale et unificatrice du corps et de l&rsquo;esprit.<\/p>\n<p>J&rsquo;ai donc pris la d\u00e9cision de changer de carri\u00e8re, d&rsquo;utiliser mes ressources, mes forces et ce qui m&rsquo;anime au plus profond de moi-m\u00eame. Raison pour laquelle je me suis form\u00e9e dans le domaine de la th\u00e9rapie psychocorporelle.<\/p>\n<h2  id=\"pourquoi\">\n\t\t\tWaarom Knowing You?\t<\/h2>\n\t<p>\"\u00a0<strong>K<em>nowinG<\/em> <em>You\u00a0<\/em><\/strong>\" Omvat een dubbele boodschap: \u00a0<strong><em>\"Knowing you\" <\/em><\/strong><em>en<\/em><strong><em> \"Now in You\"\u00a0<\/em><\/strong>:<\/p>\n<p>&nbsp;<\/p>\n\t<p><strong><em>\"Knowing you\"<\/em><\/strong><\/p>\n<p>C&rsquo;est en se d\u00e9couvrant, en explorant qui nous sommes, ce dont nous avons besoin, ce qui importe et fait sens pour nous, en prenant conscience de nos ressources, et en d\u00e9terminant ce que l&rsquo;on souhaite pour nous-m\u00eames qu&rsquo;on avance, qu&rsquo;on prend sa vie en main, qu&rsquo;on fait ses propres choix pour \u00eatre soi et devenir qui l&rsquo;on souhaite r\u00e9ellement \u00eatre.<\/p>\n\t\t\t\t<img data-recalc-dims=\"1\" decoding=\"async\" src=\"https:\/\/i0.wp.com\/www.knowingyou.be\/wp-content\/uploads\/2021\/10\/cropped-logo-1.png?resize=512%2C512&#038;ssl=1\" alt=\"Favicon\" itemprop=\"image\" height=\"512\" width=\"512\" title=\"Favicon.png\" onerror=\"this.style.display='none'\" loading=\"lazy\" \/>\n\t<p><strong><em>\u00ab\u00a0 On a qu&rsquo;une vie, autant qu&rsquo;elle soit fabuleuse\u00a0!\u00bb.<\/em><\/strong><\/p>\n<p>&nbsp;<\/p>\n<p><strong><em>\"Now in You\" <\/em><\/strong><\/p>\n<p>C&rsquo;est en vous, d\u00e9j\u00e0 en vous, que vous avez ces ressources, cette force m\u00eame si par moment on ne le ressent pas, on ne le pense pas et on ne le voit pas. Au travers du coaching, du massage, et\/ou d&rsquo;une th\u00e9rapie psychocorporelle, en fonction de ce dont vous avez besoin, je souhaite m&rsquo;adapter \u00e0 vous et vous apporter un accompagnement personnalis\u00e9 afin de vous guider dans ce cheminement remplit de questionnement, de pens\u00e9es, d&rsquo;\u00e9motions et de ressentis physiques. Ceci, afin de vous permettre d&rsquo;atteindre votre objectif personnel et\/ou professionnel.<\/p>\n<h2  id=\"remerciements\">\n\t\t\tDankwoord\t<\/h2>\n\t<p>Je tiens \u00e0 remercier toutes les personnes qui m&rsquo;ont soutenue et qui ont cru en moi pour lancer mon projet.<\/p>\n<p>&nbsp;<\/p>\n<p>En vooral:<\/p>\n<p>Mijn partner Beno\u00eet Loosveld die mij elke dag ongelofelijke kracht geeft.<\/p>\n<p>Nos enfants, Eline, Tim\u00e9o &amp; Luca qui me remettent toujours dans l&rsquo;ici et maintenant et dans cette l\u00e9g\u00e8ret\u00e9 et insouciance que j&rsquo;avais perdues ;<\/p>\n<p>Mijn familie die me in alle omstandigheden van dichtbij of ver ondersteunt, ongeacht mijn keuzes en moeilijkheden die ik tegenkwam;<\/p>\n<p>&nbsp;<\/p>\n<p>Mijn vrienden die mijn tweede familie zijn en die er altijd voor me zijn geweest, en meer in het bijzonder in dit project:\u00a0<em>Nathalie Lambrechts, Amandine Paoloni, Vivi Pham, Emilie Brown, Claire de Roos, Andr\u00e9a Harmegnies, St\u00e9phanie Mentrop, Gr\u00e9gory Malcause, Djazia Haddad , Olivia Weinberger, Emilie Mampia, C\u00e9line Lahy, Myl\u00e8ne Molas, Chantal Renders, mijn geweldige buren: Albert &amp; Suzy.<\/em><\/p>\n<p>Mais aussi des personnes plus r\u00e9centes dans ma vie que je n&rsquo;ai pas rencontr\u00e9es par hasard : <em>Eve Wilmet, Fanny Fran\u00e7ois, Delphine Legrand, C\u00e9dric Derixhon, Benoit Delbushaye, Delphine Brognez, V\u00e9ronique Leli\u00e8vre, Karl Van de Gaer, Romanie Milioto, Sophie Romero, Christel Bosteels ainsi que le groupe des participants de BAO Elan Vital et leurs coachs ainsi que les formateurs d&rsquo;Atmaram et leurs participants.<\/em><\/p>\n<p>Et merci aux supers professionnels qui m&rsquo;ont accompagn\u00e9e et boost\u00e9e\u00a0: <em>Nathalie La Greca, H\u00e9l\u00e8ne Feuillat, Alix Van Calster, Claire Carnoy, Lorenzo Dragonnetti, Bruno G\u00e9rard, Cathy Kennes.<\/em><\/p>\n<p>Veel dank ook aan <em>Vivi<\/em> voor de professionele foto's, aan mijn schoonvader <em>Alex Cornil<\/em> voor het vertalen van mijn site in het Nederlands en aan <em>Kurt<\/em> en <em>Glenn Callens <\/em>voor het bouwen van mijn website.<\/p>\n<p>Et sans oublier la personne qui m&rsquo;a accompagn\u00e9 et donn\u00e9 envie de me former dans les th\u00e9rapies psychocorporelles\u00a0: <em>Isabelle Slinckx.<\/em><\/p>\n<p><strong>Van harte bedankt!<\/strong><\/p>\n\t\t\t\t<img data-recalc-dims=\"1\" decoding=\"async\" src=\"https:\/\/i0.wp.com\/www.knowingyou.be\/wp-content\/uploads\/2025\/12\/1000093353-scaled.jpg?resize=750%2C1000&#038;ssl=1\" alt=\"1000093353\" itemprop=\"image\" height=\"1000\" width=\"750\" title=\"1000093353\" onerror=\"this.style.display='none'\" loading=\"lazy\" \/>","protected":false},"excerpt":{"rendered":"<p>Mon Parcours Une reconversion professionnelle Pourquoi knowing you Remerciements Mon Parcours Dipl\u00f4m\u00e9e en sciences commerciales et financi\u00e8res \u00e0 l&rsquo;ICHEC\u00a0; Form\u00e9e en massages relaxants et aromath\u00e9rapie lors d&rsquo;une exp\u00e9rience de vie \u00e0 Bangkok\u00a0; 15 ans d&rsquo;exp\u00e9rience en Ressources Humaines, au cours desquels je me suis form\u00e9e en coaching de carri\u00e8re, stress [&hellip;]<\/p>\n","protected":false},"author":1,"featured_media":0,"parent":0,"menu_order":0,"comment_status":"closed","ping_status":"closed","template":"","meta":{"footnotes":""},"class_list":["post-178","page","type-page","status-publish","hentry"],"yoast_head":"<!-- This site is optimized with the Yoast SEO plugin v24.5 - https:\/\/yoast.com\/wordpress\/plugins\/seo\/ -->\n<title>Qui Suis-Je - Knowing You<\/title>\n<meta name=\"description\" content=\"Quis suis je, S\u00e9verine Cauchie\" \/>\n<meta name=\"robots\" content=\"index, follow, max-snippet:-1, max-image-preview:large, max-video-preview:-1\" \/>\n<link rel=\"canonical\" href=\"https:\/\/www.knowingyou.be\/nl\/qui-suis-je\/\" \/>\n<meta property=\"og:locale\" content=\"nl_BE\" \/>\n<meta property=\"og:type\" content=\"article\" \/>\n<meta property=\"og:title\" content=\"Qui Suis-Je - Knowing You\" \/>\n<meta property=\"og:description\" content=\"Quis suis je, S\u00e9verine Cauchie\" \/>\n<meta property=\"og:url\" content=\"https:\/\/www.knowingyou.be\/nl\/qui-suis-je\/\" \/>\n<meta property=\"og:site_name\" content=\"Knowing You\" \/>\n<meta property=\"article:publisher\" content=\"https:\/\/www.facebook.com\/SeverineCauchie\" \/>\n<meta property=\"article:modified_time\" content=\"2025-12-22T21:49:48+00:00\" \/>\n<meta property=\"og:image\" content=\"https:\/\/www.knowingyou.be\/wp-content\/uploads\/2021\/11\/Severine_HD_16-scaled.jpg\" \/>\n<meta name=\"twitter:card\" content=\"summary_large_image\" \/>\n<meta name=\"twitter:label1\" content=\"Geschatte leestijd\" \/>\n\t<meta name=\"twitter:data1\" content=\"5 minuten\" \/>\n<script type=\"application\/ld+json\" class=\"yoast-schema-graph\">{\"@context\":\"https:\/\/schema.org\",\"@graph\":[{\"@type\":\"WebPage\",\"@id\":\"https:\/\/www.knowingyou.be\/qui-suis-je\/\",\"url\":\"https:\/\/www.knowingyou.be\/qui-suis-je\/\",\"name\":\"Qui Suis-Je - Knowing You\",\"isPartOf\":{\"@id\":\"https:\/\/www.knowingyou.be\/#website\"},\"primaryImageOfPage\":{\"@id\":\"https:\/\/www.knowingyou.be\/qui-suis-je\/#primaryimage\"},\"image\":{\"@id\":\"https:\/\/www.knowingyou.be\/qui-suis-je\/#primaryimage\"},\"thumbnailUrl\":\"https:\/\/www.knowingyou.be\/wp-content\/uploads\/2021\/11\/Severine_HD_16-scaled.jpg\",\"datePublished\":\"2021-11-27T14:47:35+00:00\",\"dateModified\":\"2025-12-22T21:49:48+00:00\",\"description\":\"Quis suis je, S\u00e9verine Cauchie\",\"breadcrumb\":{\"@id\":\"https:\/\/www.knowingyou.be\/qui-suis-je\/#breadcrumb\"},\"inLanguage\":\"nl-BE\",\"potentialAction\":[{\"@type\":\"ReadAction\",\"target\":[\"https:\/\/www.knowingyou.be\/qui-suis-je\/\"]}]},{\"@type\":\"ImageObject\",\"inLanguage\":\"nl-BE\",\"@id\":\"https:\/\/www.knowingyou.be\/qui-suis-je\/#primaryimage\",\"url\":\"https:\/\/www.knowingyou.be\/wp-content\/uploads\/2021\/11\/Severine_HD_16-scaled.jpg\",\"contentUrl\":\"https:\/\/www.knowingyou.be\/wp-content\/uploads\/2021\/11\/Severine_HD_16-scaled.jpg\"},{\"@type\":\"BreadcrumbList\",\"@id\":\"https:\/\/www.knowingyou.be\/qui-suis-je\/#breadcrumb\",\"itemListElement\":[{\"@type\":\"ListItem\",\"position\":1,\"name\":\"Home\",\"item\":\"https:\/\/www.knowingyou.be\/\"},{\"@type\":\"ListItem\",\"position\":2,\"name\":\"Qui Suis-Je\"}]},{\"@type\":\"WebSite\",\"@id\":\"https:\/\/www.knowingyou.be\/#website\",\"url\":\"https:\/\/www.knowingyou.be\/\",\"name\":\"Knowing You\",\"description\":\"\",\"publisher\":{\"@id\":\"https:\/\/www.knowingyou.be\/#organization\"},\"potentialAction\":[{\"@type\":\"SearchAction\",\"target\":{\"@type\":\"EntryPoint\",\"urlTemplate\":\"https:\/\/www.knowingyou.be\/?s={search_term_string}\"},\"query-input\":{\"@type\":\"PropertyValueSpecification\",\"valueRequired\":true,\"valueName\":\"search_term_string\"}}],\"inLanguage\":\"nl-BE\"},{\"@type\":\"Organization\",\"@id\":\"https:\/\/www.knowingyou.be\/#organization\",\"name\":\"Knowing You\",\"url\":\"https:\/\/www.knowingyou.be\/\",\"logo\":{\"@type\":\"ImageObject\",\"inLanguage\":\"nl-BE\",\"@id\":\"https:\/\/www.knowingyou.be\/#\/schema\/logo\/image\/\",\"url\":\"https:\/\/i2.wp.com\/www.knowingyou.be\/wp-content\/uploads\/2021\/12\/Copy-of-Copie-de-Copie-de-Ajouter-un-sous-titre.png?fit=500%2C500&ssl=1\",\"contentUrl\":\"https:\/\/i2.wp.com\/www.knowingyou.be\/wp-content\/uploads\/2021\/12\/Copy-of-Copie-de-Copie-de-Ajouter-un-sous-titre.png?fit=500%2C500&ssl=1\",\"width\":500,\"height\":500,\"caption\":\"Knowing You\"},\"image\":{\"@id\":\"https:\/\/www.knowingyou.be\/#\/schema\/logo\/image\/\"},\"sameAs\":[\"https:\/\/www.facebook.com\/SeverineCauchie\",\"https:\/\/www.linkedin.com\/in\/severinecauchie\"]}]}<\/script>\n<!-- \/ Yoast SEO plugin. -->","yoast_head_json":{"title":"Qui Suis-Je - Knowing You","description":"Quis suis je, S\u00e9verine Cauchie","robots":{"index":"index","follow":"follow","max-snippet":"max-snippet:-1","max-image-preview":"max-image-preview:large","max-video-preview":"max-video-preview:-1"},"canonical":"https:\/\/www.knowingyou.be\/nl\/qui-suis-je\/","og_locale":"nl_BE","og_type":"article","og_title":"Qui Suis-Je - Knowing You","og_description":"Quis suis je, S\u00e9verine Cauchie","og_url":"https:\/\/www.knowingyou.be\/nl\/qui-suis-je\/","og_site_name":"Knowing You","article_publisher":"https:\/\/www.facebook.com\/SeverineCauchie","article_modified_time":"2025-12-22T21:49:48+00:00","og_image":[{"url":"https:\/\/www.knowingyou.be\/wp-content\/uploads\/2021\/11\/Severine_HD_16-scaled.jpg","type":"","width":"","height":""}],"twitter_card":"summary_large_image","twitter_misc":{"Geschatte leestijd":"5 minuten"},"schema":{"@context":"https:\/\/schema.org","@graph":[{"@type":"WebPage","@id":"https:\/\/www.knowingyou.be\/qui-suis-je\/","url":"https:\/\/www.knowingyou.be\/qui-suis-je\/","name":"Qui Suis-Je - Knowing You","isPartOf":{"@id":"https:\/\/www.knowingyou.be\/#website"},"primaryImageOfPage":{"@id":"https:\/\/www.knowingyou.be\/qui-suis-je\/#primaryimage"},"image":{"@id":"https:\/\/www.knowingyou.be\/qui-suis-je\/#primaryimage"},"thumbnailUrl":"https:\/\/www.knowingyou.be\/wp-content\/uploads\/2021\/11\/Severine_HD_16-scaled.jpg","datePublished":"2021-11-27T14:47:35+00:00","dateModified":"2025-12-22T21:49:48+00:00","description":"Quis suis je, S\u00e9verine Cauchie","breadcrumb":{"@id":"https:\/\/www.knowingyou.be\/qui-suis-je\/#breadcrumb"},"inLanguage":"nl-BE","potentialAction":[{"@type":"ReadAction","target":["https:\/\/www.knowingyou.be\/qui-suis-je\/"]}]},{"@type":"ImageObject","inLanguage":"nl-BE","@id":"https:\/\/www.knowingyou.be\/qui-suis-je\/#primaryimage","url":"https:\/\/www.knowingyou.be\/wp-content\/uploads\/2021\/11\/Severine_HD_16-scaled.jpg","contentUrl":"https:\/\/www.knowingyou.be\/wp-content\/uploads\/2021\/11\/Severine_HD_16-scaled.jpg"},{"@type":"BreadcrumbList","@id":"https:\/\/www.knowingyou.be\/qui-suis-je\/#breadcrumb","itemListElement":[{"@type":"ListItem","position":1,"name":"Home","item":"https:\/\/www.knowingyou.be\/"},{"@type":"ListItem","position":2,"name":"Qui Suis-Je"}]},{"@type":"WebSite","@id":"https:\/\/www.knowingyou.be\/#website","url":"https:\/\/www.knowingyou.be\/","name":"Knowing You","description":"","publisher":{"@id":"https:\/\/www.knowingyou.be\/#organization"},"potentialAction":[{"@type":"SearchAction","target":{"@type":"EntryPoint","urlTemplate":"https:\/\/www.knowingyou.be\/?s={search_term_string}"},"query-input":{"@type":"PropertyValueSpecification","valueRequired":true,"valueName":"search_term_string"}}],"inLanguage":"nl-BE"},{"@type":"Organization","@id":"https:\/\/www.knowingyou.be\/#organization","name":"Knowing You","url":"https:\/\/www.knowingyou.be\/","logo":{"@type":"ImageObject","inLanguage":"nl-BE","@id":"https:\/\/www.knowingyou.be\/#\/schema\/logo\/image\/","url":"https:\/\/i2.wp.com\/www.knowingyou.be\/wp-content\/uploads\/2021\/12\/Copy-of-Copie-de-Copie-de-Ajouter-un-sous-titre.png?fit=500%2C500&ssl=1","contentUrl":"https:\/\/i2.wp.com\/www.knowingyou.be\/wp-content\/uploads\/2021\/12\/Copy-of-Copie-de-Copie-de-Ajouter-un-sous-titre.png?fit=500%2C500&ssl=1","width":500,"height":500,"caption":"Knowing You"},"image":{"@id":"https:\/\/www.knowingyou.be\/#\/schema\/logo\/image\/"},"sameAs":["https:\/\/www.facebook.com\/SeverineCauchie","https:\/\/www.linkedin.com\/in\/severinecauchie"]}]}},"jetpack_sharing_enabled":true,"_links":{"self":[{"href":"https:\/\/www.knowingyou.be\/nl\/wp-json\/wp\/v2\/pages\/178","targetHints":{"allow":["GET"]}}],"collection":[{"href":"https:\/\/www.knowingyou.be\/nl\/wp-json\/wp\/v2\/pages"}],"about":[{"href":"https:\/\/www.knowingyou.be\/nl\/wp-json\/wp\/v2\/types\/page"}],"author":[{"embeddable":true,"href":"https:\/\/www.knowingyou.be\/nl\/wp-json\/wp\/v2\/users\/1"}],"replies":[{"embeddable":true,"href":"https:\/\/www.knowingyou.be\/nl\/wp-json\/wp\/v2\/comments?post=178"}],"version-history":[{"count":13,"href":"https:\/\/www.knowingyou.be\/nl\/wp-json\/wp\/v2\/pages\/178\/revisions"}],"predecessor-version":[{"id":494,"href":"https:\/\/www.knowingyou.be\/nl\/wp-json\/wp\/v2\/pages\/178\/revisions\/494"}],"wp:attachment":[{"href":"https:\/\/www.knowingyou.be\/nl\/wp-json\/wp\/v2\/media?parent=178"}],"curies":[{"name":"wp","href":"https:\/\/api.w.org\/{rel}","templated":true}]}}