{"id":185,"date":"2021-11-28T13:11:44","date_gmt":"2021-11-28T13:11:44","guid":{"rendered":"https:\/\/www.knowingyou.be\/?page_id=185"},"modified":"2026-01-07T19:51:07","modified_gmt":"2026-01-07T19:51:07","slug":"interesse","status":"publish","type":"page","link":"https:\/\/www.knowingyou.be\/nl\/interesse\/","title":{"rendered":"Info &amp; Afspraak"},"content":{"rendered":"<h2>\n\t\t\tConsultaties\t<\/h2>\n\t<p>Ik heet u van harte welkom in de volgende centra voor\u00a0<strong>de massages<\/strong>, <strong>coaching \/ HR-advies<\/strong> en voor\u00a0<strong>de psychocorporele therapie\u00ebn<\/strong>:<\/p>\n<ul>\n<li>In <strong>Bosvoorde<\/strong>, op maandag en donderdag, in mijn priv\u00e9praktijk, Archiefstraat 90 1170 Bosvoorde<\/li>\n<li>In <strong>Elsene<\/strong>, le mardi et le vendredi, au cabinet m\u00e9dical \u00ab Equisant\u00e9 \u00bb, Avenue de l&rsquo;Hippodrome 33 \u00e0 1050 Ixelles<\/li>\n<\/ul>\n\t\t\t\t<img data-recalc-dims=\"1\" decoding=\"async\" src=\"https:\/\/i0.wp.com\/www.knowingyou.be\/wp-content\/uploads\/content\/office\/Photo%2520cabient%2520Herne%25202-scaled.jpg?resize=750%2C563&#038;ssl=1\" alt=\"Photo cabient Herne 2\" itemprop=\"image\" height=\"563\" width=\"750\" title=\"Photo cabient Herne 2\" onerror=\"this.style.display='none'\" loading=\"lazy\" \/>\n\t\t\t\t<img data-recalc-dims=\"1\" decoding=\"async\" src=\"https:\/\/i0.wp.com\/www.knowingyou.be\/wp-content\/uploads\/content\/office\/1638283876224-scaled.jpg?resize=750%2C563&#038;ssl=1\" alt=\"1638283876224\" itemprop=\"image\" height=\"563\" width=\"750\" title=\"1638283876224\" onerror=\"this.style.display='none'\" loading=\"lazy\" \/>\n\t\t\t\t<img data-recalc-dims=\"1\" decoding=\"async\" src=\"https:\/\/i0.wp.com\/www.knowingyou.be\/wp-content\/uploads\/content\/office\/1638283876156-scaled.jpg?resize=750%2C563&#038;ssl=1\" alt=\"1638283876156\" itemprop=\"image\" height=\"563\" width=\"750\" title=\"1638283876156\" onerror=\"this.style.display='none'\" loading=\"lazy\" \/>\n\t\t\t\t<img data-recalc-dims=\"1\" decoding=\"async\" src=\"https:\/\/i0.wp.com\/www.knowingyou.be\/wp-content\/uploads\/content\/office\/1638283734015-scaled.jpg?resize=750%2C563&#038;ssl=1\" alt=\"1638283734015\" itemprop=\"image\" height=\"563\" width=\"750\" title=\"1638283734015\" onerror=\"this.style.display='none'\" loading=\"lazy\" \/>\n\t\t\t\t<img data-recalc-dims=\"1\" decoding=\"async\" src=\"https:\/\/i0.wp.com\/www.knowingyou.be\/wp-content\/uploads\/2022\/09\/Photo-cabinet-Ixelles-2.jpg?resize=750%2C563&#038;ssl=1\" alt=\"Photo cabinet Ixelles 2\" itemprop=\"image\" height=\"563\" width=\"750\" title=\"Photo cabinet Ixelles 2\" onerror=\"this.style.display='none'\" loading=\"lazy\" \/>\n<h2>\n\t\t\tDur\u00e9e d&rsquo;une s\u00e9ance et tarifs\t<\/h2>\n\t<p>Een sessie duurt 1 uur, 1,5 uur of 2 uur, afhankelijk van uw behoeften, tegen het tarief van:<\/p>\n\n<ul>\n<li><strong>HR Coaching en Advies<\/strong>\n<ul>\n<li>\u20ac75 voor 1u<\/li>\n<li>\u20ac110 voor 1u30<\/li>\n<\/ul>\n<\/li>\n<li><b>Therapeutische en ontspannende massages<\/b>\n<ul>\n<li>\u20ac90 voor 1u<\/li>\n<li>\u20ac125 voor 1u30<\/li>\n<\/ul>\n<\/li>\n<li><strong>Gemengde sessie coaching\u2013therapie\/massage of psychocorporale therapie<\/strong>\n<ul>\n<li>\u00a0\u20ac85 voor 1u<\/li>\n<li>\u00a0\u20ac120 voor 1u30<\/li>\n<li>\u00a0\u20ac160 voor 2u<\/li>\n<\/ul>\n<\/li>\n<\/ul>\n<p>De prijs mag geen belemmering vormen om een begeleiding te starten. Ik nodig je uit om contact met mij op te nemen als dit het geval is.<\/p>\n<p><em>Betaling mogelijk via cash, Payconiq of de Bancontact-applicatie.<\/em><\/p>\n<p>Als u uw afspraak wilt annuleren, kan u dit doen tenminste 24 uur voor de geplande datum. Anders zal de consultatie u aangerekend worden.<\/p>\n<h2>\n\t\t\tContacteer me\t<\/h2>\n\t<p>S\u00e9verine Cauchie<\/p>\n<p>0497\/845106<\/p>\n<p><a href=\"mailto:knowingyou.scauchie@gmail.com\">knowingyou.scauchie@gmail.com<\/a><\/p>\n\t\t\t\t<img data-recalc-dims=\"1\" decoding=\"async\" src=\"https:\/\/i0.wp.com\/www.knowingyou.be\/wp-content\/uploads\/2021\/11\/Severine_Web_20-scaled.jpg?resize=750%2C500&#038;ssl=1\" alt=\"Severine_Web_20\" itemprop=\"image\" height=\"500\" width=\"750\" title=\"Severine_Web_20\" onerror=\"this.style.display='none'\" loading=\"lazy\" \/>","protected":false},"excerpt":{"rendered":"<p>Lieux de consultation Je vous accueille avec plaisir dans les centres suivants\u00a0pour\u00a0les\u00a0massages, le coaching\/les conseils RH et pour\u00a0les\u00a0th\u00e9rapies psychocorporelles: A Boitsfort, le lundi et le jeudi, dans mon cabinet priv\u00e9, au 90 rue des Archives \u00e0 1170 Boitsfort A Ixelles, le mardi et le vendredi, au cabinet m\u00e9dical \u00ab Equisant\u00e9 [&hellip;]<\/p>\n","protected":false},"author":1,"featured_media":0,"parent":0,"menu_order":0,"comment_status":"closed","ping_status":"closed","template":"","meta":{"footnotes":""},"class_list":["post-185","page","type-page","status-publish","hentry"],"yoast_head":"<!-- This site is optimized with the Yoast SEO plugin v24.5 - https:\/\/yoast.com\/wordpress\/plugins\/seo\/ -->\n<title>Info et prise de RDV<\/title>\n<meta name=\"robots\" content=\"index, follow, max-snippet:-1, max-image-preview:large, max-video-preview:-1\" \/>\n<link rel=\"canonical\" href=\"https:\/\/www.knowingyou.be\/nl\/interesse\/\" \/>\n<meta property=\"og:locale\" content=\"nl_BE\" \/>\n<meta property=\"og:type\" content=\"article\" \/>\n<meta property=\"og:title\" content=\"Info et prise de RDV\" \/>\n<meta property=\"og:description\" content=\"Lieux de consultation Je vous accueille avec plaisir dans les centres suivants\u00a0pour\u00a0les\u00a0massages, le coaching\/les conseils RH et pour\u00a0les\u00a0th\u00e9rapies psychocorporelles: A Boitsfort, le lundi et le jeudi, dans mon cabinet priv\u00e9, au 90 rue des Archives \u00e0 1170 Boitsfort A Ixelles, le mardi et le vendredi, au cabinet m\u00e9dical \u00ab Equisant\u00e9 [&hellip;]\" \/>\n<meta property=\"og:url\" content=\"https:\/\/www.knowingyou.be\/nl\/interesse\/\" \/>\n<meta property=\"og:site_name\" content=\"Knowing You\" \/>\n<meta property=\"article:publisher\" content=\"https:\/\/www.facebook.com\/SeverineCauchie\" \/>\n<meta property=\"article:modified_time\" content=\"2026-01-07T19:51:07+00:00\" \/>\n<meta property=\"og:image\" content=\"https:\/\/www.knowingyou.be\/wp-content\/uploads\/content\/office\/Photo%20cabient%20Herne%202-scaled.jpg\" \/>\n<meta name=\"twitter:card\" content=\"summary_large_image\" \/>\n<meta name=\"twitter:label1\" content=\"Geschatte leestijd\" \/>\n\t<meta name=\"twitter:data1\" content=\"3 minuten\" \/>\n<script type=\"application\/ld+json\" class=\"yoast-schema-graph\">{\"@context\":\"https:\/\/schema.org\",\"@graph\":[{\"@type\":\"WebPage\",\"@id\":\"https:\/\/www.knowingyou.be\/interesse\/\",\"url\":\"https:\/\/www.knowingyou.be\/interesse\/\",\"name\":\"Info et prise de RDV\",\"isPartOf\":{\"@id\":\"https:\/\/www.knowingyou.be\/#website\"},\"primaryImageOfPage\":{\"@id\":\"https:\/\/www.knowingyou.be\/interesse\/#primaryimage\"},\"image\":{\"@id\":\"https:\/\/www.knowingyou.be\/interesse\/#primaryimage\"},\"thumbnailUrl\":\"https:\/\/www.knowingyou.be\/wp-content\/uploads\/content\/office\/Photo%20cabient%20Herne%202-scaled.jpg\",\"datePublished\":\"2021-11-28T13:11:44+00:00\",\"dateModified\":\"2026-01-07T19:51:07+00:00\",\"breadcrumb\":{\"@id\":\"https:\/\/www.knowingyou.be\/interesse\/#breadcrumb\"},\"inLanguage\":\"nl-BE\",\"potentialAction\":[{\"@type\":\"ReadAction\",\"target\":[\"https:\/\/www.knowingyou.be\/interesse\/\"]}]},{\"@type\":\"ImageObject\",\"inLanguage\":\"nl-BE\",\"@id\":\"https:\/\/www.knowingyou.be\/interesse\/#primaryimage\",\"url\":\"https:\/\/www.knowingyou.be\/wp-content\/uploads\/content\/office\/Photo%20cabient%20Herne%202-scaled.jpg\",\"contentUrl\":\"https:\/\/www.knowingyou.be\/wp-content\/uploads\/content\/office\/Photo%20cabient%20Herne%202-scaled.jpg\"},{\"@type\":\"BreadcrumbList\",\"@id\":\"https:\/\/www.knowingyou.be\/interesse\/#breadcrumb\",\"itemListElement\":[{\"@type\":\"ListItem\",\"position\":1,\"name\":\"Home\",\"item\":\"https:\/\/www.knowingyou.be\/\"},{\"@type\":\"ListItem\",\"position\":2,\"name\":\"Infos &#038; prise de RDV\"}]},{\"@type\":\"WebSite\",\"@id\":\"https:\/\/www.knowingyou.be\/#website\",\"url\":\"https:\/\/www.knowingyou.be\/\",\"name\":\"Knowing You\",\"description\":\"\",\"publisher\":{\"@id\":\"https:\/\/www.knowingyou.be\/#organization\"},\"potentialAction\":[{\"@type\":\"SearchAction\",\"target\":{\"@type\":\"EntryPoint\",\"urlTemplate\":\"https:\/\/www.knowingyou.be\/?s={search_term_string}\"},\"query-input\":{\"@type\":\"PropertyValueSpecification\",\"valueRequired\":true,\"valueName\":\"search_term_string\"}}],\"inLanguage\":\"nl-BE\"},{\"@type\":\"Organization\",\"@id\":\"https:\/\/www.knowingyou.be\/#organization\",\"name\":\"Knowing You\",\"url\":\"https:\/\/www.knowingyou.be\/\",\"logo\":{\"@type\":\"ImageObject\",\"inLanguage\":\"nl-BE\",\"@id\":\"https:\/\/www.knowingyou.be\/#\/schema\/logo\/image\/\",\"url\":\"https:\/\/i2.wp.com\/www.knowingyou.be\/wp-content\/uploads\/2021\/12\/Copy-of-Copie-de-Copie-de-Ajouter-un-sous-titre.png?fit=500%2C500&ssl=1\",\"contentUrl\":\"https:\/\/i2.wp.com\/www.knowingyou.be\/wp-content\/uploads\/2021\/12\/Copy-of-Copie-de-Copie-de-Ajouter-un-sous-titre.png?fit=500%2C500&ssl=1\",\"width\":500,\"height\":500,\"caption\":\"Knowing You\"},\"image\":{\"@id\":\"https:\/\/www.knowingyou.be\/#\/schema\/logo\/image\/\"},\"sameAs\":[\"https:\/\/www.facebook.com\/SeverineCauchie\",\"https:\/\/www.linkedin.com\/in\/severinecauchie\"]}]}<\/script>\n<!-- \/ Yoast SEO plugin. -->","yoast_head_json":{"title":"Info et prise de RDV","robots":{"index":"index","follow":"follow","max-snippet":"max-snippet:-1","max-image-preview":"max-image-preview:large","max-video-preview":"max-video-preview:-1"},"canonical":"https:\/\/www.knowingyou.be\/nl\/interesse\/","og_locale":"nl_BE","og_type":"article","og_title":"Info et prise de RDV","og_description":"Lieux de consultation Je vous accueille avec plaisir dans les centres suivants\u00a0pour\u00a0les\u00a0massages, le coaching\/les conseils RH et pour\u00a0les\u00a0th\u00e9rapies psychocorporelles: A Boitsfort, le lundi et le jeudi, dans mon cabinet priv\u00e9, au 90 rue des Archives \u00e0 1170 Boitsfort A Ixelles, le mardi et le vendredi, au cabinet m\u00e9dical \u00ab Equisant\u00e9 [&hellip;]","og_url":"https:\/\/www.knowingyou.be\/nl\/interesse\/","og_site_name":"Knowing You","article_publisher":"https:\/\/www.facebook.com\/SeverineCauchie","article_modified_time":"2026-01-07T19:51:07+00:00","og_image":[{"url":"https:\/\/www.knowingyou.be\/wp-content\/uploads\/content\/office\/Photo%20cabient%20Herne%202-scaled.jpg","type":"","width":"","height":""}],"twitter_card":"summary_large_image","twitter_misc":{"Geschatte leestijd":"3 minuten"},"schema":{"@context":"https:\/\/schema.org","@graph":[{"@type":"WebPage","@id":"https:\/\/www.knowingyou.be\/interesse\/","url":"https:\/\/www.knowingyou.be\/interesse\/","name":"Info et prise de RDV","isPartOf":{"@id":"https:\/\/www.knowingyou.be\/#website"},"primaryImageOfPage":{"@id":"https:\/\/www.knowingyou.be\/interesse\/#primaryimage"},"image":{"@id":"https:\/\/www.knowingyou.be\/interesse\/#primaryimage"},"thumbnailUrl":"https:\/\/www.knowingyou.be\/wp-content\/uploads\/content\/office\/Photo%20cabient%20Herne%202-scaled.jpg","datePublished":"2021-11-28T13:11:44+00:00","dateModified":"2026-01-07T19:51:07+00:00","breadcrumb":{"@id":"https:\/\/www.knowingyou.be\/interesse\/#breadcrumb"},"inLanguage":"nl-BE","potentialAction":[{"@type":"ReadAction","target":["https:\/\/www.knowingyou.be\/interesse\/"]}]},{"@type":"ImageObject","inLanguage":"nl-BE","@id":"https:\/\/www.knowingyou.be\/interesse\/#primaryimage","url":"https:\/\/www.knowingyou.be\/wp-content\/uploads\/content\/office\/Photo%20cabient%20Herne%202-scaled.jpg","contentUrl":"https:\/\/www.knowingyou.be\/wp-content\/uploads\/content\/office\/Photo%20cabient%20Herne%202-scaled.jpg"},{"@type":"BreadcrumbList","@id":"https:\/\/www.knowingyou.be\/interesse\/#breadcrumb","itemListElement":[{"@type":"ListItem","position":1,"name":"Home","item":"https:\/\/www.knowingyou.be\/"},{"@type":"ListItem","position":2,"name":"Infos &#038; prise de RDV"}]},{"@type":"WebSite","@id":"https:\/\/www.knowingyou.be\/#website","url":"https:\/\/www.knowingyou.be\/","name":"Knowing You","description":"","publisher":{"@id":"https:\/\/www.knowingyou.be\/#organization"},"potentialAction":[{"@type":"SearchAction","target":{"@type":"EntryPoint","urlTemplate":"https:\/\/www.knowingyou.be\/?s={search_term_string}"},"query-input":{"@type":"PropertyValueSpecification","valueRequired":true,"valueName":"search_term_string"}}],"inLanguage":"nl-BE"},{"@type":"Organization","@id":"https:\/\/www.knowingyou.be\/#organization","name":"Knowing You","url":"https:\/\/www.knowingyou.be\/","logo":{"@type":"ImageObject","inLanguage":"nl-BE","@id":"https:\/\/www.knowingyou.be\/#\/schema\/logo\/image\/","url":"https:\/\/i2.wp.com\/www.knowingyou.be\/wp-content\/uploads\/2021\/12\/Copy-of-Copie-de-Copie-de-Ajouter-un-sous-titre.png?fit=500%2C500&ssl=1","contentUrl":"https:\/\/i2.wp.com\/www.knowingyou.be\/wp-content\/uploads\/2021\/12\/Copy-of-Copie-de-Copie-de-Ajouter-un-sous-titre.png?fit=500%2C500&ssl=1","width":500,"height":500,"caption":"Knowing You"},"image":{"@id":"https:\/\/www.knowingyou.be\/#\/schema\/logo\/image\/"},"sameAs":["https:\/\/www.facebook.com\/SeverineCauchie","https:\/\/www.linkedin.com\/in\/severinecauchie"]}]}},"jetpack_sharing_enabled":true,"_links":{"self":[{"href":"https:\/\/www.knowingyou.be\/nl\/wp-json\/wp\/v2\/pages\/185","targetHints":{"allow":["GET"]}}],"collection":[{"href":"https:\/\/www.knowingyou.be\/nl\/wp-json\/wp\/v2\/pages"}],"about":[{"href":"https:\/\/www.knowingyou.be\/nl\/wp-json\/wp\/v2\/types\/page"}],"author":[{"embeddable":true,"href":"https:\/\/www.knowingyou.be\/nl\/wp-json\/wp\/v2\/users\/1"}],"replies":[{"embeddable":true,"href":"https:\/\/www.knowingyou.be\/nl\/wp-json\/wp\/v2\/comments?post=185"}],"version-history":[{"count":35,"href":"https:\/\/www.knowingyou.be\/nl\/wp-json\/wp\/v2\/pages\/185\/revisions"}],"predecessor-version":[{"id":504,"href":"https:\/\/www.knowingyou.be\/nl\/wp-json\/wp\/v2\/pages\/185\/revisions\/504"}],"wp:attachment":[{"href":"https:\/\/www.knowingyou.be\/nl\/wp-json\/wp\/v2\/media?parent=185"}],"curies":[{"name":"wp","href":"https:\/\/api.w.org\/{rel}","templated":true}]}}