{"id":192,"date":"2021-11-28T13:21:36","date_gmt":"2021-11-28T13:21:36","guid":{"rendered":"https:\/\/www.knowingyou.be\/?page_id=192"},"modified":"2023-03-15T09:16:20","modified_gmt":"2023-03-15T09:16:20","slug":"temoignages","status":"publish","type":"page","link":"https:\/\/www.knowingyou.be\/nl\/temoignages\/","title":{"rendered":"Getuigenissen"},"content":{"rendered":"<h2>\n\t\tJulie\n\t<\/h2>\n\t<p>En plus d&rsquo;\u00eatre douce, gentille et attentionn\u00e9e, Severine fait preuve de beaucoup de professionnalisme et ses massages sont juste sensationnels. Julie<\/p>\n<h2>\n\t\tVanessa\n\t<\/h2>\n\t<p>J&rsquo;ai eu l&rsquo;occasion de rencontrer S\u00e9verine suite \u00e0 la d\u00e9couverte du centre Equisant\u00e9 (en consultant ma nouvelle m\u00e9decin g\u00e9n\u00e9raliste, qui me l&rsquo;a conseill\u00e9)<\/p>\n<p>Je traversais une p\u00e9riode de vie \u00e9prouvante, secou\u00e9e, confuse, suite au d\u00e9c\u00e8s de ma maman. Beaucoup de questions de fonds, pr\u00e9existantes mais laiss\u00e9es en jach\u00e8re (entre autres autour de ma pratique professionnelle et de la disparition de toute \u00e9nergie vitale une notion de plaisir) furent r\u00e9activ\u00e9es. J&rsquo;ai eu r\u00e9ellement besoin de distance avec ce r\u00e9el difficile, mais \u00e9galement d&rsquo;une aide ext\u00e9rieure, ne m&rsquo;en sortant plus toute seule. Ayant d\u00e9j\u00e0 consult\u00e9 des psychologues d&rsquo;orientation diverses durant mon parcours de vie, je voyais assez clairement ce qui ne me convenait pas et souhaitais une approche davantage globale, me permettant d&rsquo;amener et surtout de relier les diff\u00e9rentes dimensions de mon \u00eatre disloqu\u00e9. Durant ces quelques mois j&rsquo;ai rencontr\u00e9 S\u00e9verine plusieurs fois, les \u00e9changes et les outils pratiques de nature diverses ( adapt\u00e9 \u00e0 la singularit\u00e9 de chacun, \u00e0 la question apport\u00e9e au moment m\u00eame) utilis\u00e9s dans le cadre du coaching m&rsquo;ont permis de me reconnecter \u00e0 certaines priorit\u00e9s, \u00e9tapes par \u00e9tapes, avec parfois des r\u00e9ponses surprenantes, assez \u00e9loign\u00e9es de celles auxquelles j&rsquo;aurais pu aboutir dans une r\u00e9flexion solitaire. Ce fut un accompagnement tr\u00e8s pr\u00e9cieux pour m&rsquo;aider \u00e0 red\u00e9finir mes besoins fondamentaux. Je me suis sentie accueillie dans toutes les dimensions de mon \u00eatre. S\u00e9verine m&rsquo;a aid\u00e9 et m&rsquo;aide encore aujourd&rsquo;hui \u00e0 me sentir\u00a0davantage \u00e0 ma place. Lorsque j&rsquo;ai d\u00e9cid\u00e9 de reprendre le travail, elle m&rsquo;a tr\u00e8s concr\u00e8tement donn\u00e9 des conseils et des \u00ab\u00a0petits trucs-ressources\u00a0\u00bb \u00e0 mettre en place pour que cela se passe au mieux, et ce fut un support un peu \u00a0\u00bb magique\u00a0\u00bb et pourtant bien r\u00e9el.<\/p>\n<p>En fin de s\u00e9ance le massage offre au corps non seulement une d\u00e9tente mais aussi un ancrage assez surprenant, sorte de pont qui permet au corps d&rsquo;int\u00e9grer pleinement ce qui a \u00e9t\u00e9 \u00e9chang\u00e9 durant la s\u00e9ance.<\/p>\n<p>Je ressors \u00e0 chaque fois davantage enracin\u00e9e, d\u00e9tendue et l&rsquo;esprit apais\u00e9.<\/p>\n<p>Bedankt S\u00e9verine, en tot snel.<\/p>\n<p>Vanessa<\/p>\n<h2>\n\t\tAm\u00e9lie\n\t<\/h2>\n\t<p>J&rsquo;aime beaucoup l&rsquo;approche de S\u00e9verine qui combine le coaching et le massage de mani\u00e8re tr\u00e8s compl\u00e9mentaire. S\u00e9verine m&rsquo;a accompagn\u00e9e lors d&rsquo;un passage \u00e0 vide professionnel et personnel. Son approche de coaching m&rsquo;a permis de faire des pas de g\u00e9ants dans ma remise en question, mes r\u00e9flexions et l&rsquo;identification de mes besoins ainsi que les aspects concrets pour la suite. Combin\u00e9 \u00e0 cela des s\u00e9ances de massages qui permettent de combiner \u00ab\u00a0le corps et l&rsquo;esprit\u00a0\u00bb. J&rsquo;ai pu sentir lors des soins une vraie attention au bien \u00eatre et \u00e0 mon besoin sp\u00e9cifique \u00e0 ce moment-l\u00e0. S\u00e9verine est une coach et masseuse qui est l\u00e0 compl\u00e8tement avec vous avec douceur, pertinence et bienveillance mais aussi qui challenge et fait \u00e9voluer. Je ne peut \u00eatre que reconnaissante d&rsquo;avoir crois\u00e9 son chemin et d&rsquo;avoir \u00e9t\u00e9 accompagn\u00e9e avec autant de bienveillance qui vient \u00ab\u00a0des profondeurs de son \u00eatre\u00a0\u00bb. Merci S\u00e9verine! J&rsquo;encourage tout \u00e0 chacun(e) \u00e0 sauter le pas<\/p>\n<h2>\n\t\tSandrine\n\t<\/h2>\n\t<p>Les soins que S\u00e9verine propose m&rsquo;ont rapidement convaincus. La combinaison de coaching, d&rsquo;aide \u00e0 la gestion du stress suite \u00e0 une reprise de travail compliqu\u00e9e et les bienfaits de ses massages th\u00e9rapeutiques m&rsquo;ont donn\u00e9s l&rsquo;occasion de refaire le lien entre ce dont mon mental et mon corps avaient \u00a0besoin pour se retrouver. Le stress li\u00e9 \u00e0 un burn-out fait que le mental tend \u00e0 se d\u00e9tacher du physique et ce que S\u00e9verine propose est pr\u00e9cis\u00e9ment une m\u00e9thode de reconstruction de ce lien. Cette m\u00e9thode m&rsquo;a s\u00e9duite et je suis vraiment contente d&rsquo;avoir trouv\u00e9 cette proposition in\u00e9dite chez S\u00e9verine.<\/p>\n<p>Ik kan deze innovatieve vorm van therapie alleen maar aanbevelen. <\/p>\n<p>D&rsquo;autre part, si vous souhaitez vous faire du bien pour le plaisir et \u00eatre en total accord avec votre corps, offrez-vous un massage. Le bien-\u00eatre que vous ressentirez ensuite est une exp\u00e9rience \u00e0 vivre au moins une fois dans sa vie. S\u00e9verine \u00e0 des doigts de f\u00e9e et une technique de massage unique et adapt\u00e9e \u00e0 vos besoins du moment. Les bienfaits et de ses massages sont imm\u00e9diats.<\/p>\n<p>Enfin et tout aussi important, ce t\u00e9moignage serait \u00a0incomplet si je ne mentionnais pas la bienveillance de S\u00e9verine, lorsque vous passerez le pas de sa porte et entrerez dans son univers, vous ressentirez cette atmosph\u00e8re rassurante et la positivit\u00e9 qu&rsquo;elle d\u00e9gage. Une belle rencontre en tous cas\u00a0!<\/p>\n<h2>\n\t\tAmandine\n\t<\/h2>\n\t<p>J&rsquo;ai eu l&rsquo;occasion de passer entre les mains expertes de Severine pour un massage relaxant.<\/p>\n<p>Honn\u00eatement je ne m&rsquo;attendais pas \u00e0 ce que cela ait un tel effet sur moi.<\/p>\n<p>J&rsquo;ai fait cette exp\u00e9rience \u00e0 un moment o\u00f9 j&rsquo;\u00e9tais extr\u00eamement stress\u00e9e professionnellement et dans ma vie priv\u00e9e.<\/p>\n<p>Severine m&rsquo;a imm\u00e9diatement envelopp\u00e9e de toute sa bienveillance et j&rsquo;ai senti que je pouvais m&rsquo;abandonner.<\/p>\n<p>A la fin du message j&rsquo;ai eu le sentiment d&rsquo;avoir laiss\u00e9 sur la table tout le stress accumul\u00e9 depuis des mois.<\/p>\n<p>Eindelijk vond ik mijn lichaam licht en vrij van alle opgebouwde spanning.<\/p>\n<p>Ik kan haar massages alleen maar aanraden.<\/p>\n<p>C&rsquo;est un moment de d\u00e9tente et de plaisir que l&rsquo;on m\u00e9rite tous de s&rsquo;offrir de temps en temps, pour se faire du bien, permettre \u00e0 son corps et son esprit de s&rsquo;apaiser le temps d&rsquo;un instant suspendu et de repartir charger d&rsquo;\u00e9nergie positive.<\/p>\n<h2>\n\t\tAnonyme\n\t<\/h2>\n\t<p>J&rsquo;ai eu l&rsquo;occasion de faire un coaching avec S\u00e9verine afin de remettre en question ma carri\u00e8re professionnelle, alors que je traversais une p\u00e9riode difficile. Je voulais reprendre la ma\u00eetrise de ma vie professionnelle et mieux conna\u00eetre mes axes de motivation, d&rsquo;\u00e9nergie positive et de d\u00e9veloppement.<\/p>\n<p>Ce coaching m&rsquo;a fait beaucoup \u00e9voluer gr\u00e2ce \u00e0 des analyses approfondies (forces, faiblesses, sources d&rsquo;\u00e9nergie ou de perte d&rsquo;\u00e9nergie, valeurs, etc&#8230;). j&rsquo;ai retrouv\u00e9 un chemin professionnel solide et motivant, et j&rsquo;ai retrouv\u00e9 confiance en moi.<\/p>\n<p>S\u00e9verine s&rsquo;est montr\u00e9e tr\u00e8s \u00e0 l&rsquo;\u00e9coute et a \u00e9t\u00e9 capable de me conseiller judicieusement, gr\u00e2ce \u00e0 ses exp\u00e9riences professionnelles pass\u00e9es dans diff\u00e9rents secteurs industriels qui faisaient \u00e9cho avec mes exp\u00e9riences \u00e0 moi\u00a0: people management d&rsquo;\u00e9quipes importantes, la gestion des partenaires sociaux, le recrutement et la s\u00e9lection interne \u00e0 large \u00e9chelle,etc&#8230;<\/p>\n<p>Enfin, S\u00e9verine m&rsquo;a aid\u00e9 \u00e0 mettre en place les balises n\u00e9cessaires pour \u00e9viter une situation future qui tendrait vers un \u00e9puisement professionnel ou m\u00eame un burn-out.<\/p>\n<h2>\n\t\tAndr\u00e9a\n\t<\/h2>\n\t<p>Accueillie dans une atmosph\u00e8re pleine de s\u00e9r\u00e9nit\u00e9 et de lumi\u00e8re, faisant face au jardin, je me suis laiss\u00e9e transporter par l&rsquo;\u00e9nergie de S\u00e9verine en toute confiance. Sa sensibilit\u00e9, sa chaleur et sa d\u00e9termination \u00e0 travailler chaque petite zone du corps m&rsquo;ont offert un moment de d\u00e9tente absolue. Une v\u00e9ritable reconnection \u00e0 mon corps qui avait travers\u00e9 une grossesse et un accouchement r\u00e9cemment. Je m&rsquo;offrirai encore, ainsi qu&rsquo;\u00e0 mes proches, une bulle de bien-\u00eatre chez S\u00e9verine! Merci pour ta bienveillance et ta g\u00e9n\u00e9rosit\u00e9\u00a0<img data-recalc-dims=\"1\" decoding=\"async\" data-emoji=\"\ud83c\udf38\" alt=\"\ud83c\udf38\" aria-label=\"\ud83c\udf38\" src=\"https:\/\/i0.wp.com\/fonts.gstatic.com\/s\/e\/notoemoji\/14.0\/1f338\/32.png?w=750&#038;ssl=1\" loading=\"lazy\" \/><\/p>","protected":false},"excerpt":{"rendered":"<p>Julie En plus d&rsquo;\u00eatre douce, gentille et attentionn\u00e9e, Severine fait preuve de beaucoup de professionnalisme et ses massages sont juste sensationnels. Julie Vanessa J&rsquo;ai eu l&rsquo;occasion de rencontrer S\u00e9verine suite \u00e0 la d\u00e9couverte du centre Equisant\u00e9 (en consultant ma nouvelle m\u00e9decin g\u00e9n\u00e9raliste, qui me l&rsquo;a conseill\u00e9) Je traversais une p\u00e9riode [&hellip;]<\/p>\n","protected":false},"author":1,"featured_media":0,"parent":0,"menu_order":0,"comment_status":"closed","ping_status":"closed","template":"","meta":{"footnotes":""},"class_list":["post-192","page","type-page","status-publish","hentry"],"yoast_head":"<!-- This site is optimized with the Yoast SEO plugin v24.5 - https:\/\/yoast.com\/wordpress\/plugins\/seo\/ -->\n<title>T\u00e9moignages - Knowing You<\/title>\n<meta name=\"robots\" content=\"index, follow, max-snippet:-1, max-image-preview:large, max-video-preview:-1\" \/>\n<link rel=\"canonical\" href=\"https:\/\/www.knowingyou.be\/nl\/temoignages\/\" \/>\n<meta property=\"og:locale\" content=\"nl_BE\" \/>\n<meta property=\"og:type\" content=\"article\" \/>\n<meta property=\"og:title\" content=\"T\u00e9moignages - Knowing You\" \/>\n<meta property=\"og:description\" content=\"Julie En plus d&rsquo;\u00eatre douce, gentille et attentionn\u00e9e, Severine fait preuve de beaucoup de professionnalisme et ses massages sont juste sensationnels. Julie Vanessa J&rsquo;ai eu l&rsquo;occasion de rencontrer S\u00e9verine suite \u00e0 la d\u00e9couverte du centre Equisant\u00e9 (en consultant ma nouvelle m\u00e9decin g\u00e9n\u00e9raliste, qui me l&rsquo;a conseill\u00e9) Je traversais une p\u00e9riode [&hellip;]\" \/>\n<meta property=\"og:url\" content=\"https:\/\/www.knowingyou.be\/nl\/temoignages\/\" \/>\n<meta property=\"og:site_name\" content=\"Knowing You\" \/>\n<meta property=\"article:publisher\" content=\"https:\/\/www.facebook.com\/SeverineCauchie\" \/>\n<meta property=\"article:modified_time\" content=\"2023-03-15T09:16:20+00:00\" \/>\n<meta property=\"og:image\" content=\"https:\/\/fonts.gstatic.com\/s\/e\/notoemoji\/14.0\/1f338\/32.png\" \/>\n<meta name=\"twitter:card\" content=\"summary_large_image\" \/>\n<meta name=\"twitter:label1\" content=\"Geschatte leestijd\" \/>\n\t<meta name=\"twitter:data1\" content=\"6 minuten\" \/>\n<script type=\"application\/ld+json\" class=\"yoast-schema-graph\">{\"@context\":\"https:\/\/schema.org\",\"@graph\":[{\"@type\":\"WebPage\",\"@id\":\"https:\/\/www.knowingyou.be\/temoignages\/\",\"url\":\"https:\/\/www.knowingyou.be\/temoignages\/\",\"name\":\"T\u00e9moignages - Knowing You\",\"isPartOf\":{\"@id\":\"https:\/\/www.knowingyou.be\/#website\"},\"primaryImageOfPage\":{\"@id\":\"https:\/\/www.knowingyou.be\/temoignages\/#primaryimage\"},\"image\":{\"@id\":\"https:\/\/www.knowingyou.be\/temoignages\/#primaryimage\"},\"thumbnailUrl\":\"https:\/\/fonts.gstatic.com\/s\/e\/notoemoji\/14.0\/1f338\/32.png\",\"datePublished\":\"2021-11-28T13:21:36+00:00\",\"dateModified\":\"2023-03-15T09:16:20+00:00\",\"breadcrumb\":{\"@id\":\"https:\/\/www.knowingyou.be\/temoignages\/#breadcrumb\"},\"inLanguage\":\"nl-BE\",\"potentialAction\":[{\"@type\":\"ReadAction\",\"target\":[\"https:\/\/www.knowingyou.be\/temoignages\/\"]}]},{\"@type\":\"ImageObject\",\"inLanguage\":\"nl-BE\",\"@id\":\"https:\/\/www.knowingyou.be\/temoignages\/#primaryimage\",\"url\":\"https:\/\/fonts.gstatic.com\/s\/e\/notoemoji\/14.0\/1f338\/32.png\",\"contentUrl\":\"https:\/\/fonts.gstatic.com\/s\/e\/notoemoji\/14.0\/1f338\/32.png\"},{\"@type\":\"BreadcrumbList\",\"@id\":\"https:\/\/www.knowingyou.be\/temoignages\/#breadcrumb\",\"itemListElement\":[{\"@type\":\"ListItem\",\"position\":1,\"name\":\"Home\",\"item\":\"https:\/\/www.knowingyou.be\/\"},{\"@type\":\"ListItem\",\"position\":2,\"name\":\"T\u00e9moignages\"}]},{\"@type\":\"WebSite\",\"@id\":\"https:\/\/www.knowingyou.be\/#website\",\"url\":\"https:\/\/www.knowingyou.be\/\",\"name\":\"Knowing You\",\"description\":\"\",\"publisher\":{\"@id\":\"https:\/\/www.knowingyou.be\/#organization\"},\"potentialAction\":[{\"@type\":\"SearchAction\",\"target\":{\"@type\":\"EntryPoint\",\"urlTemplate\":\"https:\/\/www.knowingyou.be\/?s={search_term_string}\"},\"query-input\":{\"@type\":\"PropertyValueSpecification\",\"valueRequired\":true,\"valueName\":\"search_term_string\"}}],\"inLanguage\":\"nl-BE\"},{\"@type\":\"Organization\",\"@id\":\"https:\/\/www.knowingyou.be\/#organization\",\"name\":\"Knowing You\",\"url\":\"https:\/\/www.knowingyou.be\/\",\"logo\":{\"@type\":\"ImageObject\",\"inLanguage\":\"nl-BE\",\"@id\":\"https:\/\/www.knowingyou.be\/#\/schema\/logo\/image\/\",\"url\":\"https:\/\/i2.wp.com\/www.knowingyou.be\/wp-content\/uploads\/2021\/12\/Copy-of-Copie-de-Copie-de-Ajouter-un-sous-titre.png?fit=500%2C500&ssl=1\",\"contentUrl\":\"https:\/\/i2.wp.com\/www.knowingyou.be\/wp-content\/uploads\/2021\/12\/Copy-of-Copie-de-Copie-de-Ajouter-un-sous-titre.png?fit=500%2C500&ssl=1\",\"width\":500,\"height\":500,\"caption\":\"Knowing You\"},\"image\":{\"@id\":\"https:\/\/www.knowingyou.be\/#\/schema\/logo\/image\/\"},\"sameAs\":[\"https:\/\/www.facebook.com\/SeverineCauchie\",\"https:\/\/www.linkedin.com\/in\/severinecauchie\"]}]}<\/script>\n<!-- \/ Yoast SEO plugin. -->","yoast_head_json":{"title":"T\u00e9moignages - Knowing You","robots":{"index":"index","follow":"follow","max-snippet":"max-snippet:-1","max-image-preview":"max-image-preview:large","max-video-preview":"max-video-preview:-1"},"canonical":"https:\/\/www.knowingyou.be\/nl\/temoignages\/","og_locale":"nl_BE","og_type":"article","og_title":"T\u00e9moignages - Knowing You","og_description":"Julie En plus d&rsquo;\u00eatre douce, gentille et attentionn\u00e9e, Severine fait preuve de beaucoup de professionnalisme et ses massages sont juste sensationnels. Julie Vanessa J&rsquo;ai eu l&rsquo;occasion de rencontrer S\u00e9verine suite \u00e0 la d\u00e9couverte du centre Equisant\u00e9 (en consultant ma nouvelle m\u00e9decin g\u00e9n\u00e9raliste, qui me l&rsquo;a conseill\u00e9) Je traversais une p\u00e9riode [&hellip;]","og_url":"https:\/\/www.knowingyou.be\/nl\/temoignages\/","og_site_name":"Knowing You","article_publisher":"https:\/\/www.facebook.com\/SeverineCauchie","article_modified_time":"2023-03-15T09:16:20+00:00","og_image":[{"url":"https:\/\/fonts.gstatic.com\/s\/e\/notoemoji\/14.0\/1f338\/32.png","type":"","width":"","height":""}],"twitter_card":"summary_large_image","twitter_misc":{"Geschatte leestijd":"6 minuten"},"schema":{"@context":"https:\/\/schema.org","@graph":[{"@type":"WebPage","@id":"https:\/\/www.knowingyou.be\/temoignages\/","url":"https:\/\/www.knowingyou.be\/temoignages\/","name":"T\u00e9moignages - Knowing You","isPartOf":{"@id":"https:\/\/www.knowingyou.be\/#website"},"primaryImageOfPage":{"@id":"https:\/\/www.knowingyou.be\/temoignages\/#primaryimage"},"image":{"@id":"https:\/\/www.knowingyou.be\/temoignages\/#primaryimage"},"thumbnailUrl":"https:\/\/fonts.gstatic.com\/s\/e\/notoemoji\/14.0\/1f338\/32.png","datePublished":"2021-11-28T13:21:36+00:00","dateModified":"2023-03-15T09:16:20+00:00","breadcrumb":{"@id":"https:\/\/www.knowingyou.be\/temoignages\/#breadcrumb"},"inLanguage":"nl-BE","potentialAction":[{"@type":"ReadAction","target":["https:\/\/www.knowingyou.be\/temoignages\/"]}]},{"@type":"ImageObject","inLanguage":"nl-BE","@id":"https:\/\/www.knowingyou.be\/temoignages\/#primaryimage","url":"https:\/\/fonts.gstatic.com\/s\/e\/notoemoji\/14.0\/1f338\/32.png","contentUrl":"https:\/\/fonts.gstatic.com\/s\/e\/notoemoji\/14.0\/1f338\/32.png"},{"@type":"BreadcrumbList","@id":"https:\/\/www.knowingyou.be\/temoignages\/#breadcrumb","itemListElement":[{"@type":"ListItem","position":1,"name":"Home","item":"https:\/\/www.knowingyou.be\/"},{"@type":"ListItem","position":2,"name":"T\u00e9moignages"}]},{"@type":"WebSite","@id":"https:\/\/www.knowingyou.be\/#website","url":"https:\/\/www.knowingyou.be\/","name":"Knowing You","description":"","publisher":{"@id":"https:\/\/www.knowingyou.be\/#organization"},"potentialAction":[{"@type":"SearchAction","target":{"@type":"EntryPoint","urlTemplate":"https:\/\/www.knowingyou.be\/?s={search_term_string}"},"query-input":{"@type":"PropertyValueSpecification","valueRequired":true,"valueName":"search_term_string"}}],"inLanguage":"nl-BE"},{"@type":"Organization","@id":"https:\/\/www.knowingyou.be\/#organization","name":"Knowing You","url":"https:\/\/www.knowingyou.be\/","logo":{"@type":"ImageObject","inLanguage":"nl-BE","@id":"https:\/\/www.knowingyou.be\/#\/schema\/logo\/image\/","url":"https:\/\/i2.wp.com\/www.knowingyou.be\/wp-content\/uploads\/2021\/12\/Copy-of-Copie-de-Copie-de-Ajouter-un-sous-titre.png?fit=500%2C500&ssl=1","contentUrl":"https:\/\/i2.wp.com\/www.knowingyou.be\/wp-content\/uploads\/2021\/12\/Copy-of-Copie-de-Copie-de-Ajouter-un-sous-titre.png?fit=500%2C500&ssl=1","width":500,"height":500,"caption":"Knowing You"},"image":{"@id":"https:\/\/www.knowingyou.be\/#\/schema\/logo\/image\/"},"sameAs":["https:\/\/www.facebook.com\/SeverineCauchie","https:\/\/www.linkedin.com\/in\/severinecauchie"]}]}},"jetpack_sharing_enabled":true,"_links":{"self":[{"href":"https:\/\/www.knowingyou.be\/nl\/wp-json\/wp\/v2\/pages\/192","targetHints":{"allow":["GET"]}}],"collection":[{"href":"https:\/\/www.knowingyou.be\/nl\/wp-json\/wp\/v2\/pages"}],"about":[{"href":"https:\/\/www.knowingyou.be\/nl\/wp-json\/wp\/v2\/types\/page"}],"author":[{"embeddable":true,"href":"https:\/\/www.knowingyou.be\/nl\/wp-json\/wp\/v2\/users\/1"}],"replies":[{"embeddable":true,"href":"https:\/\/www.knowingyou.be\/nl\/wp-json\/wp\/v2\/comments?post=192"}],"version-history":[{"count":6,"href":"https:\/\/www.knowingyou.be\/nl\/wp-json\/wp\/v2\/pages\/192\/revisions"}],"predecessor-version":[{"id":424,"href":"https:\/\/www.knowingyou.be\/nl\/wp-json\/wp\/v2\/pages\/192\/revisions\/424"}],"wp:attachment":[{"href":"https:\/\/www.knowingyou.be\/nl\/wp-json\/wp\/v2\/media?parent=192"}],"curies":[{"name":"wp","href":"https:\/\/api.w.org\/{rel}","templated":true}]}}