{"id":89,"date":"2021-10-29T14:28:51","date_gmt":"2021-10-29T14:28:51","guid":{"rendered":"https:\/\/www.knowingyou.be\/?page_id=89"},"modified":"2022-02-12T12:24:32","modified_gmt":"2022-02-12T12:24:32","slug":"home","status":"publish","type":"page","link":"https:\/\/www.knowingyou.be\/nl\/","title":{"rendered":"Home"},"content":{"rendered":"<br>\n\n\n\n<p class=\"has-text-align-center\"><em>Welkom op&nbsp;<a rel=\"noreferrer noopener\" href=\"http:\/\/www.knowingyou.be\/nl\/\" target=\"_blank\">www.knowingyou.be<\/a>&nbsp;!<\/em><\/p>\n\n\n\n<p class=\"has-text-align-center\"><em>Via deze berichten en een aantal foto's wil ik vooral mijn passie met u delen, maar ook uw nieuwsgierigheid opwekken om de coaching en therapeutische massages die ik u aanbied te ontdekken.<\/em><\/p>\n\n\n\n<p class=\"has-text-align-center\"><em>Ik kijk ernaar uit u te mogen verwelkomen in het centrum van uw keuze om samen deze reiservaring te delen!<\/em><\/p>\n\n\n\n<p class=\"has-text-align-center\"><em>S\u00e9verine<\/em><\/p>\n\n\n\n<br>\n\n\n\n<p><\/p>","protected":false},"excerpt":{"rendered":"<p>Je vous souhaite la bienvenue sur le site&nbsp;www.knowingyou.be&nbsp;! A travers ces \u00e9crits et quelques photos, je souhaite &#8211; avant tout &#8211; vous partager ma passion, mais \u00e9galement \u00e9veiller votre curiosit\u00e9 afin de d\u00e9couvrir le coaching et les massages th\u00e9rapeutiques que je vous propose. Au plaisir de vous accueillir dans le [&hellip;]<\/p>\n","protected":false},"author":1,"featured_media":82,"parent":0,"menu_order":0,"comment_status":"closed","ping_status":"closed","template":"","meta":{"footnotes":""},"class_list":["post-89","page","type-page","status-publish","has-post-thumbnail","hentry"],"yoast_head":"<!-- This site is optimized with the Yoast SEO plugin v24.5 - https:\/\/yoast.com\/wordpress\/plugins\/seo\/ -->\n<title>Home<\/title>\n<meta name=\"description\" content=\"A travers ces \u00e9crits et quelques photos, je souhaite \u2013 avant tout \u2013 vous partager ma passion, mais \u00e9galement \u00e9veiller votre curiosit\u00e9 afin de d\u00e9couvrir le coaching et les massages th\u00e9rapeutiques que je vous propose.\" \/>\n<meta name=\"robots\" content=\"index, follow, max-snippet:-1, max-image-preview:large, max-video-preview:-1\" \/>\n<link rel=\"canonical\" href=\"https:\/\/www.knowingyou.be\/nl\/\" \/>\n<meta property=\"og:locale\" content=\"nl_BE\" \/>\n<meta property=\"og:type\" content=\"article\" \/>\n<meta property=\"og:title\" content=\"Home\" \/>\n<meta property=\"og:description\" content=\"A travers ces \u00e9crits et quelques photos, je souhaite \u2013 avant tout \u2013 vous partager ma passion, mais \u00e9galement \u00e9veiller votre curiosit\u00e9 afin de d\u00e9couvrir le coaching et les massages th\u00e9rapeutiques que je vous propose.\" \/>\n<meta property=\"og:url\" content=\"https:\/\/www.knowingyou.be\/nl\/\" \/>\n<meta property=\"og:site_name\" content=\"Knowing You\" \/>\n<meta property=\"article:publisher\" content=\"https:\/\/www.facebook.com\/SeverineCauchie\" \/>\n<meta property=\"article:modified_time\" content=\"2022-02-12T12:24:32+00:00\" \/>\n<meta property=\"og:image\" content=\"https:\/\/www.knowingyou.be\/wp-content\/uploads\/2021\/10\/Severine_HD_17-scaled.jpg\" \/>\n\t<meta property=\"og:image:width\" content=\"2560\" \/>\n\t<meta property=\"og:image:height\" content=\"1707\" \/>\n\t<meta property=\"og:image:type\" content=\"image\/jpeg\" \/>\n<meta name=\"twitter:card\" content=\"summary_large_image\" \/>\n<meta name=\"twitter:label1\" content=\"Geschatte leestijd\" \/>\n\t<meta name=\"twitter:data1\" content=\"1 minuut\" \/>\n<script type=\"application\/ld+json\" class=\"yoast-schema-graph\">{\"@context\":\"https:\/\/schema.org\",\"@graph\":[{\"@type\":\"WebPage\",\"@id\":\"https:\/\/www.knowingyou.be\/\",\"url\":\"https:\/\/www.knowingyou.be\/\",\"name\":\"Home\",\"isPartOf\":{\"@id\":\"https:\/\/www.knowingyou.be\/#website\"},\"primaryImageOfPage\":{\"@id\":\"https:\/\/www.knowingyou.be\/#primaryimage\"},\"image\":{\"@id\":\"https:\/\/www.knowingyou.be\/#primaryimage\"},\"thumbnailUrl\":\"https:\/\/i0.wp.com\/www.knowingyou.be\/wp-content\/uploads\/2021\/10\/Severine_HD_17-scaled.jpg?fit=2560%2C1707&ssl=1\",\"datePublished\":\"2021-10-29T14:28:51+00:00\",\"dateModified\":\"2022-02-12T12:24:32+00:00\",\"description\":\"A travers ces \u00e9crits et quelques photos, je souhaite \u2013 avant tout \u2013 vous partager ma passion, mais \u00e9galement \u00e9veiller votre curiosit\u00e9 afin de d\u00e9couvrir le coaching et les massages th\u00e9rapeutiques que je vous propose.\",\"breadcrumb\":{\"@id\":\"https:\/\/www.knowingyou.be\/#breadcrumb\"},\"inLanguage\":\"nl-BE\",\"potentialAction\":[{\"@type\":\"ReadAction\",\"target\":[\"https:\/\/www.knowingyou.be\/\"]}]},{\"@type\":\"ImageObject\",\"inLanguage\":\"nl-BE\",\"@id\":\"https:\/\/www.knowingyou.be\/#primaryimage\",\"url\":\"https:\/\/i0.wp.com\/www.knowingyou.be\/wp-content\/uploads\/2021\/10\/Severine_HD_17-scaled.jpg?fit=2560%2C1707&ssl=1\",\"contentUrl\":\"https:\/\/i0.wp.com\/www.knowingyou.be\/wp-content\/uploads\/2021\/10\/Severine_HD_17-scaled.jpg?fit=2560%2C1707&ssl=1\",\"width\":2560,\"height\":1707,\"caption\":\"Office\"},{\"@type\":\"BreadcrumbList\",\"@id\":\"https:\/\/www.knowingyou.be\/#breadcrumb\",\"itemListElement\":[{\"@type\":\"ListItem\",\"position\":1,\"name\":\"Home\",\"item\":\"https:\/\/www.knowingyou.be\/\"},{\"@type\":\"ListItem\",\"position\":2,\"name\":\"Home\"}]},{\"@type\":\"WebSite\",\"@id\":\"https:\/\/www.knowingyou.be\/#website\",\"url\":\"https:\/\/www.knowingyou.be\/\",\"name\":\"Knowing You\",\"description\":\"\",\"publisher\":{\"@id\":\"https:\/\/www.knowingyou.be\/#organization\"},\"potentialAction\":[{\"@type\":\"SearchAction\",\"target\":{\"@type\":\"EntryPoint\",\"urlTemplate\":\"https:\/\/www.knowingyou.be\/?s={search_term_string}\"},\"query-input\":{\"@type\":\"PropertyValueSpecification\",\"valueRequired\":true,\"valueName\":\"search_term_string\"}}],\"inLanguage\":\"nl-BE\"},{\"@type\":\"Organization\",\"@id\":\"https:\/\/www.knowingyou.be\/#organization\",\"name\":\"Knowing You\",\"url\":\"https:\/\/www.knowingyou.be\/\",\"logo\":{\"@type\":\"ImageObject\",\"inLanguage\":\"nl-BE\",\"@id\":\"https:\/\/www.knowingyou.be\/#\/schema\/logo\/image\/\",\"url\":\"https:\/\/i2.wp.com\/www.knowingyou.be\/wp-content\/uploads\/2021\/12\/Copy-of-Copie-de-Copie-de-Ajouter-un-sous-titre.png?fit=500%2C500&ssl=1\",\"contentUrl\":\"https:\/\/i2.wp.com\/www.knowingyou.be\/wp-content\/uploads\/2021\/12\/Copy-of-Copie-de-Copie-de-Ajouter-un-sous-titre.png?fit=500%2C500&ssl=1\",\"width\":500,\"height\":500,\"caption\":\"Knowing You\"},\"image\":{\"@id\":\"https:\/\/www.knowingyou.be\/#\/schema\/logo\/image\/\"},\"sameAs\":[\"https:\/\/www.facebook.com\/SeverineCauchie\",\"https:\/\/www.linkedin.com\/in\/severinecauchie\"]}]}<\/script>\n<!-- \/ Yoast SEO plugin. -->","yoast_head_json":{"title":"Home","description":"A travers ces \u00e9crits et quelques photos, je souhaite \u2013 avant tout \u2013 vous partager ma passion, mais \u00e9galement \u00e9veiller votre curiosit\u00e9 afin de d\u00e9couvrir le coaching et les massages th\u00e9rapeutiques que je vous propose.","robots":{"index":"index","follow":"follow","max-snippet":"max-snippet:-1","max-image-preview":"max-image-preview:large","max-video-preview":"max-video-preview:-1"},"canonical":"https:\/\/www.knowingyou.be\/nl\/","og_locale":"nl_BE","og_type":"article","og_title":"Home","og_description":"A travers ces \u00e9crits et quelques photos, je souhaite \u2013 avant tout \u2013 vous partager ma passion, mais \u00e9galement \u00e9veiller votre curiosit\u00e9 afin de d\u00e9couvrir le coaching et les massages th\u00e9rapeutiques que je vous propose.","og_url":"https:\/\/www.knowingyou.be\/nl\/","og_site_name":"Knowing You","article_publisher":"https:\/\/www.facebook.com\/SeverineCauchie","article_modified_time":"2022-02-12T12:24:32+00:00","og_image":[{"width":2560,"height":1707,"url":"https:\/\/www.knowingyou.be\/wp-content\/uploads\/2021\/10\/Severine_HD_17-scaled.jpg","type":"image\/jpeg"}],"twitter_card":"summary_large_image","twitter_misc":{"Geschatte leestijd":"1 minuut"},"schema":{"@context":"https:\/\/schema.org","@graph":[{"@type":"WebPage","@id":"https:\/\/www.knowingyou.be\/","url":"https:\/\/www.knowingyou.be\/","name":"Home","isPartOf":{"@id":"https:\/\/www.knowingyou.be\/#website"},"primaryImageOfPage":{"@id":"https:\/\/www.knowingyou.be\/#primaryimage"},"image":{"@id":"https:\/\/www.knowingyou.be\/#primaryimage"},"thumbnailUrl":"https:\/\/i0.wp.com\/www.knowingyou.be\/wp-content\/uploads\/2021\/10\/Severine_HD_17-scaled.jpg?fit=2560%2C1707&ssl=1","datePublished":"2021-10-29T14:28:51+00:00","dateModified":"2022-02-12T12:24:32+00:00","description":"A travers ces \u00e9crits et quelques photos, je souhaite \u2013 avant tout \u2013 vous partager ma passion, mais \u00e9galement \u00e9veiller votre curiosit\u00e9 afin de d\u00e9couvrir le coaching et les massages th\u00e9rapeutiques que je vous propose.","breadcrumb":{"@id":"https:\/\/www.knowingyou.be\/#breadcrumb"},"inLanguage":"nl-BE","potentialAction":[{"@type":"ReadAction","target":["https:\/\/www.knowingyou.be\/"]}]},{"@type":"ImageObject","inLanguage":"nl-BE","@id":"https:\/\/www.knowingyou.be\/#primaryimage","url":"https:\/\/i0.wp.com\/www.knowingyou.be\/wp-content\/uploads\/2021\/10\/Severine_HD_17-scaled.jpg?fit=2560%2C1707&ssl=1","contentUrl":"https:\/\/i0.wp.com\/www.knowingyou.be\/wp-content\/uploads\/2021\/10\/Severine_HD_17-scaled.jpg?fit=2560%2C1707&ssl=1","width":2560,"height":1707,"caption":"Office"},{"@type":"BreadcrumbList","@id":"https:\/\/www.knowingyou.be\/#breadcrumb","itemListElement":[{"@type":"ListItem","position":1,"name":"Home","item":"https:\/\/www.knowingyou.be\/"},{"@type":"ListItem","position":2,"name":"Home"}]},{"@type":"WebSite","@id":"https:\/\/www.knowingyou.be\/#website","url":"https:\/\/www.knowingyou.be\/","name":"Knowing You","description":"","publisher":{"@id":"https:\/\/www.knowingyou.be\/#organization"},"potentialAction":[{"@type":"SearchAction","target":{"@type":"EntryPoint","urlTemplate":"https:\/\/www.knowingyou.be\/?s={search_term_string}"},"query-input":{"@type":"PropertyValueSpecification","valueRequired":true,"valueName":"search_term_string"}}],"inLanguage":"nl-BE"},{"@type":"Organization","@id":"https:\/\/www.knowingyou.be\/#organization","name":"Knowing You","url":"https:\/\/www.knowingyou.be\/","logo":{"@type":"ImageObject","inLanguage":"nl-BE","@id":"https:\/\/www.knowingyou.be\/#\/schema\/logo\/image\/","url":"https:\/\/i2.wp.com\/www.knowingyou.be\/wp-content\/uploads\/2021\/12\/Copy-of-Copie-de-Copie-de-Ajouter-un-sous-titre.png?fit=500%2C500&ssl=1","contentUrl":"https:\/\/i2.wp.com\/www.knowingyou.be\/wp-content\/uploads\/2021\/12\/Copy-of-Copie-de-Copie-de-Ajouter-un-sous-titre.png?fit=500%2C500&ssl=1","width":500,"height":500,"caption":"Knowing You"},"image":{"@id":"https:\/\/www.knowingyou.be\/#\/schema\/logo\/image\/"},"sameAs":["https:\/\/www.facebook.com\/SeverineCauchie","https:\/\/www.linkedin.com\/in\/severinecauchie"]}]}},"jetpack_sharing_enabled":true,"_links":{"self":[{"href":"https:\/\/www.knowingyou.be\/nl\/wp-json\/wp\/v2\/pages\/89","targetHints":{"allow":["GET"]}}],"collection":[{"href":"https:\/\/www.knowingyou.be\/nl\/wp-json\/wp\/v2\/pages"}],"about":[{"href":"https:\/\/www.knowingyou.be\/nl\/wp-json\/wp\/v2\/types\/page"}],"author":[{"embeddable":true,"href":"https:\/\/www.knowingyou.be\/nl\/wp-json\/wp\/v2\/users\/1"}],"replies":[{"embeddable":true,"href":"https:\/\/www.knowingyou.be\/nl\/wp-json\/wp\/v2\/comments?post=89"}],"version-history":[{"count":8,"href":"https:\/\/www.knowingyou.be\/nl\/wp-json\/wp\/v2\/pages\/89\/revisions"}],"predecessor-version":[{"id":385,"href":"https:\/\/www.knowingyou.be\/nl\/wp-json\/wp\/v2\/pages\/89\/revisions\/385"}],"wp:featuredmedia":[{"embeddable":true,"href":"https:\/\/www.knowingyou.be\/nl\/wp-json\/wp\/v2\/media\/82"}],"wp:attachment":[{"href":"https:\/\/www.knowingyou.be\/nl\/wp-json\/wp\/v2\/media?parent=89"}],"curies":[{"name":"wp","href":"https:\/\/api.w.org\/{rel}","templated":true}]}}